{"id":686,"date":"2015-12-23T14:13:07","date_gmt":"2015-12-23T13:13:07","guid":{"rendered":"http:\/\/premiumbuero.de\/wp-pellens-hortensien\/?post_type=product&#038;p=686"},"modified":"2024-07-01T21:23:31","modified_gmt":"2024-07-01T19:23:31","slug":"red-angels","status":"publish","type":"product","link":"https:\/\/www.pellens-hortensien.de\/en\/product-en\/red-angels\/","title":{"rendered":"Red Angel"},"content":{"rendered":"<div id=\"stcpDiv\">\n<div id=\"stcpDiv\">\n<div>Wuchs: Medium<\/div>\n<div>Bl\u00fcte:\u00a0\u00a0\u00a0 Rote Ballhortensie<br \/>\nBesonderheit: dunkel-rotgr\u00fcne Bl\u00e4tter mit markanten Blattadern<\/div>\n<div>\n<p>Endh\u00f6he: 1 bis 1,5 Meter<\/p>\n<p>Start: KW 52<br \/>\nTreibdauer: ca. 11 Wochen<br \/>\n<strong>Auch f\u00fcr Containerproduktion.<\/strong><\/p>\n<\/div>\n<\/div>\n<\/div>\n","protected":false},"excerpt":{"rendered":"<p>Wuchs: Medium Bl\u00fcte:\u00a0\u00a0\u00a0 Rote Ballhortensie Besonderheit: dunkel-rotgr\u00fcne Bl\u00e4tter mit markanten Blattadern Endh\u00f6he: 1 bis 1,5 Meter Start: KW 52 Treibdauer: ca. 11 Wochen Auch f\u00fcr Containerproduktion.<\/p>\n","protected":false},"featured_media":1142,"template":"","meta":{"kt_blocks_editor_width":"","_kad_blocks_custom_css":"","_kad_blocks_head_custom_js":"","_kad_blocks_body_custom_js":"","_kad_blocks_footer_custom_js":""},"product_brand":[],"product_cat":[29,13,26],"product_tag":[1411,1412,1428,1387,739,754,740,1419,1424,741,744,1389,1427,44,45],"class_list":{"0":"post-686","1":"product","2":"type-product","3":"status-publish","4":"has-post-thumbnail","6":"product_cat-special","7":"product_cat-hortensia","8":"product_cat-rot","9":"product_tag-ballhortensie","10":"product_tag-bauernhortensie","11":"product_tag-dunkle-blaetter","12":"product_tag-hortensia","13":"product_tag-hortensie","14":"product_tag-hortensiensorten","15":"product_tag-hydrangea","16":"product_tag-knallrot","17":"product_tag-kraeftig-rot","18":"product_tag-macrophylla","19":"product_tag-pellens","20":"product_tag-red-2","21":"product_tag-red-angel","22":"product_tag-rot","23":"product_tag-special","24":"pa_liefer-kw-kw01","25":"pa_liefer-kw-kw02","26":"pa_liefer-kw-kw03","27":"pa_liefer-kw-kw04","28":"pa_liefer-kw-kw05","29":"pa_liefer-kw-kw06","30":"pa_liefer-kw-kw07","31":"pa_liefer-kw-kw08","32":"pa_liefer-kw-kw09","33":"pa_liefer-kw-kw10","34":"pa_liefer-kw-kw11","35":"pa_liefer-kw-kw12","36":"pa_liefer-kw-kw13","37":"pa_liefer-kw-kw14","38":"pa_liefer-kw-kw15","39":"pa_liefer-kw-kw16","40":"pa_liefer-kw-kw17","41":"pa_liefer-kw-kw18","42":"pa_liefer-kw-kw19","43":"pa_liefer-kw-kw20","44":"pa_liefer-kw-kw21","45":"pa_liefer-kw-kw22","46":"pa_liefer-kw-kw23","47":"pa_liefer-kw-kw24","48":"pa_liefer-kw-kw25","49":"pa_liefer-kw-kw26","50":"pa_liefer-kw-kw27","51":"pa_liefer-kw-kw28","52":"pa_liefer-kw-kw29","53":"pa_liefer-kw-kw30","54":"pa_liefer-kw-kw31","55":"pa_liefer-kw-kw32","56":"pa_liefer-kw-kw33","57":"pa_liefer-kw-kw34","58":"pa_liefer-kw-kw35","59":"pa_liefer-kw-kw36","60":"pa_liefer-kw-kw37","61":"pa_liefer-kw-kw38","62":"pa_liefer-kw-kw39","63":"pa_liefer-kw-kw40","64":"pa_liefer-kw-kw41","65":"pa_liefer-kw-kw42","66":"pa_liefer-kw-kw43","67":"pa_liefer-kw-kw44","68":"pa_liefer-kw-kw45","69":"pa_liefer-kw-kw46","70":"pa_liefer-kw-kw47","71":"pa_liefer-kw-kw48","72":"pa_liefer-kw-kw49","73":"pa_liefer-kw-kw50","74":"pa_liefer-kw-kw51","75":"pa_liefer-kw-kw52","76":"pa_produktform-c-20-20","77":"pa_produktform-c-47-30","78":"pa_produktform-t-14-5","79":"pa_produktform-t-14-7","80":"pa_wuchs-wuchs-medium","82":"first","83":"instock","84":"taxable","85":"shipping-taxable","86":"purchasable","87":"product-type-variable"},"yoast_head":"<!-- This site is optimized with the Yoast SEO plugin v27.4 - https:\/\/yoast.com\/product\/yoast-seo-wordpress\/ -->\n<title>Red Angel - Pellens Hortensien<\/title>\n<meta name=\"description\" content=\"Red Angel ist eine rote Ballhortensie mit au\u00dfergew\u00f6hnlich dunklem Laub. Die Bauernhortensie (Hydrangea macrophylla) mag Halbschatten.\" \/>\n<meta name=\"robots\" content=\"index, follow, max-snippet:-1, max-image-preview:large, max-video-preview:-1\" \/>\n<link rel=\"canonical\" href=\"https:\/\/www.pellens-hortensien.de\/en\/product-en\/red-angels\/\" \/>\n<meta name=\"twitter:label1\" content=\"Est. reading time\" \/>\n\t<meta name=\"twitter:data1\" content=\"1 minute\" \/>\n<script type=\"application\/ld+json\" class=\"yoast-schema-graph\">{\"@context\":\"https:\\\/\\\/schema.org\",\"@graph\":[{\"@type\":\"WebPage\",\"@id\":\"https:\\\/\\\/www.pellens-hortensien.de\\\/en\\\/product-en\\\/red-angels\\\/\",\"url\":\"https:\\\/\\\/www.pellens-hortensien.de\\\/en\\\/product-en\\\/red-angels\\\/\",\"name\":\"Red Angel - Pellens Hortensien\",\"isPartOf\":{\"@id\":\"https:\\\/\\\/www.pellens-hortensien.de\\\/en\\\/#website\"},\"primaryImageOfPage\":{\"@id\":\"https:\\\/\\\/www.pellens-hortensien.de\\\/en\\\/product-en\\\/red-angels\\\/#primaryimage\"},\"image\":{\"@id\":\"https:\\\/\\\/www.pellens-hortensien.de\\\/en\\\/product-en\\\/red-angels\\\/#primaryimage\"},\"thumbnailUrl\":\"https:\\\/\\\/www.pellens-hortensien.de\\\/wp-content\\\/uploads\\\/2015\\\/12\\\/hort-red-Red-Angel-1-00006.png\",\"datePublished\":\"2015-12-23T13:13:07+00:00\",\"dateModified\":\"2024-07-01T19:23:31+00:00\",\"description\":\"Red Angel ist eine rote Ballhortensie mit au\u00dfergew\u00f6hnlich dunklem Laub. Die Bauernhortensie (Hydrangea macrophylla) mag Halbschatten.\",\"breadcrumb\":{\"@id\":\"https:\\\/\\\/www.pellens-hortensien.de\\\/en\\\/product-en\\\/red-angels\\\/#breadcrumb\"},\"inLanguage\":\"en-US\",\"potentialAction\":[{\"@type\":\"ReadAction\",\"target\":[\"https:\\\/\\\/www.pellens-hortensien.de\\\/en\\\/product-en\\\/red-angels\\\/\"]}]},{\"@type\":\"ImageObject\",\"inLanguage\":\"en-US\",\"@id\":\"https:\\\/\\\/www.pellens-hortensien.de\\\/en\\\/product-en\\\/red-angels\\\/#primaryimage\",\"url\":\"https:\\\/\\\/www.pellens-hortensien.de\\\/wp-content\\\/uploads\\\/2015\\\/12\\\/hort-red-Red-Angel-1-00006.png\",\"contentUrl\":\"https:\\\/\\\/www.pellens-hortensien.de\\\/wp-content\\\/uploads\\\/2015\\\/12\\\/hort-red-Red-Angel-1-00006.png\",\"width\":600,\"height\":600,\"caption\":\"Red Angel(s) Oben\"},{\"@type\":\"BreadcrumbList\",\"@id\":\"https:\\\/\\\/www.pellens-hortensien.de\\\/en\\\/product-en\\\/red-angels\\\/#breadcrumb\",\"itemListElement\":[{\"@type\":\"ListItem\",\"position\":1,\"name\":\"Home\",\"item\":\"https:\\\/\\\/www.pellens-hortensien.de\\\/en\\\/\"},{\"@type\":\"ListItem\",\"position\":2,\"name\":\"Interaktive Sortimentsliste\",\"item\":\"https:\\\/\\\/www.pellens-hortensien.de\\\/sortiment-interaktiv\\\/\"},{\"@type\":\"ListItem\",\"position\":3,\"name\":\"Red Angel\"}]},{\"@type\":\"WebSite\",\"@id\":\"https:\\\/\\\/www.pellens-hortensien.de\\\/en\\\/#website\",\"url\":\"https:\\\/\\\/www.pellens-hortensien.de\\\/en\\\/\",\"name\":\"Pellens Hortensien\",\"description\":\"Ihr Hortensienspezialist vom Niederrhein\",\"publisher\":{\"@id\":\"https:\\\/\\\/www.pellens-hortensien.de\\\/en\\\/#organization\"},\"potentialAction\":[{\"@type\":\"SearchAction\",\"target\":{\"@type\":\"EntryPoint\",\"urlTemplate\":\"https:\\\/\\\/www.pellens-hortensien.de\\\/en\\\/?s={search_term_string}\"},\"query-input\":{\"@type\":\"PropertyValueSpecification\",\"valueRequired\":true,\"valueName\":\"search_term_string\"}}],\"inLanguage\":\"en-US\"},{\"@type\":\"Organization\",\"@id\":\"https:\\\/\\\/www.pellens-hortensien.de\\\/en\\\/#organization\",\"name\":\"Pellens GmbH\",\"url\":\"https:\\\/\\\/www.pellens-hortensien.de\\\/en\\\/\",\"logo\":{\"@type\":\"ImageObject\",\"inLanguage\":\"en-US\",\"@id\":\"https:\\\/\\\/www.pellens-hortensien.de\\\/en\\\/#\\\/schema\\\/logo\\\/image\\\/\",\"url\":\"https:\\\/\\\/www.pellens-hortensien.de\\\/wp-content\\\/uploads\\\/2015\\\/11\\\/logo_pellens_690_200.png\",\"contentUrl\":\"https:\\\/\\\/www.pellens-hortensien.de\\\/wp-content\\\/uploads\\\/2015\\\/11\\\/logo_pellens_690_200.png\",\"width\":690,\"height\":200,\"caption\":\"Pellens GmbH\"},\"image\":{\"@id\":\"https:\\\/\\\/www.pellens-hortensien.de\\\/en\\\/#\\\/schema\\\/logo\\\/image\\\/\"},\"sameAs\":[\"https:\\\/\\\/www.facebook.com\\\/Hortensia4U\\\/\",\"https:\\\/\\\/x.com\\\/Hortensia4U\",\"https:\\\/\\\/www.instagram.com\\\/Hortensia4U\\\/\",\"https:\\\/\\\/www.youtube.com\\\/user\\\/Hortensia4U\"]}]}<\/script>\n<!-- \/ Yoast SEO plugin. -->","yoast_head_json":{"title":"Red Angel - Pellens Hortensien","description":"Red Angel ist eine rote Ballhortensie mit au\u00dfergew\u00f6hnlich dunklem Laub. Die Bauernhortensie (Hydrangea macrophylla) mag Halbschatten.","robots":{"index":"index","follow":"follow","max-snippet":"max-snippet:-1","max-image-preview":"max-image-preview:large","max-video-preview":"max-video-preview:-1"},"canonical":"https:\/\/www.pellens-hortensien.de\/en\/product-en\/red-angels\/","twitter_misc":{"Est. reading time":"1 minute"},"schema":{"@context":"https:\/\/schema.org","@graph":[{"@type":"WebPage","@id":"https:\/\/www.pellens-hortensien.de\/en\/product-en\/red-angels\/","url":"https:\/\/www.pellens-hortensien.de\/en\/product-en\/red-angels\/","name":"Red Angel - Pellens Hortensien","isPartOf":{"@id":"https:\/\/www.pellens-hortensien.de\/en\/#website"},"primaryImageOfPage":{"@id":"https:\/\/www.pellens-hortensien.de\/en\/product-en\/red-angels\/#primaryimage"},"image":{"@id":"https:\/\/www.pellens-hortensien.de\/en\/product-en\/red-angels\/#primaryimage"},"thumbnailUrl":"https:\/\/www.pellens-hortensien.de\/wp-content\/uploads\/2015\/12\/hort-red-Red-Angel-1-00006.png","datePublished":"2015-12-23T13:13:07+00:00","dateModified":"2024-07-01T19:23:31+00:00","description":"Red Angel ist eine rote Ballhortensie mit au\u00dfergew\u00f6hnlich dunklem Laub. Die Bauernhortensie (Hydrangea macrophylla) mag Halbschatten.","breadcrumb":{"@id":"https:\/\/www.pellens-hortensien.de\/en\/product-en\/red-angels\/#breadcrumb"},"inLanguage":"en-US","potentialAction":[{"@type":"ReadAction","target":["https:\/\/www.pellens-hortensien.de\/en\/product-en\/red-angels\/"]}]},{"@type":"ImageObject","inLanguage":"en-US","@id":"https:\/\/www.pellens-hortensien.de\/en\/product-en\/red-angels\/#primaryimage","url":"https:\/\/www.pellens-hortensien.de\/wp-content\/uploads\/2015\/12\/hort-red-Red-Angel-1-00006.png","contentUrl":"https:\/\/www.pellens-hortensien.de\/wp-content\/uploads\/2015\/12\/hort-red-Red-Angel-1-00006.png","width":600,"height":600,"caption":"Red Angel(s) Oben"},{"@type":"BreadcrumbList","@id":"https:\/\/www.pellens-hortensien.de\/en\/product-en\/red-angels\/#breadcrumb","itemListElement":[{"@type":"ListItem","position":1,"name":"Home","item":"https:\/\/www.pellens-hortensien.de\/en\/"},{"@type":"ListItem","position":2,"name":"Interaktive Sortimentsliste","item":"https:\/\/www.pellens-hortensien.de\/sortiment-interaktiv\/"},{"@type":"ListItem","position":3,"name":"Red Angel"}]},{"@type":"WebSite","@id":"https:\/\/www.pellens-hortensien.de\/en\/#website","url":"https:\/\/www.pellens-hortensien.de\/en\/","name":"Pellens Hortensien","description":"Ihr Hortensienspezialist vom Niederrhein","publisher":{"@id":"https:\/\/www.pellens-hortensien.de\/en\/#organization"},"potentialAction":[{"@type":"SearchAction","target":{"@type":"EntryPoint","urlTemplate":"https:\/\/www.pellens-hortensien.de\/en\/?s={search_term_string}"},"query-input":{"@type":"PropertyValueSpecification","valueRequired":true,"valueName":"search_term_string"}}],"inLanguage":"en-US"},{"@type":"Organization","@id":"https:\/\/www.pellens-hortensien.de\/en\/#organization","name":"Pellens GmbH","url":"https:\/\/www.pellens-hortensien.de\/en\/","logo":{"@type":"ImageObject","inLanguage":"en-US","@id":"https:\/\/www.pellens-hortensien.de\/en\/#\/schema\/logo\/image\/","url":"https:\/\/www.pellens-hortensien.de\/wp-content\/uploads\/2015\/11\/logo_pellens_690_200.png","contentUrl":"https:\/\/www.pellens-hortensien.de\/wp-content\/uploads\/2015\/11\/logo_pellens_690_200.png","width":690,"height":200,"caption":"Pellens GmbH"},"image":{"@id":"https:\/\/www.pellens-hortensien.de\/en\/#\/schema\/logo\/image\/"},"sameAs":["https:\/\/www.facebook.com\/Hortensia4U\/","https:\/\/x.com\/Hortensia4U","https:\/\/www.instagram.com\/Hortensia4U\/","https:\/\/www.youtube.com\/user\/Hortensia4U"]}]}},"taxonomy_info":{"product_cat":[{"value":29,"label":"Besondere Sorten"},{"value":13,"label":"Hortensia"},{"value":26,"label":"Rote Sorten"}],"product_tag":[{"value":1411,"label":"Ballhortensie"},{"value":1412,"label":"Bauernhortensie"},{"value":1428,"label":"dunkle Bl\u00e4tter"},{"value":1387,"label":"Hortensia"},{"value":739,"label":"Hortensie"},{"value":754,"label":"Hortensiensorten"},{"value":740,"label":"Hydrangea"},{"value":1419,"label":"knallrot"},{"value":1424,"label":"kr\u00e4ftig rot"},{"value":741,"label":"macrophylla"},{"value":744,"label":"Pellens"},{"value":1389,"label":"Red"},{"value":1427,"label":"Red Angel"},{"value":44,"label":"Rot"},{"value":45,"label":"Special"}],"pa_liefer-kw":[{"value":99,"label":"KW01"},{"value":100,"label":"KW02"},{"value":101,"label":"KW03"},{"value":102,"label":"KW04"},{"value":103,"label":"KW05"},{"value":104,"label":"KW06"},{"value":105,"label":"KW07"},{"value":106,"label":"KW08"},{"value":107,"label":"KW09"},{"value":108,"label":"KW10"},{"value":109,"label":"KW11"},{"value":110,"label":"KW12"},{"value":111,"label":"KW13"},{"value":112,"label":"KW14"},{"value":113,"label":"KW15"},{"value":114,"label":"KW16"},{"value":115,"label":"KW17"},{"value":116,"label":"KW18"},{"value":117,"label":"KW19"},{"value":118,"label":"KW20"},{"value":119,"label":"KW21"},{"value":120,"label":"KW22"},{"value":121,"label":"KW23"},{"value":122,"label":"KW24"},{"value":123,"label":"KW25"},{"value":124,"label":"KW26"},{"value":125,"label":"KW27"},{"value":126,"label":"KW28"},{"value":127,"label":"KW29"},{"value":128,"label":"KW30"},{"value":129,"label":"KW31"},{"value":130,"label":"KW32"},{"value":131,"label":"KW33"},{"value":132,"label":"KW34"},{"value":133,"label":"KW35"},{"value":134,"label":"KW36"},{"value":135,"label":"KW37"},{"value":136,"label":"KW38"},{"value":137,"label":"KW39"},{"value":138,"label":"KW40"},{"value":139,"label":"KW41"},{"value":140,"label":"KW42"},{"value":141,"label":"KW43"},{"value":142,"label":"KW44"},{"value":143,"label":"KW45"},{"value":144,"label":"KW46"},{"value":145,"label":"KW47"},{"value":146,"label":"KW48"},{"value":147,"label":"KW49"},{"value":148,"label":"KW50"},{"value":149,"label":"KW51"},{"value":150,"label":"KW52"}],"pa_produktform":[{"value":37,"label":"C-20\/ 20+ (15 Stk. per CC)"},{"value":38,"label":"C-47\/ 30+ (4 Stk. per CC)"},{"value":33,"label":"T-14\/ 5+ (320 Stk. per CC)"},{"value":34,"label":"T-14\/ 7+ (320 Stk. per CC)"}],"pa_wuchs":[{"value":1215,"label":"Wuchs medium"}]},"featured_image_src_large":["https:\/\/www.pellens-hortensien.de\/wp-content\/uploads\/2015\/12\/hort-red-Red-Angel-1-00006.png",600,600,false],"author_info":[],"comment_info":"","_links":{"self":[{"href":"https:\/\/www.pellens-hortensien.de\/en\/wp-json\/wp\/v2\/product\/686","targetHints":{"allow":["GET"]}}],"collection":[{"href":"https:\/\/www.pellens-hortensien.de\/en\/wp-json\/wp\/v2\/product"}],"about":[{"href":"https:\/\/www.pellens-hortensien.de\/en\/wp-json\/wp\/v2\/types\/product"}],"wp:featuredmedia":[{"embeddable":true,"href":"https:\/\/www.pellens-hortensien.de\/en\/wp-json\/wp\/v2\/media\/1142"}],"wp:attachment":[{"href":"https:\/\/www.pellens-hortensien.de\/en\/wp-json\/wp\/v2\/media?parent=686"}],"wp:term":[{"taxonomy":"product_brand","embeddable":true,"href":"https:\/\/www.pellens-hortensien.de\/en\/wp-json\/wp\/v2\/product_brand?post=686"},{"taxonomy":"product_cat","embeddable":true,"href":"https:\/\/www.pellens-hortensien.de\/en\/wp-json\/wp\/v2\/product_cat?post=686"},{"taxonomy":"product_tag","embeddable":true,"href":"https:\/\/www.pellens-hortensien.de\/en\/wp-json\/wp\/v2\/product_tag?post=686"}],"curies":[{"name":"wp","href":"https:\/\/api.w.org\/{rel}","templated":true}]}}