{"id":536,"date":"2015-12-23T13:22:12","date_gmt":"2015-12-23T12:22:12","guid":{"rendered":"http:\/\/premiumbuero.de\/wp-pellens-hortensien\/?post_type=product&#038;p=536"},"modified":"2025-11-04T10:17:40","modified_gmt":"2025-11-04T09:17:40","slug":"hot-reds-lila","status":"publish","type":"product","link":"https:\/\/www.pellens-hortensien.de\/en\/product-en\/hot-reds-lila\/","title":{"rendered":"Hot Red (s) Lila"},"content":{"rendered":"<p>Wuchs: kompakt<br \/>\nBl\u00fcte: dunkel lilafarbene Ballhortensie<br \/>\nEndh\u00f6he: ca. 1 Meter<\/p>\n<p>Start: KW 2<br \/>\nTreibdauer: ca. 10 Wochen<\/p>\n","protected":false},"excerpt":{"rendered":"<p>Wuchs: kompakt Bl\u00fcte: dunkel lilafarbene Ballhortensie Endh\u00f6he: ca. 1 Meter Start: KW 2 Treibdauer: ca. 10 Wochen<\/p>\n","protected":false},"featured_media":1109,"template":"","meta":{"kt_blocks_editor_width":"","_kad_blocks_custom_css":"","_kad_blocks_head_custom_js":"","_kad_blocks_body_custom_js":"","_kad_blocks_footer_custom_js":""},"product_brand":[],"product_cat":[25,13],"product_tag":[1411,1412,43,1391,1458,1454,1455,1460,1387,739,754,740,1459,741,744,1399],"class_list":{"0":"post-536","1":"product","2":"type-product","3":"status-publish","4":"has-post-thumbnail","6":"product_cat-blau","7":"product_cat-hortensia","8":"product_tag-ballhortensie","9":"product_tag-bauernhortensie","10":"product_tag-blau","11":"product_tag-blue-2","12":"product_tag-dark-purple","13":"product_tag-dunkel-lila","14":"product_tag-dunkellila","15":"product_tag-fuer-toepfe","16":"product_tag-hortensia","17":"product_tag-hortensie","18":"product_tag-hortensiensorten","19":"product_tag-hydrangea","20":"product_tag-kleine-hortensie","21":"product_tag-macrophylla","22":"product_tag-pellens","23":"product_tag-purple-2","24":"pa_liefer-kw-kw01","25":"pa_liefer-kw-kw02","26":"pa_liefer-kw-kw03","27":"pa_liefer-kw-kw04","28":"pa_liefer-kw-kw05","29":"pa_liefer-kw-kw06","30":"pa_liefer-kw-kw07","31":"pa_liefer-kw-kw08","32":"pa_liefer-kw-kw09","33":"pa_liefer-kw-kw10","34":"pa_liefer-kw-kw11","35":"pa_liefer-kw-kw12","36":"pa_liefer-kw-kw13","37":"pa_liefer-kw-kw14","38":"pa_liefer-kw-kw15","39":"pa_liefer-kw-kw16","40":"pa_liefer-kw-kw17","41":"pa_liefer-kw-kw18","42":"pa_liefer-kw-kw19","43":"pa_liefer-kw-kw20","44":"pa_liefer-kw-kw21","45":"pa_liefer-kw-kw22","46":"pa_liefer-kw-kw23","47":"pa_liefer-kw-kw24","48":"pa_liefer-kw-kw25","49":"pa_liefer-kw-kw26","50":"pa_liefer-kw-kw27","51":"pa_liefer-kw-kw28","52":"pa_liefer-kw-kw29","53":"pa_liefer-kw-kw30","54":"pa_liefer-kw-kw31","55":"pa_liefer-kw-kw32","56":"pa_liefer-kw-kw33","57":"pa_liefer-kw-kw34","58":"pa_liefer-kw-kw35","59":"pa_liefer-kw-kw36","60":"pa_liefer-kw-kw37","61":"pa_liefer-kw-kw38","62":"pa_liefer-kw-kw39","63":"pa_liefer-kw-kw40","64":"pa_liefer-kw-kw41","65":"pa_liefer-kw-kw42","66":"pa_liefer-kw-kw43","67":"pa_liefer-kw-kw44","68":"pa_liefer-kw-kw45","69":"pa_liefer-kw-kw46","70":"pa_liefer-kw-kw47","71":"pa_liefer-kw-kw48","72":"pa_liefer-kw-kw49","73":"pa_liefer-kw-kw50","74":"pa_liefer-kw-kw51","75":"pa_liefer-kw-kw52","76":"pa_produktform-t-14-5","77":"pa_produktform-t-14-7","78":"pa_verwendung-verwendung-zimmerpflanze","79":"pa_wuchs-wuchs-kompakt","81":"first","82":"instock","83":"taxable","84":"shipping-taxable","85":"purchasable","86":"product-type-variable"},"yoast_head":"<!-- This site is optimized with the Yoast SEO plugin v27.5 - https:\/\/yoast.com\/product\/yoast-seo-wordpress\/ -->\n<title>Hot Red (s) Lila - Pellens Hortensien<\/title>\n<meta name=\"description\" content=\"Hot Red lila geh\u00f6rt zu den dunkelsten lila Ballhortensien. Die Bauernhortensie (Hydrangea macrophylla) ist Ideal f\u00fcr T\u00f6pfe, da sie recht klein bleibt.\" \/>\n<meta name=\"robots\" content=\"index, follow, max-snippet:-1, max-image-preview:large, max-video-preview:-1\" \/>\n<link rel=\"canonical\" href=\"https:\/\/www.pellens-hortensien.de\/en\/product-en\/hot-reds-lila\/\" \/>\n<meta name=\"twitter:label1\" content=\"Est. reading time\" \/>\n\t<meta name=\"twitter:data1\" content=\"1 minute\" \/>\n<script type=\"application\/ld+json\" class=\"yoast-schema-graph\">{\"@context\":\"https:\\\/\\\/schema.org\",\"@graph\":[{\"@type\":\"WebPage\",\"@id\":\"https:\\\/\\\/www.pellens-hortensien.de\\\/en\\\/product-en\\\/hot-reds-lila\\\/\",\"url\":\"https:\\\/\\\/www.pellens-hortensien.de\\\/en\\\/product-en\\\/hot-reds-lila\\\/\",\"name\":\"Hot Red (s) Lila - Pellens Hortensien\",\"isPartOf\":{\"@id\":\"https:\\\/\\\/www.pellens-hortensien.de\\\/en\\\/#website\"},\"primaryImageOfPage\":{\"@id\":\"https:\\\/\\\/www.pellens-hortensien.de\\\/en\\\/product-en\\\/hot-reds-lila\\\/#primaryimage\"},\"image\":{\"@id\":\"https:\\\/\\\/www.pellens-hortensien.de\\\/en\\\/product-en\\\/hot-reds-lila\\\/#primaryimage\"},\"thumbnailUrl\":\"https:\\\/\\\/www.pellens-hortensien.de\\\/wp-content\\\/uploads\\\/2015\\\/12\\\/hort-blue-Hot-Red-lila-023840.png\",\"datePublished\":\"2015-12-23T12:22:12+00:00\",\"dateModified\":\"2025-11-04T09:17:40+00:00\",\"description\":\"Hot Red lila geh\u00f6rt zu den dunkelsten lila Ballhortensien. Die Bauernhortensie (Hydrangea macrophylla) ist Ideal f\u00fcr T\u00f6pfe, da sie recht klein bleibt.\",\"breadcrumb\":{\"@id\":\"https:\\\/\\\/www.pellens-hortensien.de\\\/en\\\/product-en\\\/hot-reds-lila\\\/#breadcrumb\"},\"inLanguage\":\"en-US\",\"potentialAction\":[{\"@type\":\"ReadAction\",\"target\":[\"https:\\\/\\\/www.pellens-hortensien.de\\\/en\\\/product-en\\\/hot-reds-lila\\\/\"]}]},{\"@type\":\"ImageObject\",\"inLanguage\":\"en-US\",\"@id\":\"https:\\\/\\\/www.pellens-hortensien.de\\\/en\\\/product-en\\\/hot-reds-lila\\\/#primaryimage\",\"url\":\"https:\\\/\\\/www.pellens-hortensien.de\\\/wp-content\\\/uploads\\\/2015\\\/12\\\/hort-blue-Hot-Red-lila-023840.png\",\"contentUrl\":\"https:\\\/\\\/www.pellens-hortensien.de\\\/wp-content\\\/uploads\\\/2015\\\/12\\\/hort-blue-Hot-Red-lila-023840.png\",\"width\":600,\"height\":600,\"caption\":\"Hot Red(s) lila Oben\"},{\"@type\":\"BreadcrumbList\",\"@id\":\"https:\\\/\\\/www.pellens-hortensien.de\\\/en\\\/product-en\\\/hot-reds-lila\\\/#breadcrumb\",\"itemListElement\":[{\"@type\":\"ListItem\",\"position\":1,\"name\":\"Home\",\"item\":\"https:\\\/\\\/www.pellens-hortensien.de\\\/en\\\/\"},{\"@type\":\"ListItem\",\"position\":2,\"name\":\"Interaktive Sortimentsliste\",\"item\":\"https:\\\/\\\/www.pellens-hortensien.de\\\/sortiment-interaktiv\\\/\"},{\"@type\":\"ListItem\",\"position\":3,\"name\":\"Hot Red (s) Lila\"}]},{\"@type\":\"WebSite\",\"@id\":\"https:\\\/\\\/www.pellens-hortensien.de\\\/en\\\/#website\",\"url\":\"https:\\\/\\\/www.pellens-hortensien.de\\\/en\\\/\",\"name\":\"Pellens Hortensien\",\"description\":\"Ihr Hortensienspezialist vom Niederrhein\",\"publisher\":{\"@id\":\"https:\\\/\\\/www.pellens-hortensien.de\\\/en\\\/#organization\"},\"potentialAction\":[{\"@type\":\"SearchAction\",\"target\":{\"@type\":\"EntryPoint\",\"urlTemplate\":\"https:\\\/\\\/www.pellens-hortensien.de\\\/en\\\/?s={search_term_string}\"},\"query-input\":{\"@type\":\"PropertyValueSpecification\",\"valueRequired\":true,\"valueName\":\"search_term_string\"}}],\"inLanguage\":\"en-US\"},{\"@type\":\"Organization\",\"@id\":\"https:\\\/\\\/www.pellens-hortensien.de\\\/en\\\/#organization\",\"name\":\"Pellens GmbH\",\"url\":\"https:\\\/\\\/www.pellens-hortensien.de\\\/en\\\/\",\"logo\":{\"@type\":\"ImageObject\",\"inLanguage\":\"en-US\",\"@id\":\"https:\\\/\\\/www.pellens-hortensien.de\\\/en\\\/#\\\/schema\\\/logo\\\/image\\\/\",\"url\":\"https:\\\/\\\/www.pellens-hortensien.de\\\/wp-content\\\/uploads\\\/2015\\\/11\\\/logo_pellens_690_200.png\",\"contentUrl\":\"https:\\\/\\\/www.pellens-hortensien.de\\\/wp-content\\\/uploads\\\/2015\\\/11\\\/logo_pellens_690_200.png\",\"width\":690,\"height\":200,\"caption\":\"Pellens GmbH\"},\"image\":{\"@id\":\"https:\\\/\\\/www.pellens-hortensien.de\\\/en\\\/#\\\/schema\\\/logo\\\/image\\\/\"},\"sameAs\":[\"https:\\\/\\\/www.facebook.com\\\/Hortensia4U\\\/\",\"https:\\\/\\\/x.com\\\/Hortensia4U\",\"https:\\\/\\\/www.instagram.com\\\/Hortensia4U\\\/\",\"https:\\\/\\\/www.youtube.com\\\/user\\\/Hortensia4U\"]}]}<\/script>\n<!-- \/ Yoast SEO plugin. -->","yoast_head_json":{"title":"Hot Red (s) Lila - Pellens Hortensien","description":"Hot Red lila geh\u00f6rt zu den dunkelsten lila Ballhortensien. Die Bauernhortensie (Hydrangea macrophylla) ist Ideal f\u00fcr T\u00f6pfe, da sie recht klein bleibt.","robots":{"index":"index","follow":"follow","max-snippet":"max-snippet:-1","max-image-preview":"max-image-preview:large","max-video-preview":"max-video-preview:-1"},"canonical":"https:\/\/www.pellens-hortensien.de\/en\/product-en\/hot-reds-lila\/","twitter_misc":{"Est. reading time":"1 minute"},"schema":{"@context":"https:\/\/schema.org","@graph":[{"@type":"WebPage","@id":"https:\/\/www.pellens-hortensien.de\/en\/product-en\/hot-reds-lila\/","url":"https:\/\/www.pellens-hortensien.de\/en\/product-en\/hot-reds-lila\/","name":"Hot Red (s) Lila - Pellens Hortensien","isPartOf":{"@id":"https:\/\/www.pellens-hortensien.de\/en\/#website"},"primaryImageOfPage":{"@id":"https:\/\/www.pellens-hortensien.de\/en\/product-en\/hot-reds-lila\/#primaryimage"},"image":{"@id":"https:\/\/www.pellens-hortensien.de\/en\/product-en\/hot-reds-lila\/#primaryimage"},"thumbnailUrl":"https:\/\/www.pellens-hortensien.de\/wp-content\/uploads\/2015\/12\/hort-blue-Hot-Red-lila-023840.png","datePublished":"2015-12-23T12:22:12+00:00","dateModified":"2025-11-04T09:17:40+00:00","description":"Hot Red lila geh\u00f6rt zu den dunkelsten lila Ballhortensien. Die Bauernhortensie (Hydrangea macrophylla) ist Ideal f\u00fcr T\u00f6pfe, da sie recht klein bleibt.","breadcrumb":{"@id":"https:\/\/www.pellens-hortensien.de\/en\/product-en\/hot-reds-lila\/#breadcrumb"},"inLanguage":"en-US","potentialAction":[{"@type":"ReadAction","target":["https:\/\/www.pellens-hortensien.de\/en\/product-en\/hot-reds-lila\/"]}]},{"@type":"ImageObject","inLanguage":"en-US","@id":"https:\/\/www.pellens-hortensien.de\/en\/product-en\/hot-reds-lila\/#primaryimage","url":"https:\/\/www.pellens-hortensien.de\/wp-content\/uploads\/2015\/12\/hort-blue-Hot-Red-lila-023840.png","contentUrl":"https:\/\/www.pellens-hortensien.de\/wp-content\/uploads\/2015\/12\/hort-blue-Hot-Red-lila-023840.png","width":600,"height":600,"caption":"Hot Red(s) lila Oben"},{"@type":"BreadcrumbList","@id":"https:\/\/www.pellens-hortensien.de\/en\/product-en\/hot-reds-lila\/#breadcrumb","itemListElement":[{"@type":"ListItem","position":1,"name":"Home","item":"https:\/\/www.pellens-hortensien.de\/en\/"},{"@type":"ListItem","position":2,"name":"Interaktive Sortimentsliste","item":"https:\/\/www.pellens-hortensien.de\/sortiment-interaktiv\/"},{"@type":"ListItem","position":3,"name":"Hot Red (s) Lila"}]},{"@type":"WebSite","@id":"https:\/\/www.pellens-hortensien.de\/en\/#website","url":"https:\/\/www.pellens-hortensien.de\/en\/","name":"Pellens Hortensien","description":"Ihr Hortensienspezialist vom Niederrhein","publisher":{"@id":"https:\/\/www.pellens-hortensien.de\/en\/#organization"},"potentialAction":[{"@type":"SearchAction","target":{"@type":"EntryPoint","urlTemplate":"https:\/\/www.pellens-hortensien.de\/en\/?s={search_term_string}"},"query-input":{"@type":"PropertyValueSpecification","valueRequired":true,"valueName":"search_term_string"}}],"inLanguage":"en-US"},{"@type":"Organization","@id":"https:\/\/www.pellens-hortensien.de\/en\/#organization","name":"Pellens GmbH","url":"https:\/\/www.pellens-hortensien.de\/en\/","logo":{"@type":"ImageObject","inLanguage":"en-US","@id":"https:\/\/www.pellens-hortensien.de\/en\/#\/schema\/logo\/image\/","url":"https:\/\/www.pellens-hortensien.de\/wp-content\/uploads\/2015\/11\/logo_pellens_690_200.png","contentUrl":"https:\/\/www.pellens-hortensien.de\/wp-content\/uploads\/2015\/11\/logo_pellens_690_200.png","width":690,"height":200,"caption":"Pellens GmbH"},"image":{"@id":"https:\/\/www.pellens-hortensien.de\/en\/#\/schema\/logo\/image\/"},"sameAs":["https:\/\/www.facebook.com\/Hortensia4U\/","https:\/\/x.com\/Hortensia4U","https:\/\/www.instagram.com\/Hortensia4U\/","https:\/\/www.youtube.com\/user\/Hortensia4U"]}]}},"taxonomy_info":{"product_cat":[{"value":25,"label":"Blaue Sorten"},{"value":13,"label":"Hortensia"}],"product_tag":[{"value":1411,"label":"Ballhortensie"},{"value":1412,"label":"Bauernhortensie"},{"value":43,"label":"Blau"},{"value":1391,"label":"Blue"},{"value":1458,"label":"dark purple"},{"value":1454,"label":"dunkel-lila"},{"value":1455,"label":"dunkellila"},{"value":1460,"label":"f\u00fcr T\u00f6pfe"},{"value":1387,"label":"Hortensia"},{"value":739,"label":"Hortensie"},{"value":754,"label":"Hortensiensorten"},{"value":740,"label":"Hydrangea"},{"value":1459,"label":"kleine Hortensie"},{"value":741,"label":"macrophylla"},{"value":744,"label":"Pellens"},{"value":1399,"label":"Purple"}],"pa_liefer-kw":[{"value":99,"label":"KW01"},{"value":100,"label":"KW02"},{"value":101,"label":"KW03"},{"value":102,"label":"KW04"},{"value":103,"label":"KW05"},{"value":104,"label":"KW06"},{"value":105,"label":"KW07"},{"value":106,"label":"KW08"},{"value":107,"label":"KW09"},{"value":108,"label":"KW10"},{"value":109,"label":"KW11"},{"value":110,"label":"KW12"},{"value":111,"label":"KW13"},{"value":112,"label":"KW14"},{"value":113,"label":"KW15"},{"value":114,"label":"KW16"},{"value":115,"label":"KW17"},{"value":116,"label":"KW18"},{"value":117,"label":"KW19"},{"value":118,"label":"KW20"},{"value":119,"label":"KW21"},{"value":120,"label":"KW22"},{"value":121,"label":"KW23"},{"value":122,"label":"KW24"},{"value":123,"label":"KW25"},{"value":124,"label":"KW26"},{"value":125,"label":"KW27"},{"value":126,"label":"KW28"},{"value":127,"label":"KW29"},{"value":128,"label":"KW30"},{"value":129,"label":"KW31"},{"value":130,"label":"KW32"},{"value":131,"label":"KW33"},{"value":132,"label":"KW34"},{"value":133,"label":"KW35"},{"value":134,"label":"KW36"},{"value":135,"label":"KW37"},{"value":136,"label":"KW38"},{"value":137,"label":"KW39"},{"value":138,"label":"KW40"},{"value":139,"label":"KW41"},{"value":140,"label":"KW42"},{"value":141,"label":"KW43"},{"value":142,"label":"KW44"},{"value":143,"label":"KW45"},{"value":144,"label":"KW46"},{"value":145,"label":"KW47"},{"value":146,"label":"KW48"},{"value":147,"label":"KW49"},{"value":148,"label":"KW50"},{"value":149,"label":"KW51"},{"value":150,"label":"KW52"}],"pa_produktform":[{"value":33,"label":"T-14\/ 5+ (320 Stk. per CC)"},{"value":34,"label":"T-14\/ 7+ (320 Stk. per CC)"}],"pa_verwendung":[{"value":1217,"label":"Optimal als Zimmerpflanze"}],"pa_wuchs":[{"value":1214,"label":"Wuchs kompakt"}]},"featured_image_src_large":["https:\/\/www.pellens-hortensien.de\/wp-content\/uploads\/2015\/12\/hort-blue-Hot-Red-lila-023840.png",600,600,false],"author_info":[],"comment_info":"","_links":{"self":[{"href":"https:\/\/www.pellens-hortensien.de\/en\/wp-json\/wp\/v2\/product\/536","targetHints":{"allow":["GET"]}}],"collection":[{"href":"https:\/\/www.pellens-hortensien.de\/en\/wp-json\/wp\/v2\/product"}],"about":[{"href":"https:\/\/www.pellens-hortensien.de\/en\/wp-json\/wp\/v2\/types\/product"}],"wp:featuredmedia":[{"embeddable":true,"href":"https:\/\/www.pellens-hortensien.de\/en\/wp-json\/wp\/v2\/media\/1109"}],"wp:attachment":[{"href":"https:\/\/www.pellens-hortensien.de\/en\/wp-json\/wp\/v2\/media?parent=536"}],"wp:term":[{"taxonomy":"product_brand","embeddable":true,"href":"https:\/\/www.pellens-hortensien.de\/en\/wp-json\/wp\/v2\/product_brand?post=536"},{"taxonomy":"product_cat","embeddable":true,"href":"https:\/\/www.pellens-hortensien.de\/en\/wp-json\/wp\/v2\/product_cat?post=536"},{"taxonomy":"product_tag","embeddable":true,"href":"https:\/\/www.pellens-hortensien.de\/en\/wp-json\/wp\/v2\/product_tag?post=536"}],"curies":[{"name":"wp","href":"https:\/\/api.w.org\/{rel}","templated":true}]}}