{"id":516,"date":"2015-12-23T13:12:58","date_gmt":"2015-12-23T12:12:58","guid":{"rendered":"http:\/\/premiumbuero.de\/wp-pellens-hortensien\/?post_type=product&#038;p=516"},"modified":"2024-07-01T21:22:35","modified_gmt":"2024-07-01T19:22:35","slug":"schoene-bautznerin-lila","status":"publish","type":"product","link":"https:\/\/www.pellens-hortensien.de\/en\/product-en\/schoene-bautznerin-lila\/","title":{"rendered":"Sch\u00f6ne Bautznerin blue"},"content":{"rendered":"<p>Wuchs: Medium<br \/>\nBl\u00fcte:\u00a0\u00a0\u00a0 Blau-lilafarbene Ballhortensie<br \/>\n(lieferbar auch in rot)<br \/>\nEndh\u00f6he: um 1,50 bis 2 Meter<\/p>\n<p>Start: KW 52<br \/>\nTreibdauer: ca. 11 Wochen<br \/>\n<strong>Auch f\u00fcr Containerproduktion.<\/strong><\/p>\n","protected":false},"excerpt":{"rendered":"<p>Wuchs: Medium Bl\u00fcte:\u00a0\u00a0\u00a0 Blau-lilafarbene Ballhortensie (lieferbar auch in rot) Endh\u00f6he: um 1,50 bis 2 Meter Start: KW 52 Treibdauer: ca. 11 Wochen Auch f\u00fcr Containerproduktion.<\/p>\n","protected":false},"featured_media":1115,"template":"","meta":{"kt_blocks_editor_width":"","_kad_blocks_custom_css":"","_kad_blocks_head_custom_js":"","_kad_blocks_body_custom_js":"","_kad_blocks_footer_custom_js":""},"product_brand":[],"product_cat":[25,13],"product_tag":[1411,1412,43,1436,1391,1387,739,754,740,164,741,744,1437,1422,1438],"class_list":{"0":"post-516","1":"product","2":"type-product","3":"status-publish","4":"has-post-thumbnail","6":"product_cat-blau","7":"product_cat-hortensia","8":"product_tag-ballhortensie","9":"product_tag-bauernhortensie","10":"product_tag-blau","11":"product_tag-blau-lila","12":"product_tag-blue-2","13":"product_tag-hortensia","14":"product_tag-hortensie","15":"product_tag-hortensiensorten","16":"product_tag-hydrangea","17":"product_tag-lila","18":"product_tag-macrophylla","19":"product_tag-pellens","20":"product_tag-robust","21":"product_tag-schoene-bautznerin","22":"product_tag-stabil","23":"pa_liefer-kw-kw01","24":"pa_liefer-kw-kw02","25":"pa_liefer-kw-kw03","26":"pa_liefer-kw-kw04","27":"pa_liefer-kw-kw05","28":"pa_liefer-kw-kw06","29":"pa_liefer-kw-kw07","30":"pa_liefer-kw-kw08","31":"pa_liefer-kw-kw09","32":"pa_liefer-kw-kw10","33":"pa_liefer-kw-kw11","34":"pa_liefer-kw-kw12","35":"pa_liefer-kw-kw13","36":"pa_liefer-kw-kw14","37":"pa_liefer-kw-kw15","38":"pa_liefer-kw-kw16","39":"pa_liefer-kw-kw17","40":"pa_liefer-kw-kw18","41":"pa_liefer-kw-kw19","42":"pa_liefer-kw-kw20","43":"pa_liefer-kw-kw21","44":"pa_liefer-kw-kw22","45":"pa_liefer-kw-kw23","46":"pa_liefer-kw-kw24","47":"pa_liefer-kw-kw25","48":"pa_liefer-kw-kw26","49":"pa_liefer-kw-kw27","50":"pa_liefer-kw-kw28","51":"pa_liefer-kw-kw29","52":"pa_liefer-kw-kw30","53":"pa_liefer-kw-kw31","54":"pa_liefer-kw-kw32","55":"pa_liefer-kw-kw33","56":"pa_liefer-kw-kw34","57":"pa_liefer-kw-kw35","58":"pa_liefer-kw-kw36","59":"pa_liefer-kw-kw37","60":"pa_liefer-kw-kw38","61":"pa_liefer-kw-kw39","62":"pa_liefer-kw-kw40","63":"pa_liefer-kw-kw41","64":"pa_liefer-kw-kw42","65":"pa_liefer-kw-kw43","66":"pa_liefer-kw-kw44","67":"pa_liefer-kw-kw45","68":"pa_liefer-kw-kw46","69":"pa_liefer-kw-kw47","70":"pa_liefer-kw-kw48","71":"pa_liefer-kw-kw49","72":"pa_liefer-kw-kw50","73":"pa_liefer-kw-kw51","74":"pa_liefer-kw-kw52","75":"pa_produktform-am-25","76":"pa_produktform-c-20-20","77":"pa_produktform-c-3-9","78":"pa_produktform-c-47-30","79":"pa_produktform-c-5-12","80":"pa_produktform-t-14-5","81":"pa_produktform-t-14-7","82":"pa_produktform-t-17-8","83":"pa_verwendung-verwendung-baumschulpflanze","84":"pa_verwendung-verwendung-zimmerpflanze","85":"pa_wuchs-wuchs-medium","87":"first","88":"instock","89":"taxable","90":"shipping-taxable","91":"purchasable","92":"product-type-variable"},"yoast_head":"<!-- This site is optimized with the Yoast SEO plugin v27.5 - https:\/\/yoast.com\/product\/yoast-seo-wordpress\/ -->\n<title>Sch\u00f6ne Bautznerin blue - Pellens Hortensien<\/title>\n<meta name=\"description\" content=\"Sch\u00f6ne Bautznerin blau ist eine sehr robuste, zuverl\u00e4ssige Sorte der Bauernhortensie (Hydrangea macrophylla). Sie hat blau-lila Ballbl\u00fcten.\" \/>\n<meta name=\"robots\" content=\"index, follow, max-snippet:-1, max-image-preview:large, max-video-preview:-1\" \/>\n<link rel=\"canonical\" href=\"https:\/\/www.pellens-hortensien.de\/en\/product-en\/schoene-bautznerin-lila\/\" \/>\n<meta name=\"twitter:label1\" content=\"Est. reading time\" \/>\n\t<meta name=\"twitter:data1\" content=\"1 minute\" \/>\n<script type=\"application\/ld+json\" class=\"yoast-schema-graph\">{\"@context\":\"https:\\\/\\\/schema.org\",\"@graph\":[{\"@type\":\"WebPage\",\"@id\":\"https:\\\/\\\/www.pellens-hortensien.de\\\/en\\\/product-en\\\/schoene-bautznerin-lila\\\/\",\"url\":\"https:\\\/\\\/www.pellens-hortensien.de\\\/en\\\/product-en\\\/schoene-bautznerin-lila\\\/\",\"name\":\"Sch\u00f6ne Bautznerin blue - Pellens Hortensien\",\"isPartOf\":{\"@id\":\"https:\\\/\\\/www.pellens-hortensien.de\\\/en\\\/#website\"},\"primaryImageOfPage\":{\"@id\":\"https:\\\/\\\/www.pellens-hortensien.de\\\/en\\\/product-en\\\/schoene-bautznerin-lila\\\/#primaryimage\"},\"image\":{\"@id\":\"https:\\\/\\\/www.pellens-hortensien.de\\\/en\\\/product-en\\\/schoene-bautznerin-lila\\\/#primaryimage\"},\"thumbnailUrl\":\"https:\\\/\\\/www.pellens-hortensien.de\\\/wp-content\\\/uploads\\\/2015\\\/12\\\/hort-blue-Schoene-Bautznerin-lila-023773.png\",\"datePublished\":\"2015-12-23T12:12:58+00:00\",\"dateModified\":\"2024-07-01T19:22:35+00:00\",\"description\":\"Sch\u00f6ne Bautznerin blau ist eine sehr robuste, zuverl\u00e4ssige Sorte der Bauernhortensie (Hydrangea macrophylla). Sie hat blau-lila Ballbl\u00fcten.\",\"breadcrumb\":{\"@id\":\"https:\\\/\\\/www.pellens-hortensien.de\\\/en\\\/product-en\\\/schoene-bautznerin-lila\\\/#breadcrumb\"},\"inLanguage\":\"en-US\",\"potentialAction\":[{\"@type\":\"ReadAction\",\"target\":[\"https:\\\/\\\/www.pellens-hortensien.de\\\/en\\\/product-en\\\/schoene-bautznerin-lila\\\/\"]}]},{\"@type\":\"ImageObject\",\"inLanguage\":\"en-US\",\"@id\":\"https:\\\/\\\/www.pellens-hortensien.de\\\/en\\\/product-en\\\/schoene-bautznerin-lila\\\/#primaryimage\",\"url\":\"https:\\\/\\\/www.pellens-hortensien.de\\\/wp-content\\\/uploads\\\/2015\\\/12\\\/hort-blue-Schoene-Bautznerin-lila-023773.png\",\"contentUrl\":\"https:\\\/\\\/www.pellens-hortensien.de\\\/wp-content\\\/uploads\\\/2015\\\/12\\\/hort-blue-Schoene-Bautznerin-lila-023773.png\",\"width\":600,\"height\":600,\"caption\":\"Sch\u00f6ne Bautznerin lila Oben\"},{\"@type\":\"BreadcrumbList\",\"@id\":\"https:\\\/\\\/www.pellens-hortensien.de\\\/en\\\/product-en\\\/schoene-bautznerin-lila\\\/#breadcrumb\",\"itemListElement\":[{\"@type\":\"ListItem\",\"position\":1,\"name\":\"Home\",\"item\":\"https:\\\/\\\/www.pellens-hortensien.de\\\/en\\\/\"},{\"@type\":\"ListItem\",\"position\":2,\"name\":\"Interaktive Sortimentsliste\",\"item\":\"https:\\\/\\\/www.pellens-hortensien.de\\\/sortiment-interaktiv\\\/\"},{\"@type\":\"ListItem\",\"position\":3,\"name\":\"Sch\u00f6ne Bautznerin blue\"}]},{\"@type\":\"WebSite\",\"@id\":\"https:\\\/\\\/www.pellens-hortensien.de\\\/en\\\/#website\",\"url\":\"https:\\\/\\\/www.pellens-hortensien.de\\\/en\\\/\",\"name\":\"Pellens Hortensien\",\"description\":\"Ihr Hortensienspezialist vom Niederrhein\",\"publisher\":{\"@id\":\"https:\\\/\\\/www.pellens-hortensien.de\\\/en\\\/#organization\"},\"potentialAction\":[{\"@type\":\"SearchAction\",\"target\":{\"@type\":\"EntryPoint\",\"urlTemplate\":\"https:\\\/\\\/www.pellens-hortensien.de\\\/en\\\/?s={search_term_string}\"},\"query-input\":{\"@type\":\"PropertyValueSpecification\",\"valueRequired\":true,\"valueName\":\"search_term_string\"}}],\"inLanguage\":\"en-US\"},{\"@type\":\"Organization\",\"@id\":\"https:\\\/\\\/www.pellens-hortensien.de\\\/en\\\/#organization\",\"name\":\"Pellens GmbH\",\"url\":\"https:\\\/\\\/www.pellens-hortensien.de\\\/en\\\/\",\"logo\":{\"@type\":\"ImageObject\",\"inLanguage\":\"en-US\",\"@id\":\"https:\\\/\\\/www.pellens-hortensien.de\\\/en\\\/#\\\/schema\\\/logo\\\/image\\\/\",\"url\":\"https:\\\/\\\/www.pellens-hortensien.de\\\/wp-content\\\/uploads\\\/2015\\\/11\\\/logo_pellens_690_200.png\",\"contentUrl\":\"https:\\\/\\\/www.pellens-hortensien.de\\\/wp-content\\\/uploads\\\/2015\\\/11\\\/logo_pellens_690_200.png\",\"width\":690,\"height\":200,\"caption\":\"Pellens GmbH\"},\"image\":{\"@id\":\"https:\\\/\\\/www.pellens-hortensien.de\\\/en\\\/#\\\/schema\\\/logo\\\/image\\\/\"},\"sameAs\":[\"https:\\\/\\\/www.facebook.com\\\/Hortensia4U\\\/\",\"https:\\\/\\\/x.com\\\/Hortensia4U\",\"https:\\\/\\\/www.instagram.com\\\/Hortensia4U\\\/\",\"https:\\\/\\\/www.youtube.com\\\/user\\\/Hortensia4U\"]}]}<\/script>\n<!-- \/ Yoast SEO plugin. -->","yoast_head_json":{"title":"Sch\u00f6ne Bautznerin blue - Pellens Hortensien","description":"Sch\u00f6ne Bautznerin blau ist eine sehr robuste, zuverl\u00e4ssige Sorte der Bauernhortensie (Hydrangea macrophylla). Sie hat blau-lila Ballbl\u00fcten.","robots":{"index":"index","follow":"follow","max-snippet":"max-snippet:-1","max-image-preview":"max-image-preview:large","max-video-preview":"max-video-preview:-1"},"canonical":"https:\/\/www.pellens-hortensien.de\/en\/product-en\/schoene-bautznerin-lila\/","twitter_misc":{"Est. reading time":"1 minute"},"schema":{"@context":"https:\/\/schema.org","@graph":[{"@type":"WebPage","@id":"https:\/\/www.pellens-hortensien.de\/en\/product-en\/schoene-bautznerin-lila\/","url":"https:\/\/www.pellens-hortensien.de\/en\/product-en\/schoene-bautznerin-lila\/","name":"Sch\u00f6ne Bautznerin blue - Pellens Hortensien","isPartOf":{"@id":"https:\/\/www.pellens-hortensien.de\/en\/#website"},"primaryImageOfPage":{"@id":"https:\/\/www.pellens-hortensien.de\/en\/product-en\/schoene-bautznerin-lila\/#primaryimage"},"image":{"@id":"https:\/\/www.pellens-hortensien.de\/en\/product-en\/schoene-bautznerin-lila\/#primaryimage"},"thumbnailUrl":"https:\/\/www.pellens-hortensien.de\/wp-content\/uploads\/2015\/12\/hort-blue-Schoene-Bautznerin-lila-023773.png","datePublished":"2015-12-23T12:12:58+00:00","dateModified":"2024-07-01T19:22:35+00:00","description":"Sch\u00f6ne Bautznerin blau ist eine sehr robuste, zuverl\u00e4ssige Sorte der Bauernhortensie (Hydrangea macrophylla). Sie hat blau-lila Ballbl\u00fcten.","breadcrumb":{"@id":"https:\/\/www.pellens-hortensien.de\/en\/product-en\/schoene-bautznerin-lila\/#breadcrumb"},"inLanguage":"en-US","potentialAction":[{"@type":"ReadAction","target":["https:\/\/www.pellens-hortensien.de\/en\/product-en\/schoene-bautznerin-lila\/"]}]},{"@type":"ImageObject","inLanguage":"en-US","@id":"https:\/\/www.pellens-hortensien.de\/en\/product-en\/schoene-bautznerin-lila\/#primaryimage","url":"https:\/\/www.pellens-hortensien.de\/wp-content\/uploads\/2015\/12\/hort-blue-Schoene-Bautznerin-lila-023773.png","contentUrl":"https:\/\/www.pellens-hortensien.de\/wp-content\/uploads\/2015\/12\/hort-blue-Schoene-Bautznerin-lila-023773.png","width":600,"height":600,"caption":"Sch\u00f6ne Bautznerin lila Oben"},{"@type":"BreadcrumbList","@id":"https:\/\/www.pellens-hortensien.de\/en\/product-en\/schoene-bautznerin-lila\/#breadcrumb","itemListElement":[{"@type":"ListItem","position":1,"name":"Home","item":"https:\/\/www.pellens-hortensien.de\/en\/"},{"@type":"ListItem","position":2,"name":"Interaktive Sortimentsliste","item":"https:\/\/www.pellens-hortensien.de\/sortiment-interaktiv\/"},{"@type":"ListItem","position":3,"name":"Sch\u00f6ne Bautznerin blue"}]},{"@type":"WebSite","@id":"https:\/\/www.pellens-hortensien.de\/en\/#website","url":"https:\/\/www.pellens-hortensien.de\/en\/","name":"Pellens Hortensien","description":"Ihr Hortensienspezialist vom Niederrhein","publisher":{"@id":"https:\/\/www.pellens-hortensien.de\/en\/#organization"},"potentialAction":[{"@type":"SearchAction","target":{"@type":"EntryPoint","urlTemplate":"https:\/\/www.pellens-hortensien.de\/en\/?s={search_term_string}"},"query-input":{"@type":"PropertyValueSpecification","valueRequired":true,"valueName":"search_term_string"}}],"inLanguage":"en-US"},{"@type":"Organization","@id":"https:\/\/www.pellens-hortensien.de\/en\/#organization","name":"Pellens GmbH","url":"https:\/\/www.pellens-hortensien.de\/en\/","logo":{"@type":"ImageObject","inLanguage":"en-US","@id":"https:\/\/www.pellens-hortensien.de\/en\/#\/schema\/logo\/image\/","url":"https:\/\/www.pellens-hortensien.de\/wp-content\/uploads\/2015\/11\/logo_pellens_690_200.png","contentUrl":"https:\/\/www.pellens-hortensien.de\/wp-content\/uploads\/2015\/11\/logo_pellens_690_200.png","width":690,"height":200,"caption":"Pellens GmbH"},"image":{"@id":"https:\/\/www.pellens-hortensien.de\/en\/#\/schema\/logo\/image\/"},"sameAs":["https:\/\/www.facebook.com\/Hortensia4U\/","https:\/\/x.com\/Hortensia4U","https:\/\/www.instagram.com\/Hortensia4U\/","https:\/\/www.youtube.com\/user\/Hortensia4U"]}]}},"taxonomy_info":{"product_cat":[{"value":25,"label":"Blaue Sorten"},{"value":13,"label":"Hortensia"}],"product_tag":[{"value":1411,"label":"Ballhortensie"},{"value":1412,"label":"Bauernhortensie"},{"value":43,"label":"Blau"},{"value":1436,"label":"blau-lila"},{"value":1391,"label":"Blue"},{"value":1387,"label":"Hortensia"},{"value":739,"label":"Hortensie"},{"value":754,"label":"Hortensiensorten"},{"value":740,"label":"Hydrangea"},{"value":164,"label":"Lila"},{"value":741,"label":"macrophylla"},{"value":744,"label":"Pellens"},{"value":1437,"label":"robust"},{"value":1422,"label":"Sch\u00f6ne Bautznerin"},{"value":1438,"label":"stabil"}],"pa_liefer-kw":[{"value":99,"label":"KW01"},{"value":100,"label":"KW02"},{"value":101,"label":"KW03"},{"value":102,"label":"KW04"},{"value":103,"label":"KW05"},{"value":104,"label":"KW06"},{"value":105,"label":"KW07"},{"value":106,"label":"KW08"},{"value":107,"label":"KW09"},{"value":108,"label":"KW10"},{"value":109,"label":"KW11"},{"value":110,"label":"KW12"},{"value":111,"label":"KW13"},{"value":112,"label":"KW14"},{"value":113,"label":"KW15"},{"value":114,"label":"KW16"},{"value":115,"label":"KW17"},{"value":116,"label":"KW18"},{"value":117,"label":"KW19"},{"value":118,"label":"KW20"},{"value":119,"label":"KW21"},{"value":120,"label":"KW22"},{"value":121,"label":"KW23"},{"value":122,"label":"KW24"},{"value":123,"label":"KW25"},{"value":124,"label":"KW26"},{"value":125,"label":"KW27"},{"value":126,"label":"KW28"},{"value":127,"label":"KW29"},{"value":128,"label":"KW30"},{"value":129,"label":"KW31"},{"value":130,"label":"KW32"},{"value":131,"label":"KW33"},{"value":132,"label":"KW34"},{"value":133,"label":"KW35"},{"value":134,"label":"KW36"},{"value":135,"label":"KW37"},{"value":136,"label":"KW38"},{"value":137,"label":"KW39"},{"value":138,"label":"KW40"},{"value":139,"label":"KW41"},{"value":140,"label":"KW42"},{"value":141,"label":"KW43"},{"value":142,"label":"KW44"},{"value":143,"label":"KW45"},{"value":144,"label":"KW46"},{"value":145,"label":"KW47"},{"value":146,"label":"KW48"},{"value":147,"label":"KW49"},{"value":148,"label":"KW50"},{"value":149,"label":"KW51"},{"value":150,"label":"KW52"}],"pa_produktform":[{"value":169,"label":"Ampeln (25 Stk. per CC)"},{"value":37,"label":"C-20\/ 20+ (15 Stk. per CC)"},{"value":35,"label":"C-3\/ 9+ (126 Stk. per CC)"},{"value":38,"label":"C-47\/ 30+ (4 Stk. per CC)"},{"value":36,"label":"C-5\/ 12+ (85 Stk. per CC)"},{"value":33,"label":"T-14\/ 5+ (320 Stk. per CC)"},{"value":34,"label":"T-14\/ 7+ (320 Stk. per CC)"},{"value":1392,"label":"T-17\/ 8+ (240 Stk. per CC)"}],"pa_verwendung":[{"value":1218,"label":"Optimal als Baumschulpflanze"},{"value":1217,"label":"Optimal als Zimmerpflanze"}],"pa_wuchs":[{"value":1215,"label":"Wuchs medium"}]},"featured_image_src_large":["https:\/\/www.pellens-hortensien.de\/wp-content\/uploads\/2015\/12\/hort-blue-Schoene-Bautznerin-lila-023773.png",600,600,false],"author_info":[],"comment_info":"","_links":{"self":[{"href":"https:\/\/www.pellens-hortensien.de\/en\/wp-json\/wp\/v2\/product\/516","targetHints":{"allow":["GET"]}}],"collection":[{"href":"https:\/\/www.pellens-hortensien.de\/en\/wp-json\/wp\/v2\/product"}],"about":[{"href":"https:\/\/www.pellens-hortensien.de\/en\/wp-json\/wp\/v2\/types\/product"}],"wp:featuredmedia":[{"embeddable":true,"href":"https:\/\/www.pellens-hortensien.de\/en\/wp-json\/wp\/v2\/media\/1115"}],"wp:attachment":[{"href":"https:\/\/www.pellens-hortensien.de\/en\/wp-json\/wp\/v2\/media?parent=516"}],"wp:term":[{"taxonomy":"product_brand","embeddable":true,"href":"https:\/\/www.pellens-hortensien.de\/en\/wp-json\/wp\/v2\/product_brand?post=516"},{"taxonomy":"product_cat","embeddable":true,"href":"https:\/\/www.pellens-hortensien.de\/en\/wp-json\/wp\/v2\/product_cat?post=516"},{"taxonomy":"product_tag","embeddable":true,"href":"https:\/\/www.pellens-hortensien.de\/en\/wp-json\/wp\/v2\/product_tag?post=516"}],"curies":[{"name":"wp","href":"https:\/\/api.w.org\/{rel}","templated":true}]}}