{"id":23471,"date":"2026-01-23T10:46:29","date_gmt":"2026-01-23T09:46:29","guid":{"rendered":"https:\/\/www.pellens-hortensien.de\/?post_type=product&#038;p=23471"},"modified":"2026-01-23T10:47:50","modified_gmt":"2026-01-23T09:47:50","slug":"everbloom-cosmic-pink-s","status":"publish","type":"product","link":"https:\/\/www.pellens-hortensien.de\/en\/product-en\/everbloom-cosmic-pink-s\/","title":{"rendered":"Everbloom\u00ae Cosmic Pink (s)"},"content":{"rendered":"<p>Wuchs: Medium<br \/>\nBl\u00fcte: auff\u00e4llig farbwechselnde Ballhortensie in rosa<br \/>\nBesonderheit: bl\u00fcht auch am neuen Holz, auff\u00e4lliger Farbwechsel in vier Farbstadien: hellgr\u00fcn &#8211; wei\u00df &#8211; rosa &#8211; dunkelgr\u00fcn<br \/>\nEndh\u00f6he: etwa 1 bis 1,50 Meter<br \/>\nStart: KW 2<br \/>\nTreibdauer: ca. 8-10 Wochen<br \/>\n<strong>Auch f\u00fcr Containerproduktion<\/strong>.<\/p>\n<p>Exklusive Sorte \u2013 Markenrechte liegen bei Pellens Hortensien.<\/p>\n","protected":false},"excerpt":{"rendered":"<p>Wuchs: Medium Bl\u00fcte: auff\u00e4llig farbwechselnde Ballhortensie in rosa Besonderheit: bl\u00fcht auch am neuen Holz, auff\u00e4lliger Farbwechsel in vier Farbstadien: hellgr\u00fcn &#8211; wei\u00df &#8211; rosa &#8211; dunkelgr\u00fcn &hellip; <a href=\"https:\/\/www.pellens-hortensien.de\/en\/product-en\/everbloom-cosmic-pink-s\/\">Read More<\/a><\/p>\n","protected":false},"featured_media":23452,"template":"","meta":{"kt_blocks_editor_width":"","_kad_blocks_custom_css":"","_kad_blocks_head_custom_js":"","_kad_blocks_body_custom_js":"","_kad_blocks_footer_custom_js":""},"product_brand":[],"product_cat":[12,27],"product_tag":[1411,1450,1587,1429,1585,1439,739,1583,744,1394,1586,42],"class_list":{"0":"post-23471","1":"product","2":"type-product","3":"status-publish","4":"has-post-thumbnail","6":"product_cat-everbloom","7":"product_cat-rosa","8":"product_tag-ballhortensie","9":"product_tag-blueht-am-neuen-holz","10":"product_tag-cosmic-pink","11":"product_tag-everbloom","12":"product_tag-farbwechsel","13":"product_tag-hellrosa","14":"product_tag-hortensie","15":"product_tag-hydrangea-macrophylla","16":"product_tag-pellens","17":"product_tag-pink-2","18":"product_tag-remoniertend","19":"product_tag-rosa","20":"pa_produktform-t-14-5","21":"pa_produktform-t-14-7","22":"pa_verwendung-verwendung-baumschulpflanze","23":"pa_verwendung-verwendung-zimmerpflanze","24":"pa_wuchs-wuchs-medium","26":"first","27":"instock","28":"taxable","29":"shipping-taxable","30":"purchasable","31":"product-type-variable"},"yoast_head":"<!-- This site is optimized with the Yoast SEO plugin v27.5 - https:\/\/yoast.com\/product\/yoast-seo-wordpress\/ -->\n<title>Everbloom\u00ae Cosmic Pink (s) - Pellens Hortensien<\/title>\n<meta name=\"description\" content=\"Everbloom\u00ae Cosmic Pink (s) ist eine rosafarbene Ballhortensie der neuen Generation, die am alten und neuen Holz Bl\u00fcten bildet. Auff\u00e4lliger Farbwechsel von Gr\u00fcn \u00fcber Wei\u00df zu Pink und sp\u00e4ter dunkelgr\u00fcn.\" \/>\n<meta name=\"robots\" content=\"index, follow, max-snippet:-1, max-image-preview:large, max-video-preview:-1\" \/>\n<link rel=\"canonical\" href=\"https:\/\/www.pellens-hortensien.de\/en\/product-en\/everbloom-cosmic-pink-s\/\" \/>\n<meta name=\"twitter:label1\" content=\"Est. reading time\" \/>\n\t<meta name=\"twitter:data1\" content=\"1 minute\" \/>\n<script type=\"application\/ld+json\" class=\"yoast-schema-graph\">{\"@context\":\"https:\\\/\\\/schema.org\",\"@graph\":[{\"@type\":\"WebPage\",\"@id\":\"https:\\\/\\\/www.pellens-hortensien.de\\\/en\\\/product-en\\\/everbloom-cosmic-pink-s\\\/\",\"url\":\"https:\\\/\\\/www.pellens-hortensien.de\\\/en\\\/product-en\\\/everbloom-cosmic-pink-s\\\/\",\"name\":\"Everbloom\u00ae Cosmic Pink (s) - Pellens Hortensien\",\"isPartOf\":{\"@id\":\"https:\\\/\\\/www.pellens-hortensien.de\\\/en\\\/#website\"},\"primaryImageOfPage\":{\"@id\":\"https:\\\/\\\/www.pellens-hortensien.de\\\/en\\\/product-en\\\/everbloom-cosmic-pink-s\\\/#primaryimage\"},\"image\":{\"@id\":\"https:\\\/\\\/www.pellens-hortensien.de\\\/en\\\/product-en\\\/everbloom-cosmic-pink-s\\\/#primaryimage\"},\"thumbnailUrl\":\"https:\\\/\\\/www.pellens-hortensien.de\\\/wp-content\\\/uploads\\\/2026\\\/01\\\/everbloom-cosmic-pink-oben.png\",\"datePublished\":\"2026-01-23T09:46:29+00:00\",\"dateModified\":\"2026-01-23T09:47:50+00:00\",\"description\":\"Everbloom\u00ae Cosmic Pink (s) ist eine rosafarbene Ballhortensie der neuen Generation, die am alten und neuen Holz Bl\u00fcten bildet. Auff\u00e4lliger Farbwechsel von Gr\u00fcn \u00fcber Wei\u00df zu Pink und sp\u00e4ter dunkelgr\u00fcn.\",\"breadcrumb\":{\"@id\":\"https:\\\/\\\/www.pellens-hortensien.de\\\/en\\\/product-en\\\/everbloom-cosmic-pink-s\\\/#breadcrumb\"},\"inLanguage\":\"en-US\",\"potentialAction\":[{\"@type\":\"ReadAction\",\"target\":[\"https:\\\/\\\/www.pellens-hortensien.de\\\/en\\\/product-en\\\/everbloom-cosmic-pink-s\\\/\"]}]},{\"@type\":\"ImageObject\",\"inLanguage\":\"en-US\",\"@id\":\"https:\\\/\\\/www.pellens-hortensien.de\\\/en\\\/product-en\\\/everbloom-cosmic-pink-s\\\/#primaryimage\",\"url\":\"https:\\\/\\\/www.pellens-hortensien.de\\\/wp-content\\\/uploads\\\/2026\\\/01\\\/everbloom-cosmic-pink-oben.png\",\"contentUrl\":\"https:\\\/\\\/www.pellens-hortensien.de\\\/wp-content\\\/uploads\\\/2026\\\/01\\\/everbloom-cosmic-pink-oben.png\",\"width\":600,\"height\":600,\"caption\":\"Hortensie Hydrangea macrophylla Cosmic pink Everbloom rosa Bl\u00fcte Bauernhortensie\"},{\"@type\":\"BreadcrumbList\",\"@id\":\"https:\\\/\\\/www.pellens-hortensien.de\\\/en\\\/product-en\\\/everbloom-cosmic-pink-s\\\/#breadcrumb\",\"itemListElement\":[{\"@type\":\"ListItem\",\"position\":1,\"name\":\"Home\",\"item\":\"https:\\\/\\\/www.pellens-hortensien.de\\\/en\\\/\"},{\"@type\":\"ListItem\",\"position\":2,\"name\":\"Interaktive Sortimentsliste\",\"item\":\"https:\\\/\\\/www.pellens-hortensien.de\\\/sortiment-interaktiv\\\/\"},{\"@type\":\"ListItem\",\"position\":3,\"name\":\"Everbloom\u00ae Cosmic Pink (s)\"}]},{\"@type\":\"WebSite\",\"@id\":\"https:\\\/\\\/www.pellens-hortensien.de\\\/en\\\/#website\",\"url\":\"https:\\\/\\\/www.pellens-hortensien.de\\\/en\\\/\",\"name\":\"Pellens Hortensien\",\"description\":\"Ihr Hortensienspezialist vom Niederrhein\",\"publisher\":{\"@id\":\"https:\\\/\\\/www.pellens-hortensien.de\\\/en\\\/#organization\"},\"potentialAction\":[{\"@type\":\"SearchAction\",\"target\":{\"@type\":\"EntryPoint\",\"urlTemplate\":\"https:\\\/\\\/www.pellens-hortensien.de\\\/en\\\/?s={search_term_string}\"},\"query-input\":{\"@type\":\"PropertyValueSpecification\",\"valueRequired\":true,\"valueName\":\"search_term_string\"}}],\"inLanguage\":\"en-US\"},{\"@type\":\"Organization\",\"@id\":\"https:\\\/\\\/www.pellens-hortensien.de\\\/en\\\/#organization\",\"name\":\"Pellens GmbH\",\"url\":\"https:\\\/\\\/www.pellens-hortensien.de\\\/en\\\/\",\"logo\":{\"@type\":\"ImageObject\",\"inLanguage\":\"en-US\",\"@id\":\"https:\\\/\\\/www.pellens-hortensien.de\\\/en\\\/#\\\/schema\\\/logo\\\/image\\\/\",\"url\":\"https:\\\/\\\/www.pellens-hortensien.de\\\/wp-content\\\/uploads\\\/2015\\\/11\\\/logo_pellens_690_200.png\",\"contentUrl\":\"https:\\\/\\\/www.pellens-hortensien.de\\\/wp-content\\\/uploads\\\/2015\\\/11\\\/logo_pellens_690_200.png\",\"width\":690,\"height\":200,\"caption\":\"Pellens GmbH\"},\"image\":{\"@id\":\"https:\\\/\\\/www.pellens-hortensien.de\\\/en\\\/#\\\/schema\\\/logo\\\/image\\\/\"},\"sameAs\":[\"https:\\\/\\\/www.facebook.com\\\/Hortensia4U\\\/\",\"https:\\\/\\\/x.com\\\/Hortensia4U\",\"https:\\\/\\\/www.instagram.com\\\/Hortensia4U\\\/\",\"https:\\\/\\\/www.youtube.com\\\/user\\\/Hortensia4U\"]}]}<\/script>\n<!-- \/ Yoast SEO plugin. -->","yoast_head_json":{"title":"Everbloom\u00ae Cosmic Pink (s) - Pellens Hortensien","description":"Everbloom\u00ae Cosmic Pink (s) ist eine rosafarbene Ballhortensie der neuen Generation, die am alten und neuen Holz Bl\u00fcten bildet. Auff\u00e4lliger Farbwechsel von Gr\u00fcn \u00fcber Wei\u00df zu Pink und sp\u00e4ter dunkelgr\u00fcn.","robots":{"index":"index","follow":"follow","max-snippet":"max-snippet:-1","max-image-preview":"max-image-preview:large","max-video-preview":"max-video-preview:-1"},"canonical":"https:\/\/www.pellens-hortensien.de\/en\/product-en\/everbloom-cosmic-pink-s\/","twitter_misc":{"Est. reading time":"1 minute"},"schema":{"@context":"https:\/\/schema.org","@graph":[{"@type":"WebPage","@id":"https:\/\/www.pellens-hortensien.de\/en\/product-en\/everbloom-cosmic-pink-s\/","url":"https:\/\/www.pellens-hortensien.de\/en\/product-en\/everbloom-cosmic-pink-s\/","name":"Everbloom\u00ae Cosmic Pink (s) - Pellens Hortensien","isPartOf":{"@id":"https:\/\/www.pellens-hortensien.de\/en\/#website"},"primaryImageOfPage":{"@id":"https:\/\/www.pellens-hortensien.de\/en\/product-en\/everbloom-cosmic-pink-s\/#primaryimage"},"image":{"@id":"https:\/\/www.pellens-hortensien.de\/en\/product-en\/everbloom-cosmic-pink-s\/#primaryimage"},"thumbnailUrl":"https:\/\/www.pellens-hortensien.de\/wp-content\/uploads\/2026\/01\/everbloom-cosmic-pink-oben.png","datePublished":"2026-01-23T09:46:29+00:00","dateModified":"2026-01-23T09:47:50+00:00","description":"Everbloom\u00ae Cosmic Pink (s) ist eine rosafarbene Ballhortensie der neuen Generation, die am alten und neuen Holz Bl\u00fcten bildet. Auff\u00e4lliger Farbwechsel von Gr\u00fcn \u00fcber Wei\u00df zu Pink und sp\u00e4ter dunkelgr\u00fcn.","breadcrumb":{"@id":"https:\/\/www.pellens-hortensien.de\/en\/product-en\/everbloom-cosmic-pink-s\/#breadcrumb"},"inLanguage":"en-US","potentialAction":[{"@type":"ReadAction","target":["https:\/\/www.pellens-hortensien.de\/en\/product-en\/everbloom-cosmic-pink-s\/"]}]},{"@type":"ImageObject","inLanguage":"en-US","@id":"https:\/\/www.pellens-hortensien.de\/en\/product-en\/everbloom-cosmic-pink-s\/#primaryimage","url":"https:\/\/www.pellens-hortensien.de\/wp-content\/uploads\/2026\/01\/everbloom-cosmic-pink-oben.png","contentUrl":"https:\/\/www.pellens-hortensien.de\/wp-content\/uploads\/2026\/01\/everbloom-cosmic-pink-oben.png","width":600,"height":600,"caption":"Hortensie Hydrangea macrophylla Cosmic pink Everbloom rosa Bl\u00fcte Bauernhortensie"},{"@type":"BreadcrumbList","@id":"https:\/\/www.pellens-hortensien.de\/en\/product-en\/everbloom-cosmic-pink-s\/#breadcrumb","itemListElement":[{"@type":"ListItem","position":1,"name":"Home","item":"https:\/\/www.pellens-hortensien.de\/en\/"},{"@type":"ListItem","position":2,"name":"Interaktive Sortimentsliste","item":"https:\/\/www.pellens-hortensien.de\/sortiment-interaktiv\/"},{"@type":"ListItem","position":3,"name":"Everbloom\u00ae Cosmic Pink (s)"}]},{"@type":"WebSite","@id":"https:\/\/www.pellens-hortensien.de\/en\/#website","url":"https:\/\/www.pellens-hortensien.de\/en\/","name":"Pellens Hortensien","description":"Ihr Hortensienspezialist vom Niederrhein","publisher":{"@id":"https:\/\/www.pellens-hortensien.de\/en\/#organization"},"potentialAction":[{"@type":"SearchAction","target":{"@type":"EntryPoint","urlTemplate":"https:\/\/www.pellens-hortensien.de\/en\/?s={search_term_string}"},"query-input":{"@type":"PropertyValueSpecification","valueRequired":true,"valueName":"search_term_string"}}],"inLanguage":"en-US"},{"@type":"Organization","@id":"https:\/\/www.pellens-hortensien.de\/en\/#organization","name":"Pellens GmbH","url":"https:\/\/www.pellens-hortensien.de\/en\/","logo":{"@type":"ImageObject","inLanguage":"en-US","@id":"https:\/\/www.pellens-hortensien.de\/en\/#\/schema\/logo\/image\/","url":"https:\/\/www.pellens-hortensien.de\/wp-content\/uploads\/2015\/11\/logo_pellens_690_200.png","contentUrl":"https:\/\/www.pellens-hortensien.de\/wp-content\/uploads\/2015\/11\/logo_pellens_690_200.png","width":690,"height":200,"caption":"Pellens GmbH"},"image":{"@id":"https:\/\/www.pellens-hortensien.de\/en\/#\/schema\/logo\/image\/"},"sameAs":["https:\/\/www.facebook.com\/Hortensia4U\/","https:\/\/x.com\/Hortensia4U","https:\/\/www.instagram.com\/Hortensia4U\/","https:\/\/www.youtube.com\/user\/Hortensia4U"]}]}},"taxonomy_info":{"product_cat":[{"value":12,"label":"Everbloom\u00ae"},{"value":27,"label":"Rosa Sorten"}],"product_tag":[{"value":1411,"label":"Ballhortensie"},{"value":1450,"label":"bl\u00fcht am neuen Holz"},{"value":1587,"label":"Cosmic Pink"},{"value":1429,"label":"Everbloom"},{"value":1585,"label":"Farbwechsel"},{"value":1439,"label":"hellrosa"},{"value":739,"label":"Hortensie"},{"value":1583,"label":"Hydrangea macrophylla"},{"value":744,"label":"Pellens"},{"value":1394,"label":"Pink"},{"value":1586,"label":"remoniertend"},{"value":42,"label":"Rosa"}],"pa_produktform":[{"value":33,"label":"T-14\/ 5+ (320 Stk. per CC)"},{"value":34,"label":"T-14\/ 7+ (320 Stk. per CC)"}],"pa_verwendung":[{"value":1218,"label":"Optimal als Baumschulpflanze"},{"value":1217,"label":"Optimal als Zimmerpflanze"}],"pa_wuchs":[{"value":1215,"label":"Wuchs medium"}]},"featured_image_src_large":["https:\/\/www.pellens-hortensien.de\/wp-content\/uploads\/2026\/01\/everbloom-cosmic-pink-oben.png",600,600,false],"author_info":[],"comment_info":"","_links":{"self":[{"href":"https:\/\/www.pellens-hortensien.de\/en\/wp-json\/wp\/v2\/product\/23471","targetHints":{"allow":["GET"]}}],"collection":[{"href":"https:\/\/www.pellens-hortensien.de\/en\/wp-json\/wp\/v2\/product"}],"about":[{"href":"https:\/\/www.pellens-hortensien.de\/en\/wp-json\/wp\/v2\/types\/product"}],"wp:featuredmedia":[{"embeddable":true,"href":"https:\/\/www.pellens-hortensien.de\/en\/wp-json\/wp\/v2\/media\/23452"}],"wp:attachment":[{"href":"https:\/\/www.pellens-hortensien.de\/en\/wp-json\/wp\/v2\/media?parent=23471"}],"wp:term":[{"taxonomy":"product_brand","embeddable":true,"href":"https:\/\/www.pellens-hortensien.de\/en\/wp-json\/wp\/v2\/product_brand?post=23471"},{"taxonomy":"product_cat","embeddable":true,"href":"https:\/\/www.pellens-hortensien.de\/en\/wp-json\/wp\/v2\/product_cat?post=23471"},{"taxonomy":"product_tag","embeddable":true,"href":"https:\/\/www.pellens-hortensien.de\/en\/wp-json\/wp\/v2\/product_tag?post=23471"}],"curies":[{"name":"wp","href":"https:\/\/api.w.org\/{rel}","templated":true}]}}