{"id":23468,"date":"2026-01-23T10:33:54","date_gmt":"2026-01-23T09:33:54","guid":{"rendered":"https:\/\/www.pellens-hortensien.de\/?post_type=product&#038;p=23468"},"modified":"2026-01-23T10:33:54","modified_gmt":"2026-01-23T09:33:54","slug":"everbloom-cosmic-blue-s","status":"publish","type":"product","link":"https:\/\/www.pellens-hortensien.de\/en\/product-en\/everbloom-cosmic-blue-s\/","title":{"rendered":"Everbloom\u00ae Cosmic Blue (s)"},"content":{"rendered":"<p>Wuchs: medium<br \/>\nBl\u00fcte: mehrfarbige, auff\u00e4llig farbwechselnde Ballhortensie in blau-lila<br \/>\nBesonderheit: bl\u00fcht auch am neuen Holz, auff\u00e4lliger Farbwechsel<br \/>\nEndh\u00f6he: etwa 1 bis 1,50 Meter<br \/>\nStart: KW 2<br \/>\nTreibdauer: ca. 8-10 Wochen<br \/>\n<strong>Auch f\u00fcr Containerproduktion<\/strong>.<\/p>\n<p>Exklusive Sorte &#8211; Markenrechte liegen bei Pellens Hortensien.<\/p>\n","protected":false},"excerpt":{"rendered":"<p>Wuchs: medium Bl\u00fcte: mehrfarbige, auff\u00e4llig farbwechselnde Ballhortensie in blau-lila Besonderheit: bl\u00fcht auch am neuen Holz, auff\u00e4lliger Farbwechsel Endh\u00f6he: etwa 1 bis 1,50 Meter Start: KW 2 &hellip; <a href=\"https:\/\/www.pellens-hortensien.de\/en\/product-en\/everbloom-cosmic-blue-s\/\">Read More<\/a><\/p>\n","protected":false},"featured_media":23454,"template":"","meta":{"kt_blocks_editor_width":"","_kad_blocks_custom_css":"","_kad_blocks_head_custom_js":"","_kad_blocks_body_custom_js":"","_kad_blocks_footer_custom_js":""},"product_brand":[],"product_cat":[25,12],"product_tag":[1411,43,1391,1584,1429,1585,739,1583,744,1431],"class_list":{"0":"post-23468","1":"product","2":"type-product","3":"status-publish","4":"has-post-thumbnail","6":"product_cat-blau","7":"product_cat-everbloom","8":"product_tag-ballhortensie","9":"product_tag-blau","10":"product_tag-blue-2","11":"product_tag-cosmic-blue","12":"product_tag-everbloom","13":"product_tag-farbwechsel","14":"product_tag-hortensie","15":"product_tag-hydrangea-macrophylla","16":"product_tag-pellens","17":"product_tag-remontierend","18":"pa_produktform-t-14-5","19":"pa_produktform-t-17-8","20":"pa_verwendung-verwendung-baumschulpflanze","21":"pa_verwendung-verwendung-zimmerpflanze","22":"pa_wuchs-wuchs-kompakt","24":"first","25":"instock","26":"taxable","27":"shipping-taxable","28":"purchasable","29":"product-type-variable"},"yoast_head":"<!-- This site is optimized with the Yoast SEO plugin v27.5 - https:\/\/yoast.com\/product\/yoast-seo-wordpress\/ -->\n<title>Everbloom\u00ae Cosmic Blue (s) - Pellens Hortensien<\/title>\n<meta name=\"description\" content=\"Everbloom\u00ae Cosmic Blue (s) ist eine mehrfarbige Bauernhortensie der neuen Generation, die auch am neuen Holz bl\u00fcht. Toller Farbwechsel von hellgr\u00fcn \u00fcber lila bis rot-gr\u00fcn.\" \/>\n<meta name=\"robots\" content=\"index, follow, max-snippet:-1, max-image-preview:large, max-video-preview:-1\" \/>\n<link rel=\"canonical\" href=\"https:\/\/www.pellens-hortensien.de\/en\/product-en\/everbloom-cosmic-blue-s\/\" \/>\n<meta name=\"twitter:label1\" content=\"Est. reading time\" \/>\n\t<meta name=\"twitter:data1\" content=\"1 minute\" \/>\n<script type=\"application\/ld+json\" class=\"yoast-schema-graph\">{\"@context\":\"https:\\\/\\\/schema.org\",\"@graph\":[{\"@type\":\"WebPage\",\"@id\":\"https:\\\/\\\/www.pellens-hortensien.de\\\/en\\\/product-en\\\/everbloom-cosmic-blue-s\\\/\",\"url\":\"https:\\\/\\\/www.pellens-hortensien.de\\\/en\\\/product-en\\\/everbloom-cosmic-blue-s\\\/\",\"name\":\"Everbloom\u00ae Cosmic Blue (s) - Pellens Hortensien\",\"isPartOf\":{\"@id\":\"https:\\\/\\\/www.pellens-hortensien.de\\\/en\\\/#website\"},\"primaryImageOfPage\":{\"@id\":\"https:\\\/\\\/www.pellens-hortensien.de\\\/en\\\/product-en\\\/everbloom-cosmic-blue-s\\\/#primaryimage\"},\"image\":{\"@id\":\"https:\\\/\\\/www.pellens-hortensien.de\\\/en\\\/product-en\\\/everbloom-cosmic-blue-s\\\/#primaryimage\"},\"thumbnailUrl\":\"https:\\\/\\\/www.pellens-hortensien.de\\\/wp-content\\\/uploads\\\/2026\\\/01\\\/everbloom-cosmic-blue-seite.png\",\"datePublished\":\"2026-01-23T09:33:54+00:00\",\"description\":\"Everbloom\u00ae Cosmic Blue (s) ist eine mehrfarbige Bauernhortensie der neuen Generation, die auch am neuen Holz bl\u00fcht. Toller Farbwechsel von hellgr\u00fcn \u00fcber lila bis rot-gr\u00fcn.\",\"breadcrumb\":{\"@id\":\"https:\\\/\\\/www.pellens-hortensien.de\\\/en\\\/product-en\\\/everbloom-cosmic-blue-s\\\/#breadcrumb\"},\"inLanguage\":\"en-US\",\"potentialAction\":[{\"@type\":\"ReadAction\",\"target\":[\"https:\\\/\\\/www.pellens-hortensien.de\\\/en\\\/product-en\\\/everbloom-cosmic-blue-s\\\/\"]}]},{\"@type\":\"ImageObject\",\"inLanguage\":\"en-US\",\"@id\":\"https:\\\/\\\/www.pellens-hortensien.de\\\/en\\\/product-en\\\/everbloom-cosmic-blue-s\\\/#primaryimage\",\"url\":\"https:\\\/\\\/www.pellens-hortensien.de\\\/wp-content\\\/uploads\\\/2026\\\/01\\\/everbloom-cosmic-blue-seite.png\",\"contentUrl\":\"https:\\\/\\\/www.pellens-hortensien.de\\\/wp-content\\\/uploads\\\/2026\\\/01\\\/everbloom-cosmic-blue-seite.png\",\"width\":600,\"height\":600,\"caption\":\"Hortensie Hydrangea macrophylla Cosmic Blue blau seitlich lila gr\u00fcn Everbloom Bauernhortensie besondere\"},{\"@type\":\"BreadcrumbList\",\"@id\":\"https:\\\/\\\/www.pellens-hortensien.de\\\/en\\\/product-en\\\/everbloom-cosmic-blue-s\\\/#breadcrumb\",\"itemListElement\":[{\"@type\":\"ListItem\",\"position\":1,\"name\":\"Home\",\"item\":\"https:\\\/\\\/www.pellens-hortensien.de\\\/en\\\/\"},{\"@type\":\"ListItem\",\"position\":2,\"name\":\"Interaktive Sortimentsliste\",\"item\":\"https:\\\/\\\/www.pellens-hortensien.de\\\/sortiment-interaktiv\\\/\"},{\"@type\":\"ListItem\",\"position\":3,\"name\":\"Everbloom\u00ae Cosmic Blue (s)\"}]},{\"@type\":\"WebSite\",\"@id\":\"https:\\\/\\\/www.pellens-hortensien.de\\\/en\\\/#website\",\"url\":\"https:\\\/\\\/www.pellens-hortensien.de\\\/en\\\/\",\"name\":\"Pellens Hortensien\",\"description\":\"Ihr Hortensienspezialist vom Niederrhein\",\"publisher\":{\"@id\":\"https:\\\/\\\/www.pellens-hortensien.de\\\/en\\\/#organization\"},\"potentialAction\":[{\"@type\":\"SearchAction\",\"target\":{\"@type\":\"EntryPoint\",\"urlTemplate\":\"https:\\\/\\\/www.pellens-hortensien.de\\\/en\\\/?s={search_term_string}\"},\"query-input\":{\"@type\":\"PropertyValueSpecification\",\"valueRequired\":true,\"valueName\":\"search_term_string\"}}],\"inLanguage\":\"en-US\"},{\"@type\":\"Organization\",\"@id\":\"https:\\\/\\\/www.pellens-hortensien.de\\\/en\\\/#organization\",\"name\":\"Pellens GmbH\",\"url\":\"https:\\\/\\\/www.pellens-hortensien.de\\\/en\\\/\",\"logo\":{\"@type\":\"ImageObject\",\"inLanguage\":\"en-US\",\"@id\":\"https:\\\/\\\/www.pellens-hortensien.de\\\/en\\\/#\\\/schema\\\/logo\\\/image\\\/\",\"url\":\"https:\\\/\\\/www.pellens-hortensien.de\\\/wp-content\\\/uploads\\\/2015\\\/11\\\/logo_pellens_690_200.png\",\"contentUrl\":\"https:\\\/\\\/www.pellens-hortensien.de\\\/wp-content\\\/uploads\\\/2015\\\/11\\\/logo_pellens_690_200.png\",\"width\":690,\"height\":200,\"caption\":\"Pellens GmbH\"},\"image\":{\"@id\":\"https:\\\/\\\/www.pellens-hortensien.de\\\/en\\\/#\\\/schema\\\/logo\\\/image\\\/\"},\"sameAs\":[\"https:\\\/\\\/www.facebook.com\\\/Hortensia4U\\\/\",\"https:\\\/\\\/x.com\\\/Hortensia4U\",\"https:\\\/\\\/www.instagram.com\\\/Hortensia4U\\\/\",\"https:\\\/\\\/www.youtube.com\\\/user\\\/Hortensia4U\"]}]}<\/script>\n<!-- \/ Yoast SEO plugin. -->","yoast_head_json":{"title":"Everbloom\u00ae Cosmic Blue (s) - Pellens Hortensien","description":"Everbloom\u00ae Cosmic Blue (s) ist eine mehrfarbige Bauernhortensie der neuen Generation, die auch am neuen Holz bl\u00fcht. Toller Farbwechsel von hellgr\u00fcn \u00fcber lila bis rot-gr\u00fcn.","robots":{"index":"index","follow":"follow","max-snippet":"max-snippet:-1","max-image-preview":"max-image-preview:large","max-video-preview":"max-video-preview:-1"},"canonical":"https:\/\/www.pellens-hortensien.de\/en\/product-en\/everbloom-cosmic-blue-s\/","twitter_misc":{"Est. reading time":"1 minute"},"schema":{"@context":"https:\/\/schema.org","@graph":[{"@type":"WebPage","@id":"https:\/\/www.pellens-hortensien.de\/en\/product-en\/everbloom-cosmic-blue-s\/","url":"https:\/\/www.pellens-hortensien.de\/en\/product-en\/everbloom-cosmic-blue-s\/","name":"Everbloom\u00ae Cosmic Blue (s) - Pellens Hortensien","isPartOf":{"@id":"https:\/\/www.pellens-hortensien.de\/en\/#website"},"primaryImageOfPage":{"@id":"https:\/\/www.pellens-hortensien.de\/en\/product-en\/everbloom-cosmic-blue-s\/#primaryimage"},"image":{"@id":"https:\/\/www.pellens-hortensien.de\/en\/product-en\/everbloom-cosmic-blue-s\/#primaryimage"},"thumbnailUrl":"https:\/\/www.pellens-hortensien.de\/wp-content\/uploads\/2026\/01\/everbloom-cosmic-blue-seite.png","datePublished":"2026-01-23T09:33:54+00:00","description":"Everbloom\u00ae Cosmic Blue (s) ist eine mehrfarbige Bauernhortensie der neuen Generation, die auch am neuen Holz bl\u00fcht. Toller Farbwechsel von hellgr\u00fcn \u00fcber lila bis rot-gr\u00fcn.","breadcrumb":{"@id":"https:\/\/www.pellens-hortensien.de\/en\/product-en\/everbloom-cosmic-blue-s\/#breadcrumb"},"inLanguage":"en-US","potentialAction":[{"@type":"ReadAction","target":["https:\/\/www.pellens-hortensien.de\/en\/product-en\/everbloom-cosmic-blue-s\/"]}]},{"@type":"ImageObject","inLanguage":"en-US","@id":"https:\/\/www.pellens-hortensien.de\/en\/product-en\/everbloom-cosmic-blue-s\/#primaryimage","url":"https:\/\/www.pellens-hortensien.de\/wp-content\/uploads\/2026\/01\/everbloom-cosmic-blue-seite.png","contentUrl":"https:\/\/www.pellens-hortensien.de\/wp-content\/uploads\/2026\/01\/everbloom-cosmic-blue-seite.png","width":600,"height":600,"caption":"Hortensie Hydrangea macrophylla Cosmic Blue blau seitlich lila gr\u00fcn Everbloom Bauernhortensie besondere"},{"@type":"BreadcrumbList","@id":"https:\/\/www.pellens-hortensien.de\/en\/product-en\/everbloom-cosmic-blue-s\/#breadcrumb","itemListElement":[{"@type":"ListItem","position":1,"name":"Home","item":"https:\/\/www.pellens-hortensien.de\/en\/"},{"@type":"ListItem","position":2,"name":"Interaktive Sortimentsliste","item":"https:\/\/www.pellens-hortensien.de\/sortiment-interaktiv\/"},{"@type":"ListItem","position":3,"name":"Everbloom\u00ae Cosmic Blue (s)"}]},{"@type":"WebSite","@id":"https:\/\/www.pellens-hortensien.de\/en\/#website","url":"https:\/\/www.pellens-hortensien.de\/en\/","name":"Pellens Hortensien","description":"Ihr Hortensienspezialist vom Niederrhein","publisher":{"@id":"https:\/\/www.pellens-hortensien.de\/en\/#organization"},"potentialAction":[{"@type":"SearchAction","target":{"@type":"EntryPoint","urlTemplate":"https:\/\/www.pellens-hortensien.de\/en\/?s={search_term_string}"},"query-input":{"@type":"PropertyValueSpecification","valueRequired":true,"valueName":"search_term_string"}}],"inLanguage":"en-US"},{"@type":"Organization","@id":"https:\/\/www.pellens-hortensien.de\/en\/#organization","name":"Pellens GmbH","url":"https:\/\/www.pellens-hortensien.de\/en\/","logo":{"@type":"ImageObject","inLanguage":"en-US","@id":"https:\/\/www.pellens-hortensien.de\/en\/#\/schema\/logo\/image\/","url":"https:\/\/www.pellens-hortensien.de\/wp-content\/uploads\/2015\/11\/logo_pellens_690_200.png","contentUrl":"https:\/\/www.pellens-hortensien.de\/wp-content\/uploads\/2015\/11\/logo_pellens_690_200.png","width":690,"height":200,"caption":"Pellens GmbH"},"image":{"@id":"https:\/\/www.pellens-hortensien.de\/en\/#\/schema\/logo\/image\/"},"sameAs":["https:\/\/www.facebook.com\/Hortensia4U\/","https:\/\/x.com\/Hortensia4U","https:\/\/www.instagram.com\/Hortensia4U\/","https:\/\/www.youtube.com\/user\/Hortensia4U"]}]}},"taxonomy_info":{"product_cat":[{"value":25,"label":"Blaue Sorten"},{"value":12,"label":"Everbloom\u00ae"}],"product_tag":[{"value":1411,"label":"Ballhortensie"},{"value":43,"label":"Blau"},{"value":1391,"label":"Blue"},{"value":1584,"label":"Cosmic Blue"},{"value":1429,"label":"Everbloom"},{"value":1585,"label":"Farbwechsel"},{"value":739,"label":"Hortensie"},{"value":1583,"label":"Hydrangea macrophylla"},{"value":744,"label":"Pellens"},{"value":1431,"label":"remontierend"}],"pa_produktform":[{"value":33,"label":"T-14\/ 5+ (320 Stk. per CC)"},{"value":1392,"label":"T-17\/ 8+ (240 Stk. per CC)"}],"pa_verwendung":[{"value":1218,"label":"Optimal als Baumschulpflanze"},{"value":1217,"label":"Optimal als Zimmerpflanze"}],"pa_wuchs":[{"value":1214,"label":"Wuchs kompakt"}]},"featured_image_src_large":["https:\/\/www.pellens-hortensien.de\/wp-content\/uploads\/2026\/01\/everbloom-cosmic-blue-seite.png",600,600,false],"author_info":[],"comment_info":"","_links":{"self":[{"href":"https:\/\/www.pellens-hortensien.de\/en\/wp-json\/wp\/v2\/product\/23468","targetHints":{"allow":["GET"]}}],"collection":[{"href":"https:\/\/www.pellens-hortensien.de\/en\/wp-json\/wp\/v2\/product"}],"about":[{"href":"https:\/\/www.pellens-hortensien.de\/en\/wp-json\/wp\/v2\/types\/product"}],"wp:featuredmedia":[{"embeddable":true,"href":"https:\/\/www.pellens-hortensien.de\/en\/wp-json\/wp\/v2\/media\/23454"}],"wp:attachment":[{"href":"https:\/\/www.pellens-hortensien.de\/en\/wp-json\/wp\/v2\/media?parent=23468"}],"wp:term":[{"taxonomy":"product_brand","embeddable":true,"href":"https:\/\/www.pellens-hortensien.de\/en\/wp-json\/wp\/v2\/product_brand?post=23468"},{"taxonomy":"product_cat","embeddable":true,"href":"https:\/\/www.pellens-hortensien.de\/en\/wp-json\/wp\/v2\/product_cat?post=23468"},{"taxonomy":"product_tag","embeddable":true,"href":"https:\/\/www.pellens-hortensien.de\/en\/wp-json\/wp\/v2\/product_tag?post=23468"}],"curies":[{"name":"wp","href":"https:\/\/api.w.org\/{rel}","templated":true}]}}