{"id":23465,"date":"2026-01-23T09:33:07","date_gmt":"2026-01-23T08:33:07","guid":{"rendered":"https:\/\/www.pellens-hortensien.de\/?post_type=product&#038;p=23465"},"modified":"2026-01-23T09:33:07","modified_gmt":"2026-01-23T08:33:07","slug":"blue-deckle","status":"publish","type":"product","link":"https:\/\/www.pellens-hortensien.de\/en\/product-en\/blue-deckle\/","title":{"rendered":"Blue Deckle"},"content":{"rendered":"<p>Wuchs: Kompakt &#8211; f\u00fcr Containerproduktion<br \/>\nBl\u00fcte: Hellblaue Tellerhortensie mit lockerem Bl\u00fctenaufbau. Zum Teil schlie\u00dfen die Scheinbl\u00fcten die Teller, zum Teil dominieren die fertilen Bl\u00fcten, so dass sich ein lebhaftes Pflanzenbild ergibt.<br \/>\nEndh\u00f6he: bis 1 Meter<br \/>\nStart: KW 2<br \/>\nTreibdauer: 8 bis 9 Wochen<\/p>\n<p>&nbsp;<\/p>\n","protected":false},"excerpt":{"rendered":"<p>Wuchs: Kompakt &#8211; f\u00fcr Containerproduktion Bl\u00fcte: Hellblaue Tellerhortensie mit lockerem Bl\u00fctenaufbau. Zum Teil schlie\u00dfen die Scheinbl\u00fcten die Teller, zum Teil dominieren die fertilen Bl\u00fcten, so dass &hellip; <a href=\"https:\/\/www.pellens-hortensien.de\/en\/product-en\/blue-deckle\/\">Read More<\/a><\/p>\n","protected":false},"featured_media":23459,"template":"","meta":{"kt_blocks_editor_width":"","_kad_blocks_custom_css":"","_kad_blocks_head_custom_js":"","_kad_blocks_body_custom_js":"","_kad_blocks_footer_custom_js":""},"product_brand":[],"product_cat":[29,25,13],"product_tag":[1579,43,1578,1581,1580,1387,739,740,1582,1577,1416],"class_list":{"0":"post-23465","1":"product","2":"type-product","3":"status-publish","4":"has-post-thumbnail","6":"product_cat-special","7":"product_cat-blau","8":"product_cat-hortensia","9":"product_tag-berghortensie","10":"product_tag-blau","11":"product_tag-blue-deckle","12":"product_tag-gehoelz","13":"product_tag-halbschatten","14":"product_tag-hortensia","15":"product_tag-hortensie","16":"product_tag-hydrangea","17":"product_tag-mehrjaehrig","18":"product_tag-serrata","19":"product_tag-tellerhortensie","20":"pa_produktform-t-14-5","21":"pa_produktform-t-14-7","22":"pa_wuchs-wuchs-kompakt","24":"first","25":"instock","26":"taxable","27":"shipping-taxable","28":"purchasable","29":"product-type-variable"},"yoast_head":"<!-- This site is optimized with the Yoast SEO plugin v27.5 - https:\/\/yoast.com\/product\/yoast-seo-wordpress\/ -->\n<title>Blue Deckle - Pellens Hortensien<\/title>\n<meta name=\"description\" content=\"Blue Deckle ist eine kompakt wachsende Hortensie mit lockeren Tellerbl\u00fcten. Blue Deckle bl\u00fcht hellblau und geh\u00f6rt zu den Berghortensien (Hydrangea serrata).\" \/>\n<meta name=\"robots\" content=\"index, follow, max-snippet:-1, max-image-preview:large, max-video-preview:-1\" \/>\n<link rel=\"canonical\" href=\"https:\/\/www.pellens-hortensien.de\/en\/product-en\/blue-deckle\/\" \/>\n<meta name=\"twitter:label1\" content=\"Est. reading time\" \/>\n\t<meta name=\"twitter:data1\" content=\"1 minute\" \/>\n<script type=\"application\/ld+json\" class=\"yoast-schema-graph\">{\"@context\":\"https:\\\/\\\/schema.org\",\"@graph\":[{\"@type\":\"WebPage\",\"@id\":\"https:\\\/\\\/www.pellens-hortensien.de\\\/en\\\/product-en\\\/blue-deckle\\\/\",\"url\":\"https:\\\/\\\/www.pellens-hortensien.de\\\/en\\\/product-en\\\/blue-deckle\\\/\",\"name\":\"Blue Deckle - Pellens Hortensien\",\"isPartOf\":{\"@id\":\"https:\\\/\\\/www.pellens-hortensien.de\\\/en\\\/#website\"},\"primaryImageOfPage\":{\"@id\":\"https:\\\/\\\/www.pellens-hortensien.de\\\/en\\\/product-en\\\/blue-deckle\\\/#primaryimage\"},\"image\":{\"@id\":\"https:\\\/\\\/www.pellens-hortensien.de\\\/en\\\/product-en\\\/blue-deckle\\\/#primaryimage\"},\"thumbnailUrl\":\"https:\\\/\\\/www.pellens-hortensien.de\\\/wp-content\\\/uploads\\\/2026\\\/01\\\/hort-special-blue-deckle-oben.png\",\"datePublished\":\"2026-01-23T08:33:07+00:00\",\"description\":\"Blue Deckle ist eine kompakt wachsende Hortensie mit lockeren Tellerbl\u00fcten. Blue Deckle bl\u00fcht hellblau und geh\u00f6rt zu den Berghortensien (Hydrangea serrata).\",\"breadcrumb\":{\"@id\":\"https:\\\/\\\/www.pellens-hortensien.de\\\/en\\\/product-en\\\/blue-deckle\\\/#breadcrumb\"},\"inLanguage\":\"en-US\",\"potentialAction\":[{\"@type\":\"ReadAction\",\"target\":[\"https:\\\/\\\/www.pellens-hortensien.de\\\/en\\\/product-en\\\/blue-deckle\\\/\"]}]},{\"@type\":\"ImageObject\",\"inLanguage\":\"en-US\",\"@id\":\"https:\\\/\\\/www.pellens-hortensien.de\\\/en\\\/product-en\\\/blue-deckle\\\/#primaryimage\",\"url\":\"https:\\\/\\\/www.pellens-hortensien.de\\\/wp-content\\\/uploads\\\/2026\\\/01\\\/hort-special-blue-deckle-oben.png\",\"contentUrl\":\"https:\\\/\\\/www.pellens-hortensien.de\\\/wp-content\\\/uploads\\\/2026\\\/01\\\/hort-special-blue-deckle-oben.png\",\"width\":600,\"height\":600,\"caption\":\"Hortensie Hydrangea serrata Berghortensie Blue Deckle blau Tellerhortensie Hortensia\"},{\"@type\":\"BreadcrumbList\",\"@id\":\"https:\\\/\\\/www.pellens-hortensien.de\\\/en\\\/product-en\\\/blue-deckle\\\/#breadcrumb\",\"itemListElement\":[{\"@type\":\"ListItem\",\"position\":1,\"name\":\"Home\",\"item\":\"https:\\\/\\\/www.pellens-hortensien.de\\\/en\\\/\"},{\"@type\":\"ListItem\",\"position\":2,\"name\":\"Interaktive Sortimentsliste\",\"item\":\"https:\\\/\\\/www.pellens-hortensien.de\\\/sortiment-interaktiv\\\/\"},{\"@type\":\"ListItem\",\"position\":3,\"name\":\"Blue Deckle\"}]},{\"@type\":\"WebSite\",\"@id\":\"https:\\\/\\\/www.pellens-hortensien.de\\\/en\\\/#website\",\"url\":\"https:\\\/\\\/www.pellens-hortensien.de\\\/en\\\/\",\"name\":\"Pellens Hortensien\",\"description\":\"Ihr Hortensienspezialist vom Niederrhein\",\"publisher\":{\"@id\":\"https:\\\/\\\/www.pellens-hortensien.de\\\/en\\\/#organization\"},\"potentialAction\":[{\"@type\":\"SearchAction\",\"target\":{\"@type\":\"EntryPoint\",\"urlTemplate\":\"https:\\\/\\\/www.pellens-hortensien.de\\\/en\\\/?s={search_term_string}\"},\"query-input\":{\"@type\":\"PropertyValueSpecification\",\"valueRequired\":true,\"valueName\":\"search_term_string\"}}],\"inLanguage\":\"en-US\"},{\"@type\":\"Organization\",\"@id\":\"https:\\\/\\\/www.pellens-hortensien.de\\\/en\\\/#organization\",\"name\":\"Pellens GmbH\",\"url\":\"https:\\\/\\\/www.pellens-hortensien.de\\\/en\\\/\",\"logo\":{\"@type\":\"ImageObject\",\"inLanguage\":\"en-US\",\"@id\":\"https:\\\/\\\/www.pellens-hortensien.de\\\/en\\\/#\\\/schema\\\/logo\\\/image\\\/\",\"url\":\"https:\\\/\\\/www.pellens-hortensien.de\\\/wp-content\\\/uploads\\\/2015\\\/11\\\/logo_pellens_690_200.png\",\"contentUrl\":\"https:\\\/\\\/www.pellens-hortensien.de\\\/wp-content\\\/uploads\\\/2015\\\/11\\\/logo_pellens_690_200.png\",\"width\":690,\"height\":200,\"caption\":\"Pellens GmbH\"},\"image\":{\"@id\":\"https:\\\/\\\/www.pellens-hortensien.de\\\/en\\\/#\\\/schema\\\/logo\\\/image\\\/\"},\"sameAs\":[\"https:\\\/\\\/www.facebook.com\\\/Hortensia4U\\\/\",\"https:\\\/\\\/x.com\\\/Hortensia4U\",\"https:\\\/\\\/www.instagram.com\\\/Hortensia4U\\\/\",\"https:\\\/\\\/www.youtube.com\\\/user\\\/Hortensia4U\"]}]}<\/script>\n<!-- \/ Yoast SEO plugin. -->","yoast_head_json":{"title":"Blue Deckle - Pellens Hortensien","description":"Blue Deckle ist eine kompakt wachsende Hortensie mit lockeren Tellerbl\u00fcten. Blue Deckle bl\u00fcht hellblau und geh\u00f6rt zu den Berghortensien (Hydrangea serrata).","robots":{"index":"index","follow":"follow","max-snippet":"max-snippet:-1","max-image-preview":"max-image-preview:large","max-video-preview":"max-video-preview:-1"},"canonical":"https:\/\/www.pellens-hortensien.de\/en\/product-en\/blue-deckle\/","twitter_misc":{"Est. reading time":"1 minute"},"schema":{"@context":"https:\/\/schema.org","@graph":[{"@type":"WebPage","@id":"https:\/\/www.pellens-hortensien.de\/en\/product-en\/blue-deckle\/","url":"https:\/\/www.pellens-hortensien.de\/en\/product-en\/blue-deckle\/","name":"Blue Deckle - Pellens Hortensien","isPartOf":{"@id":"https:\/\/www.pellens-hortensien.de\/en\/#website"},"primaryImageOfPage":{"@id":"https:\/\/www.pellens-hortensien.de\/en\/product-en\/blue-deckle\/#primaryimage"},"image":{"@id":"https:\/\/www.pellens-hortensien.de\/en\/product-en\/blue-deckle\/#primaryimage"},"thumbnailUrl":"https:\/\/www.pellens-hortensien.de\/wp-content\/uploads\/2026\/01\/hort-special-blue-deckle-oben.png","datePublished":"2026-01-23T08:33:07+00:00","description":"Blue Deckle ist eine kompakt wachsende Hortensie mit lockeren Tellerbl\u00fcten. Blue Deckle bl\u00fcht hellblau und geh\u00f6rt zu den Berghortensien (Hydrangea serrata).","breadcrumb":{"@id":"https:\/\/www.pellens-hortensien.de\/en\/product-en\/blue-deckle\/#breadcrumb"},"inLanguage":"en-US","potentialAction":[{"@type":"ReadAction","target":["https:\/\/www.pellens-hortensien.de\/en\/product-en\/blue-deckle\/"]}]},{"@type":"ImageObject","inLanguage":"en-US","@id":"https:\/\/www.pellens-hortensien.de\/en\/product-en\/blue-deckle\/#primaryimage","url":"https:\/\/www.pellens-hortensien.de\/wp-content\/uploads\/2026\/01\/hort-special-blue-deckle-oben.png","contentUrl":"https:\/\/www.pellens-hortensien.de\/wp-content\/uploads\/2026\/01\/hort-special-blue-deckle-oben.png","width":600,"height":600,"caption":"Hortensie Hydrangea serrata Berghortensie Blue Deckle blau Tellerhortensie Hortensia"},{"@type":"BreadcrumbList","@id":"https:\/\/www.pellens-hortensien.de\/en\/product-en\/blue-deckle\/#breadcrumb","itemListElement":[{"@type":"ListItem","position":1,"name":"Home","item":"https:\/\/www.pellens-hortensien.de\/en\/"},{"@type":"ListItem","position":2,"name":"Interaktive Sortimentsliste","item":"https:\/\/www.pellens-hortensien.de\/sortiment-interaktiv\/"},{"@type":"ListItem","position":3,"name":"Blue Deckle"}]},{"@type":"WebSite","@id":"https:\/\/www.pellens-hortensien.de\/en\/#website","url":"https:\/\/www.pellens-hortensien.de\/en\/","name":"Pellens Hortensien","description":"Ihr Hortensienspezialist vom Niederrhein","publisher":{"@id":"https:\/\/www.pellens-hortensien.de\/en\/#organization"},"potentialAction":[{"@type":"SearchAction","target":{"@type":"EntryPoint","urlTemplate":"https:\/\/www.pellens-hortensien.de\/en\/?s={search_term_string}"},"query-input":{"@type":"PropertyValueSpecification","valueRequired":true,"valueName":"search_term_string"}}],"inLanguage":"en-US"},{"@type":"Organization","@id":"https:\/\/www.pellens-hortensien.de\/en\/#organization","name":"Pellens GmbH","url":"https:\/\/www.pellens-hortensien.de\/en\/","logo":{"@type":"ImageObject","inLanguage":"en-US","@id":"https:\/\/www.pellens-hortensien.de\/en\/#\/schema\/logo\/image\/","url":"https:\/\/www.pellens-hortensien.de\/wp-content\/uploads\/2015\/11\/logo_pellens_690_200.png","contentUrl":"https:\/\/www.pellens-hortensien.de\/wp-content\/uploads\/2015\/11\/logo_pellens_690_200.png","width":690,"height":200,"caption":"Pellens GmbH"},"image":{"@id":"https:\/\/www.pellens-hortensien.de\/en\/#\/schema\/logo\/image\/"},"sameAs":["https:\/\/www.facebook.com\/Hortensia4U\/","https:\/\/x.com\/Hortensia4U","https:\/\/www.instagram.com\/Hortensia4U\/","https:\/\/www.youtube.com\/user\/Hortensia4U"]}]}},"taxonomy_info":{"product_cat":[{"value":29,"label":"Besondere Sorten"},{"value":25,"label":"Blaue Sorten"},{"value":13,"label":"Hortensia"}],"product_tag":[{"value":1579,"label":"Berghortensie"},{"value":43,"label":"Blau"},{"value":1578,"label":"Blue Deckle"},{"value":1581,"label":"Geh\u00f6lz"},{"value":1580,"label":"Halbschatten"},{"value":1387,"label":"Hortensia"},{"value":739,"label":"Hortensie"},{"value":740,"label":"Hydrangea"},{"value":1582,"label":"mehrj\u00e4hrig"},{"value":1577,"label":"serrata"},{"value":1416,"label":"Tellerhortensie"}],"pa_produktform":[{"value":33,"label":"T-14\/ 5+ (320 Stk. per CC)"},{"value":34,"label":"T-14\/ 7+ (320 Stk. per CC)"}],"pa_wuchs":[{"value":1214,"label":"Wuchs kompakt"}]},"featured_image_src_large":["https:\/\/www.pellens-hortensien.de\/wp-content\/uploads\/2026\/01\/hort-special-blue-deckle-oben.png",600,600,false],"author_info":[],"comment_info":"","_links":{"self":[{"href":"https:\/\/www.pellens-hortensien.de\/en\/wp-json\/wp\/v2\/product\/23465","targetHints":{"allow":["GET"]}}],"collection":[{"href":"https:\/\/www.pellens-hortensien.de\/en\/wp-json\/wp\/v2\/product"}],"about":[{"href":"https:\/\/www.pellens-hortensien.de\/en\/wp-json\/wp\/v2\/types\/product"}],"wp:featuredmedia":[{"embeddable":true,"href":"https:\/\/www.pellens-hortensien.de\/en\/wp-json\/wp\/v2\/media\/23459"}],"wp:attachment":[{"href":"https:\/\/www.pellens-hortensien.de\/en\/wp-json\/wp\/v2\/media?parent=23465"}],"wp:term":[{"taxonomy":"product_brand","embeddable":true,"href":"https:\/\/www.pellens-hortensien.de\/en\/wp-json\/wp\/v2\/product_brand?post=23465"},{"taxonomy":"product_cat","embeddable":true,"href":"https:\/\/www.pellens-hortensien.de\/en\/wp-json\/wp\/v2\/product_cat?post=23465"},{"taxonomy":"product_tag","embeddable":true,"href":"https:\/\/www.pellens-hortensien.de\/en\/wp-json\/wp\/v2\/product_tag?post=23465"}],"curies":[{"name":"wp","href":"https:\/\/api.w.org\/{rel}","templated":true}]}}