{"id":22965,"date":"2024-07-10T08:47:17","date_gmt":"2024-07-10T06:47:17","guid":{"rendered":"https:\/\/www.pellens-hortensien.de\/?post_type=product&#038;p=22965"},"modified":"2025-11-04T10:30:34","modified_gmt":"2025-11-04T09:30:34","slug":"marine-blau","status":"publish","type":"product","link":"https:\/\/www.pellens-hortensien.de\/en\/product-en\/marine-blau\/","title":{"rendered":"Marine blau"},"content":{"rendered":"<div id=\"stcpDiv\">Wuchs: medium<\/div>\n<div>Bl\u00fcte: mittelblaue Ballhortensie<\/div>\n<div>Endh\u00f6he: um 1,5 Meter<\/div>\n<div><\/div>\n<div>Start: KW 50<\/div>\n<div>Treibdauer: ca. 10 Wochen<br \/>\n<strong>Auch f\u00fcr Containerproduktion.<\/strong><\/div>\n","protected":false},"excerpt":{"rendered":"<p>Wuchs: medium Bl\u00fcte: mittelblaue Ballhortensie Endh\u00f6he: um 1,5 Meter Start: KW 50 Treibdauer: ca. 10 Wochen Auch f\u00fcr Containerproduktion.<\/p>\n","protected":false},"featured_media":22962,"template":"","meta":{"kt_blocks_editor_width":"","_kad_blocks_custom_css":"","_kad_blocks_head_custom_js":"","_kad_blocks_body_custom_js":"","_kad_blocks_footer_custom_js":""},"product_brand":[],"product_cat":[25,13],"product_tag":[1411,1412,1510,43,1391,1460,1387,739,754,740,1512,741,1509,1513,1464,744,1511],"class_list":{"0":"post-22965","1":"product","2":"type-product","3":"status-publish","4":"has-post-thumbnail","6":"product_cat-blau","7":"product_cat-hortensia","8":"product_tag-ballhortensie","9":"product_tag-bauernhortensie","10":"product_tag-beet","11":"product_tag-blau","12":"product_tag-blue-2","13":"product_tag-fuer-toepfe","14":"product_tag-hortensia","15":"product_tag-hortensie","16":"product_tag-hortensiensorten","17":"product_tag-hydrangea","18":"product_tag-kuebel","19":"product_tag-macrophylla","20":"product_tag-marine","21":"product_tag-meerblau","22":"product_tag-mittelblau","23":"product_tag-pellens","24":"product_tag-topf","25":"pa_produktform-c-5-12","26":"pa_produktform-t-10-3","27":"pa_produktform-t-14-5","28":"pa_produktform-t-14-7","29":"pa_produktform-t-17-8","30":"pa_verwendung-verwendung-baumschulpflanze","31":"pa_verwendung-verwendung-zimmerpflanze","32":"pa_wuchs-wuchs-medium","34":"first","35":"instock","36":"taxable","37":"shipping-taxable","38":"purchasable","39":"product-type-variable"},"yoast_head":"<!-- This site is optimized with the Yoast SEO plugin v27.5 - https:\/\/yoast.com\/product\/yoast-seo-wordpress\/ -->\n<title>Marine blau - Pellens Hortensien<\/title>\n<meta name=\"description\" content=\"Marine blau ist eine Ballhortensie in meerblau. Die Bauernhortensie (Hydrangea macrophylla) wird 1 bis 1,5 Meter hoch und kann in Topf oder Beet.\" \/>\n<meta name=\"robots\" content=\"index, follow, max-snippet:-1, max-image-preview:large, max-video-preview:-1\" \/>\n<link rel=\"canonical\" href=\"https:\/\/www.pellens-hortensien.de\/en\/product-en\/marine-blau\/\" \/>\n<meta name=\"twitter:label1\" content=\"Est. reading time\" \/>\n\t<meta name=\"twitter:data1\" content=\"1 minute\" \/>\n<script type=\"application\/ld+json\" class=\"yoast-schema-graph\">{\"@context\":\"https:\\\/\\\/schema.org\",\"@graph\":[{\"@type\":\"WebPage\",\"@id\":\"https:\\\/\\\/www.pellens-hortensien.de\\\/en\\\/product-en\\\/marine-blau\\\/\",\"url\":\"https:\\\/\\\/www.pellens-hortensien.de\\\/en\\\/product-en\\\/marine-blau\\\/\",\"name\":\"Marine blau - Pellens Hortensien\",\"isPartOf\":{\"@id\":\"https:\\\/\\\/www.pellens-hortensien.de\\\/en\\\/#website\"},\"primaryImageOfPage\":{\"@id\":\"https:\\\/\\\/www.pellens-hortensien.de\\\/en\\\/product-en\\\/marine-blau\\\/#primaryimage\"},\"image\":{\"@id\":\"https:\\\/\\\/www.pellens-hortensien.de\\\/en\\\/product-en\\\/marine-blau\\\/#primaryimage\"},\"thumbnailUrl\":\"https:\\\/\\\/www.pellens-hortensien.de\\\/wp-content\\\/uploads\\\/2024\\\/07\\\/hort-blau-Marine_blau.png\",\"datePublished\":\"2024-07-10T06:47:17+00:00\",\"dateModified\":\"2025-11-04T09:30:34+00:00\",\"description\":\"Marine blau ist eine Ballhortensie in meerblau. Die Bauernhortensie (Hydrangea macrophylla) wird 1 bis 1,5 Meter hoch und kann in Topf oder Beet.\",\"breadcrumb\":{\"@id\":\"https:\\\/\\\/www.pellens-hortensien.de\\\/en\\\/product-en\\\/marine-blau\\\/#breadcrumb\"},\"inLanguage\":\"en-US\",\"potentialAction\":[{\"@type\":\"ReadAction\",\"target\":[\"https:\\\/\\\/www.pellens-hortensien.de\\\/en\\\/product-en\\\/marine-blau\\\/\"]}]},{\"@type\":\"ImageObject\",\"inLanguage\":\"en-US\",\"@id\":\"https:\\\/\\\/www.pellens-hortensien.de\\\/en\\\/product-en\\\/marine-blau\\\/#primaryimage\",\"url\":\"https:\\\/\\\/www.pellens-hortensien.de\\\/wp-content\\\/uploads\\\/2024\\\/07\\\/hort-blau-Marine_blau.png\",\"contentUrl\":\"https:\\\/\\\/www.pellens-hortensien.de\\\/wp-content\\\/uploads\\\/2024\\\/07\\\/hort-blau-Marine_blau.png\",\"width\":600,\"height\":600,\"caption\":\"Marine blau\"},{\"@type\":\"BreadcrumbList\",\"@id\":\"https:\\\/\\\/www.pellens-hortensien.de\\\/en\\\/product-en\\\/marine-blau\\\/#breadcrumb\",\"itemListElement\":[{\"@type\":\"ListItem\",\"position\":1,\"name\":\"Home\",\"item\":\"https:\\\/\\\/www.pellens-hortensien.de\\\/en\\\/\"},{\"@type\":\"ListItem\",\"position\":2,\"name\":\"Interaktive Sortimentsliste\",\"item\":\"https:\\\/\\\/www.pellens-hortensien.de\\\/sortiment-interaktiv\\\/\"},{\"@type\":\"ListItem\",\"position\":3,\"name\":\"Marine blau\"}]},{\"@type\":\"WebSite\",\"@id\":\"https:\\\/\\\/www.pellens-hortensien.de\\\/en\\\/#website\",\"url\":\"https:\\\/\\\/www.pellens-hortensien.de\\\/en\\\/\",\"name\":\"Pellens Hortensien\",\"description\":\"Ihr Hortensienspezialist vom Niederrhein\",\"publisher\":{\"@id\":\"https:\\\/\\\/www.pellens-hortensien.de\\\/en\\\/#organization\"},\"potentialAction\":[{\"@type\":\"SearchAction\",\"target\":{\"@type\":\"EntryPoint\",\"urlTemplate\":\"https:\\\/\\\/www.pellens-hortensien.de\\\/en\\\/?s={search_term_string}\"},\"query-input\":{\"@type\":\"PropertyValueSpecification\",\"valueRequired\":true,\"valueName\":\"search_term_string\"}}],\"inLanguage\":\"en-US\"},{\"@type\":\"Organization\",\"@id\":\"https:\\\/\\\/www.pellens-hortensien.de\\\/en\\\/#organization\",\"name\":\"Pellens GmbH\",\"url\":\"https:\\\/\\\/www.pellens-hortensien.de\\\/en\\\/\",\"logo\":{\"@type\":\"ImageObject\",\"inLanguage\":\"en-US\",\"@id\":\"https:\\\/\\\/www.pellens-hortensien.de\\\/en\\\/#\\\/schema\\\/logo\\\/image\\\/\",\"url\":\"https:\\\/\\\/www.pellens-hortensien.de\\\/wp-content\\\/uploads\\\/2015\\\/11\\\/logo_pellens_690_200.png\",\"contentUrl\":\"https:\\\/\\\/www.pellens-hortensien.de\\\/wp-content\\\/uploads\\\/2015\\\/11\\\/logo_pellens_690_200.png\",\"width\":690,\"height\":200,\"caption\":\"Pellens GmbH\"},\"image\":{\"@id\":\"https:\\\/\\\/www.pellens-hortensien.de\\\/en\\\/#\\\/schema\\\/logo\\\/image\\\/\"},\"sameAs\":[\"https:\\\/\\\/www.facebook.com\\\/Hortensia4U\\\/\",\"https:\\\/\\\/x.com\\\/Hortensia4U\",\"https:\\\/\\\/www.instagram.com\\\/Hortensia4U\\\/\",\"https:\\\/\\\/www.youtube.com\\\/user\\\/Hortensia4U\"]}]}<\/script>\n<!-- \/ Yoast SEO plugin. -->","yoast_head_json":{"title":"Marine blau - Pellens Hortensien","description":"Marine blau ist eine Ballhortensie in meerblau. Die Bauernhortensie (Hydrangea macrophylla) wird 1 bis 1,5 Meter hoch und kann in Topf oder Beet.","robots":{"index":"index","follow":"follow","max-snippet":"max-snippet:-1","max-image-preview":"max-image-preview:large","max-video-preview":"max-video-preview:-1"},"canonical":"https:\/\/www.pellens-hortensien.de\/en\/product-en\/marine-blau\/","twitter_misc":{"Est. reading time":"1 minute"},"schema":{"@context":"https:\/\/schema.org","@graph":[{"@type":"WebPage","@id":"https:\/\/www.pellens-hortensien.de\/en\/product-en\/marine-blau\/","url":"https:\/\/www.pellens-hortensien.de\/en\/product-en\/marine-blau\/","name":"Marine blau - Pellens Hortensien","isPartOf":{"@id":"https:\/\/www.pellens-hortensien.de\/en\/#website"},"primaryImageOfPage":{"@id":"https:\/\/www.pellens-hortensien.de\/en\/product-en\/marine-blau\/#primaryimage"},"image":{"@id":"https:\/\/www.pellens-hortensien.de\/en\/product-en\/marine-blau\/#primaryimage"},"thumbnailUrl":"https:\/\/www.pellens-hortensien.de\/wp-content\/uploads\/2024\/07\/hort-blau-Marine_blau.png","datePublished":"2024-07-10T06:47:17+00:00","dateModified":"2025-11-04T09:30:34+00:00","description":"Marine blau ist eine Ballhortensie in meerblau. Die Bauernhortensie (Hydrangea macrophylla) wird 1 bis 1,5 Meter hoch und kann in Topf oder Beet.","breadcrumb":{"@id":"https:\/\/www.pellens-hortensien.de\/en\/product-en\/marine-blau\/#breadcrumb"},"inLanguage":"en-US","potentialAction":[{"@type":"ReadAction","target":["https:\/\/www.pellens-hortensien.de\/en\/product-en\/marine-blau\/"]}]},{"@type":"ImageObject","inLanguage":"en-US","@id":"https:\/\/www.pellens-hortensien.de\/en\/product-en\/marine-blau\/#primaryimage","url":"https:\/\/www.pellens-hortensien.de\/wp-content\/uploads\/2024\/07\/hort-blau-Marine_blau.png","contentUrl":"https:\/\/www.pellens-hortensien.de\/wp-content\/uploads\/2024\/07\/hort-blau-Marine_blau.png","width":600,"height":600,"caption":"Marine blau"},{"@type":"BreadcrumbList","@id":"https:\/\/www.pellens-hortensien.de\/en\/product-en\/marine-blau\/#breadcrumb","itemListElement":[{"@type":"ListItem","position":1,"name":"Home","item":"https:\/\/www.pellens-hortensien.de\/en\/"},{"@type":"ListItem","position":2,"name":"Interaktive Sortimentsliste","item":"https:\/\/www.pellens-hortensien.de\/sortiment-interaktiv\/"},{"@type":"ListItem","position":3,"name":"Marine blau"}]},{"@type":"WebSite","@id":"https:\/\/www.pellens-hortensien.de\/en\/#website","url":"https:\/\/www.pellens-hortensien.de\/en\/","name":"Pellens Hortensien","description":"Ihr Hortensienspezialist vom Niederrhein","publisher":{"@id":"https:\/\/www.pellens-hortensien.de\/en\/#organization"},"potentialAction":[{"@type":"SearchAction","target":{"@type":"EntryPoint","urlTemplate":"https:\/\/www.pellens-hortensien.de\/en\/?s={search_term_string}"},"query-input":{"@type":"PropertyValueSpecification","valueRequired":true,"valueName":"search_term_string"}}],"inLanguage":"en-US"},{"@type":"Organization","@id":"https:\/\/www.pellens-hortensien.de\/en\/#organization","name":"Pellens GmbH","url":"https:\/\/www.pellens-hortensien.de\/en\/","logo":{"@type":"ImageObject","inLanguage":"en-US","@id":"https:\/\/www.pellens-hortensien.de\/en\/#\/schema\/logo\/image\/","url":"https:\/\/www.pellens-hortensien.de\/wp-content\/uploads\/2015\/11\/logo_pellens_690_200.png","contentUrl":"https:\/\/www.pellens-hortensien.de\/wp-content\/uploads\/2015\/11\/logo_pellens_690_200.png","width":690,"height":200,"caption":"Pellens GmbH"},"image":{"@id":"https:\/\/www.pellens-hortensien.de\/en\/#\/schema\/logo\/image\/"},"sameAs":["https:\/\/www.facebook.com\/Hortensia4U\/","https:\/\/x.com\/Hortensia4U","https:\/\/www.instagram.com\/Hortensia4U\/","https:\/\/www.youtube.com\/user\/Hortensia4U"]}]}},"taxonomy_info":{"product_cat":[{"value":25,"label":"Blaue Sorten"},{"value":13,"label":"Hortensia"}],"product_tag":[{"value":1411,"label":"Ballhortensie"},{"value":1412,"label":"Bauernhortensie"},{"value":1510,"label":"Beet"},{"value":43,"label":"Blau"},{"value":1391,"label":"Blue"},{"value":1460,"label":"f\u00fcr T\u00f6pfe"},{"value":1387,"label":"Hortensia"},{"value":739,"label":"Hortensie"},{"value":754,"label":"Hortensiensorten"},{"value":740,"label":"Hydrangea"},{"value":1512,"label":"K\u00fcbel"},{"value":741,"label":"macrophylla"},{"value":1509,"label":"Marine"},{"value":1513,"label":"meerblau"},{"value":1464,"label":"mittelblau"},{"value":744,"label":"Pellens"},{"value":1511,"label":"Topf"}],"pa_produktform":[{"value":36,"label":"C-5\/ 12+ (85 Stk. per CC)"},{"value":31,"label":"T-10\/ 3+ (660 Stk. per CC)"},{"value":33,"label":"T-14\/ 5+ (320 Stk. per CC)"},{"value":34,"label":"T-14\/ 7+ (320 Stk. per CC)"},{"value":1392,"label":"T-17\/ 8+ (240 Stk. per CC)"}],"pa_verwendung":[{"value":1218,"label":"Optimal als Baumschulpflanze"},{"value":1217,"label":"Optimal als Zimmerpflanze"}],"pa_wuchs":[{"value":1215,"label":"Wuchs medium"}]},"featured_image_src_large":["https:\/\/www.pellens-hortensien.de\/wp-content\/uploads\/2024\/07\/hort-blau-Marine_blau.png",600,600,false],"author_info":[],"comment_info":"","_links":{"self":[{"href":"https:\/\/www.pellens-hortensien.de\/en\/wp-json\/wp\/v2\/product\/22965","targetHints":{"allow":["GET"]}}],"collection":[{"href":"https:\/\/www.pellens-hortensien.de\/en\/wp-json\/wp\/v2\/product"}],"about":[{"href":"https:\/\/www.pellens-hortensien.de\/en\/wp-json\/wp\/v2\/types\/product"}],"wp:featuredmedia":[{"embeddable":true,"href":"https:\/\/www.pellens-hortensien.de\/en\/wp-json\/wp\/v2\/media\/22962"}],"wp:attachment":[{"href":"https:\/\/www.pellens-hortensien.de\/en\/wp-json\/wp\/v2\/media?parent=22965"}],"wp:term":[{"taxonomy":"product_brand","embeddable":true,"href":"https:\/\/www.pellens-hortensien.de\/en\/wp-json\/wp\/v2\/product_brand?post=22965"},{"taxonomy":"product_cat","embeddable":true,"href":"https:\/\/www.pellens-hortensien.de\/en\/wp-json\/wp\/v2\/product_cat?post=22965"},{"taxonomy":"product_tag","embeddable":true,"href":"https:\/\/www.pellens-hortensien.de\/en\/wp-json\/wp\/v2\/product_tag?post=22965"}],"curies":[{"name":"wp","href":"https:\/\/api.w.org\/{rel}","templated":true}]}}