{"id":22778,"date":"2024-07-01T11:51:23","date_gmt":"2024-07-01T09:51:23","guid":{"rendered":"https:\/\/www.pellens-hortensien.de\/?post_type=product&#038;p=22778"},"modified":"2025-11-04T11:16:27","modified_gmt":"2025-11-04T10:16:27","slug":"sweet-lips-s-pink","status":"publish","type":"product","link":"https:\/\/www.pellens-hortensien.de\/en\/product-en\/sweet-lips-s-pink\/","title":{"rendered":"Sweet Lips (s) Pink"},"content":{"rendered":"<div id=\"stcpDiv\">Wuchs: medium<\/div>\n<div>Bl\u00fcte: besondere Bl\u00fctenfarbe, Ballhortensie mit gr\u00fcner Bl\u00fctenmitte<\/div>\n<div>(auch in lila erh\u00e4tlich, siehe Sweet Lips Purple)<\/div>\n<div>Endh\u00f6he: 1 bis 1,5 Meter<\/div>\n<div><\/div>\n<div>Start: KW 50<\/div>\n<div>Treibdauer: ca. 10 Wochen<\/div>\n<div><strong>Auch f\u00fcr Containerproduktion.<\/strong><\/div>\n","protected":false},"excerpt":{"rendered":"<p>Wuchs: medium Bl\u00fcte: besondere Bl\u00fctenfarbe, Ballhortensie mit gr\u00fcner Bl\u00fctenmitte (auch in lila erh\u00e4tlich, siehe Sweet Lips Purple) Endh\u00f6he: 1 bis 1,5 Meter Start: KW 50 Treibdauer: &hellip; <a href=\"https:\/\/www.pellens-hortensien.de\/en\/product-en\/sweet-lips-s-pink\/\">Read More<\/a><\/p>\n","protected":false},"featured_media":22735,"template":"","meta":{"kt_blocks_editor_width":"","_kad_blocks_custom_css":"","_kad_blocks_head_custom_js":"","_kad_blocks_body_custom_js":"","_kad_blocks_footer_custom_js":""},"product_brand":[],"product_cat":[29,13,27],"product_tag":[1387,739,754,740,741,744,1394,42,45,1398,1400],"class_list":{"0":"post-22778","1":"product","2":"type-product","3":"status-publish","4":"has-post-thumbnail","6":"product_cat-special","7":"product_cat-hortensia","8":"product_cat-rosa","9":"product_tag-hortensia","10":"product_tag-hortensie","11":"product_tag-hortensiensorten","12":"product_tag-hydrangea","13":"product_tag-macrophylla","14":"product_tag-pellens","15":"product_tag-pink-2","16":"product_tag-rosa","17":"product_tag-special","18":"product_tag-sweet-lips","19":"product_tag-sweet-lips-pink","20":"pa_produktform-c-20-20","21":"pa_produktform-c-3-9","22":"pa_produktform-t-14-5","23":"pa_verwendung-verwendung-baumschulpflanze","24":"pa_verwendung-verwendung-zimmerpflanze","25":"pa_wuchs-wuchs-medium","27":"first","28":"instock","29":"taxable","30":"shipping-taxable","31":"purchasable","32":"product-type-variable"},"yoast_head":"<!-- This site is optimized with the Yoast SEO plugin v27.5 - https:\/\/yoast.com\/product\/yoast-seo-wordpress\/ -->\n<title>Sweet Lips (s) Pink - Pellens Hortensien<\/title>\n<meta name=\"description\" content=\"Sweet Lips Pink ist eine besonders gef\u00e4rbte Ballhortensie. Die Bauernhortensie (Hydrangea macrophylla) bl\u00fcht rosa mit gr\u00fcner Bl\u00fctenmitte.\" \/>\n<meta name=\"robots\" content=\"index, follow, max-snippet:-1, max-image-preview:large, max-video-preview:-1\" \/>\n<link rel=\"canonical\" href=\"https:\/\/www.pellens-hortensien.de\/en\/product-en\/sweet-lips-s-pink\/\" \/>\n<meta name=\"twitter:label1\" content=\"Est. reading time\" \/>\n\t<meta name=\"twitter:data1\" content=\"1 minute\" \/>\n<script type=\"application\/ld+json\" class=\"yoast-schema-graph\">{\"@context\":\"https:\\\/\\\/schema.org\",\"@graph\":[{\"@type\":\"WebPage\",\"@id\":\"https:\\\/\\\/www.pellens-hortensien.de\\\/en\\\/product-en\\\/sweet-lips-s-pink\\\/\",\"url\":\"https:\\\/\\\/www.pellens-hortensien.de\\\/en\\\/product-en\\\/sweet-lips-s-pink\\\/\",\"name\":\"Sweet Lips (s) Pink - Pellens Hortensien\",\"isPartOf\":{\"@id\":\"https:\\\/\\\/www.pellens-hortensien.de\\\/en\\\/#website\"},\"primaryImageOfPage\":{\"@id\":\"https:\\\/\\\/www.pellens-hortensien.de\\\/en\\\/product-en\\\/sweet-lips-s-pink\\\/#primaryimage\"},\"image\":{\"@id\":\"https:\\\/\\\/www.pellens-hortensien.de\\\/en\\\/product-en\\\/sweet-lips-s-pink\\\/#primaryimage\"},\"thumbnailUrl\":\"https:\\\/\\\/www.pellens-hortensien.de\\\/wp-content\\\/uploads\\\/2024\\\/06\\\/hort-special-pink-Sweet_Lips_Pink-oben.png\",\"datePublished\":\"2024-07-01T09:51:23+00:00\",\"dateModified\":\"2025-11-04T10:16:27+00:00\",\"description\":\"Sweet Lips Pink ist eine besonders gef\u00e4rbte Ballhortensie. Die Bauernhortensie (Hydrangea macrophylla) bl\u00fcht rosa mit gr\u00fcner Bl\u00fctenmitte.\",\"breadcrumb\":{\"@id\":\"https:\\\/\\\/www.pellens-hortensien.de\\\/en\\\/product-en\\\/sweet-lips-s-pink\\\/#breadcrumb\"},\"inLanguage\":\"en-US\",\"potentialAction\":[{\"@type\":\"ReadAction\",\"target\":[\"https:\\\/\\\/www.pellens-hortensien.de\\\/en\\\/product-en\\\/sweet-lips-s-pink\\\/\"]}]},{\"@type\":\"ImageObject\",\"inLanguage\":\"en-US\",\"@id\":\"https:\\\/\\\/www.pellens-hortensien.de\\\/en\\\/product-en\\\/sweet-lips-s-pink\\\/#primaryimage\",\"url\":\"https:\\\/\\\/www.pellens-hortensien.de\\\/wp-content\\\/uploads\\\/2024\\\/06\\\/hort-special-pink-Sweet_Lips_Pink-oben.png\",\"contentUrl\":\"https:\\\/\\\/www.pellens-hortensien.de\\\/wp-content\\\/uploads\\\/2024\\\/06\\\/hort-special-pink-Sweet_Lips_Pink-oben.png\",\"width\":600,\"height\":600,\"caption\":\"Sweet Lips (s) Pink\"},{\"@type\":\"BreadcrumbList\",\"@id\":\"https:\\\/\\\/www.pellens-hortensien.de\\\/en\\\/product-en\\\/sweet-lips-s-pink\\\/#breadcrumb\",\"itemListElement\":[{\"@type\":\"ListItem\",\"position\":1,\"name\":\"Home\",\"item\":\"https:\\\/\\\/www.pellens-hortensien.de\\\/en\\\/\"},{\"@type\":\"ListItem\",\"position\":2,\"name\":\"Interaktive Sortimentsliste\",\"item\":\"https:\\\/\\\/www.pellens-hortensien.de\\\/sortiment-interaktiv\\\/\"},{\"@type\":\"ListItem\",\"position\":3,\"name\":\"Sweet Lips (s) Pink\"}]},{\"@type\":\"WebSite\",\"@id\":\"https:\\\/\\\/www.pellens-hortensien.de\\\/en\\\/#website\",\"url\":\"https:\\\/\\\/www.pellens-hortensien.de\\\/en\\\/\",\"name\":\"Pellens Hortensien\",\"description\":\"Ihr Hortensienspezialist vom Niederrhein\",\"publisher\":{\"@id\":\"https:\\\/\\\/www.pellens-hortensien.de\\\/en\\\/#organization\"},\"potentialAction\":[{\"@type\":\"SearchAction\",\"target\":{\"@type\":\"EntryPoint\",\"urlTemplate\":\"https:\\\/\\\/www.pellens-hortensien.de\\\/en\\\/?s={search_term_string}\"},\"query-input\":{\"@type\":\"PropertyValueSpecification\",\"valueRequired\":true,\"valueName\":\"search_term_string\"}}],\"inLanguage\":\"en-US\"},{\"@type\":\"Organization\",\"@id\":\"https:\\\/\\\/www.pellens-hortensien.de\\\/en\\\/#organization\",\"name\":\"Pellens GmbH\",\"url\":\"https:\\\/\\\/www.pellens-hortensien.de\\\/en\\\/\",\"logo\":{\"@type\":\"ImageObject\",\"inLanguage\":\"en-US\",\"@id\":\"https:\\\/\\\/www.pellens-hortensien.de\\\/en\\\/#\\\/schema\\\/logo\\\/image\\\/\",\"url\":\"https:\\\/\\\/www.pellens-hortensien.de\\\/wp-content\\\/uploads\\\/2015\\\/11\\\/logo_pellens_690_200.png\",\"contentUrl\":\"https:\\\/\\\/www.pellens-hortensien.de\\\/wp-content\\\/uploads\\\/2015\\\/11\\\/logo_pellens_690_200.png\",\"width\":690,\"height\":200,\"caption\":\"Pellens GmbH\"},\"image\":{\"@id\":\"https:\\\/\\\/www.pellens-hortensien.de\\\/en\\\/#\\\/schema\\\/logo\\\/image\\\/\"},\"sameAs\":[\"https:\\\/\\\/www.facebook.com\\\/Hortensia4U\\\/\",\"https:\\\/\\\/x.com\\\/Hortensia4U\",\"https:\\\/\\\/www.instagram.com\\\/Hortensia4U\\\/\",\"https:\\\/\\\/www.youtube.com\\\/user\\\/Hortensia4U\"]}]}<\/script>\n<!-- \/ Yoast SEO plugin. -->","yoast_head_json":{"title":"Sweet Lips (s) Pink - Pellens Hortensien","description":"Sweet Lips Pink ist eine besonders gef\u00e4rbte Ballhortensie. Die Bauernhortensie (Hydrangea macrophylla) bl\u00fcht rosa mit gr\u00fcner Bl\u00fctenmitte.","robots":{"index":"index","follow":"follow","max-snippet":"max-snippet:-1","max-image-preview":"max-image-preview:large","max-video-preview":"max-video-preview:-1"},"canonical":"https:\/\/www.pellens-hortensien.de\/en\/product-en\/sweet-lips-s-pink\/","twitter_misc":{"Est. reading time":"1 minute"},"schema":{"@context":"https:\/\/schema.org","@graph":[{"@type":"WebPage","@id":"https:\/\/www.pellens-hortensien.de\/en\/product-en\/sweet-lips-s-pink\/","url":"https:\/\/www.pellens-hortensien.de\/en\/product-en\/sweet-lips-s-pink\/","name":"Sweet Lips (s) Pink - Pellens Hortensien","isPartOf":{"@id":"https:\/\/www.pellens-hortensien.de\/en\/#website"},"primaryImageOfPage":{"@id":"https:\/\/www.pellens-hortensien.de\/en\/product-en\/sweet-lips-s-pink\/#primaryimage"},"image":{"@id":"https:\/\/www.pellens-hortensien.de\/en\/product-en\/sweet-lips-s-pink\/#primaryimage"},"thumbnailUrl":"https:\/\/www.pellens-hortensien.de\/wp-content\/uploads\/2024\/06\/hort-special-pink-Sweet_Lips_Pink-oben.png","datePublished":"2024-07-01T09:51:23+00:00","dateModified":"2025-11-04T10:16:27+00:00","description":"Sweet Lips Pink ist eine besonders gef\u00e4rbte Ballhortensie. Die Bauernhortensie (Hydrangea macrophylla) bl\u00fcht rosa mit gr\u00fcner Bl\u00fctenmitte.","breadcrumb":{"@id":"https:\/\/www.pellens-hortensien.de\/en\/product-en\/sweet-lips-s-pink\/#breadcrumb"},"inLanguage":"en-US","potentialAction":[{"@type":"ReadAction","target":["https:\/\/www.pellens-hortensien.de\/en\/product-en\/sweet-lips-s-pink\/"]}]},{"@type":"ImageObject","inLanguage":"en-US","@id":"https:\/\/www.pellens-hortensien.de\/en\/product-en\/sweet-lips-s-pink\/#primaryimage","url":"https:\/\/www.pellens-hortensien.de\/wp-content\/uploads\/2024\/06\/hort-special-pink-Sweet_Lips_Pink-oben.png","contentUrl":"https:\/\/www.pellens-hortensien.de\/wp-content\/uploads\/2024\/06\/hort-special-pink-Sweet_Lips_Pink-oben.png","width":600,"height":600,"caption":"Sweet Lips (s) Pink"},{"@type":"BreadcrumbList","@id":"https:\/\/www.pellens-hortensien.de\/en\/product-en\/sweet-lips-s-pink\/#breadcrumb","itemListElement":[{"@type":"ListItem","position":1,"name":"Home","item":"https:\/\/www.pellens-hortensien.de\/en\/"},{"@type":"ListItem","position":2,"name":"Interaktive Sortimentsliste","item":"https:\/\/www.pellens-hortensien.de\/sortiment-interaktiv\/"},{"@type":"ListItem","position":3,"name":"Sweet Lips (s) Pink"}]},{"@type":"WebSite","@id":"https:\/\/www.pellens-hortensien.de\/en\/#website","url":"https:\/\/www.pellens-hortensien.de\/en\/","name":"Pellens Hortensien","description":"Ihr Hortensienspezialist vom Niederrhein","publisher":{"@id":"https:\/\/www.pellens-hortensien.de\/en\/#organization"},"potentialAction":[{"@type":"SearchAction","target":{"@type":"EntryPoint","urlTemplate":"https:\/\/www.pellens-hortensien.de\/en\/?s={search_term_string}"},"query-input":{"@type":"PropertyValueSpecification","valueRequired":true,"valueName":"search_term_string"}}],"inLanguage":"en-US"},{"@type":"Organization","@id":"https:\/\/www.pellens-hortensien.de\/en\/#organization","name":"Pellens GmbH","url":"https:\/\/www.pellens-hortensien.de\/en\/","logo":{"@type":"ImageObject","inLanguage":"en-US","@id":"https:\/\/www.pellens-hortensien.de\/en\/#\/schema\/logo\/image\/","url":"https:\/\/www.pellens-hortensien.de\/wp-content\/uploads\/2015\/11\/logo_pellens_690_200.png","contentUrl":"https:\/\/www.pellens-hortensien.de\/wp-content\/uploads\/2015\/11\/logo_pellens_690_200.png","width":690,"height":200,"caption":"Pellens GmbH"},"image":{"@id":"https:\/\/www.pellens-hortensien.de\/en\/#\/schema\/logo\/image\/"},"sameAs":["https:\/\/www.facebook.com\/Hortensia4U\/","https:\/\/x.com\/Hortensia4U","https:\/\/www.instagram.com\/Hortensia4U\/","https:\/\/www.youtube.com\/user\/Hortensia4U"]}]}},"taxonomy_info":{"product_cat":[{"value":29,"label":"Besondere Sorten"},{"value":13,"label":"Hortensia"},{"value":27,"label":"Rosa Sorten"}],"product_tag":[{"value":1387,"label":"Hortensia"},{"value":739,"label":"Hortensie"},{"value":754,"label":"Hortensiensorten"},{"value":740,"label":"Hydrangea"},{"value":741,"label":"macrophylla"},{"value":744,"label":"Pellens"},{"value":1394,"label":"Pink"},{"value":42,"label":"Rosa"},{"value":45,"label":"Special"},{"value":1398,"label":"Sweet Lips"},{"value":1400,"label":"Sweet Lips Pink"}],"pa_produktform":[{"value":37,"label":"C-20\/ 20+ (15 Stk. per CC)"},{"value":35,"label":"C-3\/ 9+ (126 Stk. per CC)"},{"value":33,"label":"T-14\/ 5+ (320 Stk. per CC)"}],"pa_verwendung":[{"value":1218,"label":"Optimal als Baumschulpflanze"},{"value":1217,"label":"Optimal als Zimmerpflanze"}],"pa_wuchs":[{"value":1215,"label":"Wuchs medium"}]},"featured_image_src_large":["https:\/\/www.pellens-hortensien.de\/wp-content\/uploads\/2024\/06\/hort-special-pink-Sweet_Lips_Pink-oben.png",600,600,false],"author_info":[],"comment_info":"","_links":{"self":[{"href":"https:\/\/www.pellens-hortensien.de\/en\/wp-json\/wp\/v2\/product\/22778","targetHints":{"allow":["GET"]}}],"collection":[{"href":"https:\/\/www.pellens-hortensien.de\/en\/wp-json\/wp\/v2\/product"}],"about":[{"href":"https:\/\/www.pellens-hortensien.de\/en\/wp-json\/wp\/v2\/types\/product"}],"wp:featuredmedia":[{"embeddable":true,"href":"https:\/\/www.pellens-hortensien.de\/en\/wp-json\/wp\/v2\/media\/22735"}],"wp:attachment":[{"href":"https:\/\/www.pellens-hortensien.de\/en\/wp-json\/wp\/v2\/media?parent=22778"}],"wp:term":[{"taxonomy":"product_brand","embeddable":true,"href":"https:\/\/www.pellens-hortensien.de\/en\/wp-json\/wp\/v2\/product_brand?post=22778"},{"taxonomy":"product_cat","embeddable":true,"href":"https:\/\/www.pellens-hortensien.de\/en\/wp-json\/wp\/v2\/product_cat?post=22778"},{"taxonomy":"product_tag","embeddable":true,"href":"https:\/\/www.pellens-hortensien.de\/en\/wp-json\/wp\/v2\/product_tag?post=22778"}],"curies":[{"name":"wp","href":"https:\/\/api.w.org\/{rel}","templated":true}]}}