{"id":22744,"date":"2024-06-28T12:44:50","date_gmt":"2024-06-28T10:44:50","guid":{"rendered":"https:\/\/www.pellens-hortensien.de\/?post_type=product&#038;p=22744"},"modified":"2025-11-04T09:51:37","modified_gmt":"2025-11-04T08:51:37","slug":"fabolo-blue-s","status":"publish","type":"product","link":"https:\/\/www.pellens-hortensien.de\/en\/product-en\/fabolo-blue-s\/","title":{"rendered":"Fabolo Blue (s)"},"content":{"rendered":"<div id=\"stcpDiv\">Wuchs: Kompakt, gut verzweigt und fest<\/div>\n<div>Bl\u00fcte: mittelblaue Ballhortensie mit gro\u00dfen Dolden<\/div>\n<div>Endh\u00f6he: 1 bis 1,5 Meter<\/div>\n<div><\/div>\n<div>Start: KW 50<\/div>\n<div>Treibdauer: ca. 10 Wochen<\/div>\n","protected":false},"excerpt":{"rendered":"<p>Wuchs: Kompakt, gut verzweigt und fest Bl\u00fcte: mittelblaue Ballhortensie mit gro\u00dfen Dolden Endh\u00f6he: 1 bis 1,5 Meter Start: KW 50 Treibdauer: ca. 10 Wochen<\/p>\n","protected":false},"featured_media":22723,"template":"","meta":{"kt_blocks_editor_width":"","_kad_blocks_custom_css":"","_kad_blocks_head_custom_js":"","_kad_blocks_body_custom_js":"","_kad_blocks_footer_custom_js":""},"product_brand":[],"product_cat":[25,13],"product_tag":[1411,1412,43,1391,1390,1387,739,754,740,741],"class_list":{"0":"post-22744","1":"product","2":"type-product","3":"status-publish","4":"has-post-thumbnail","6":"product_cat-blau","7":"product_cat-hortensia","8":"product_tag-ballhortensie","9":"product_tag-bauernhortensie","10":"product_tag-blau","11":"product_tag-blue-2","12":"product_tag-fabolo","13":"product_tag-hortensia","14":"product_tag-hortensie","15":"product_tag-hortensiensorten","16":"product_tag-hydrangea","17":"product_tag-macrophylla","18":"pa_produktform-c-3-9","19":"pa_produktform-t-14-5","20":"pa_produktform-t-14-7","21":"pa_produktform-t-17-8","22":"pa_verwendung-verwendung-zimmerpflanze","23":"pa_wuchs-wuchs-kompakt","25":"first","26":"instock","27":"taxable","28":"shipping-taxable","29":"purchasable","30":"product-type-variable"},"yoast_head":"<!-- This site is optimized with the Yoast SEO plugin v27.5 - https:\/\/yoast.com\/product\/yoast-seo-wordpress\/ -->\n<title>Fabolo Blue (s) - Pellens Hortensien<\/title>\n<meta name=\"description\" content=\"Hortensie Fabolo Blue, Hydrangea macrophylla, in blau. Endh\u00f6he ca. 1,5 Meter. F\u00fcr Garten, Beet, Topf, K\u00fcbel, Terrasse, Balkon. Halbschatten.\" \/>\n<meta name=\"robots\" content=\"index, follow, max-snippet:-1, max-image-preview:large, max-video-preview:-1\" \/>\n<link rel=\"canonical\" href=\"https:\/\/www.pellens-hortensien.de\/en\/product-en\/fabolo-blue-s\/\" \/>\n<meta name=\"twitter:label1\" content=\"Est. reading time\" \/>\n\t<meta name=\"twitter:data1\" content=\"1 minute\" \/>\n<script type=\"application\/ld+json\" class=\"yoast-schema-graph\">{\"@context\":\"https:\\\/\\\/schema.org\",\"@graph\":[{\"@type\":\"WebPage\",\"@id\":\"https:\\\/\\\/www.pellens-hortensien.de\\\/en\\\/product-en\\\/fabolo-blue-s\\\/\",\"url\":\"https:\\\/\\\/www.pellens-hortensien.de\\\/en\\\/product-en\\\/fabolo-blue-s\\\/\",\"name\":\"Fabolo Blue (s) - Pellens Hortensien\",\"isPartOf\":{\"@id\":\"https:\\\/\\\/www.pellens-hortensien.de\\\/en\\\/#website\"},\"primaryImageOfPage\":{\"@id\":\"https:\\\/\\\/www.pellens-hortensien.de\\\/en\\\/product-en\\\/fabolo-blue-s\\\/#primaryimage\"},\"image\":{\"@id\":\"https:\\\/\\\/www.pellens-hortensien.de\\\/en\\\/product-en\\\/fabolo-blue-s\\\/#primaryimage\"},\"thumbnailUrl\":\"https:\\\/\\\/www.pellens-hortensien.de\\\/wp-content\\\/uploads\\\/2024\\\/06\\\/hort-blue-Fabolo_Blue-oben.png\",\"datePublished\":\"2024-06-28T10:44:50+00:00\",\"dateModified\":\"2025-11-04T08:51:37+00:00\",\"description\":\"Hortensie Fabolo Blue, Hydrangea macrophylla, in blau. Endh\u00f6he ca. 1,5 Meter. F\u00fcr Garten, Beet, Topf, K\u00fcbel, Terrasse, Balkon. Halbschatten.\",\"breadcrumb\":{\"@id\":\"https:\\\/\\\/www.pellens-hortensien.de\\\/en\\\/product-en\\\/fabolo-blue-s\\\/#breadcrumb\"},\"inLanguage\":\"en-US\",\"potentialAction\":[{\"@type\":\"ReadAction\",\"target\":[\"https:\\\/\\\/www.pellens-hortensien.de\\\/en\\\/product-en\\\/fabolo-blue-s\\\/\"]}]},{\"@type\":\"ImageObject\",\"inLanguage\":\"en-US\",\"@id\":\"https:\\\/\\\/www.pellens-hortensien.de\\\/en\\\/product-en\\\/fabolo-blue-s\\\/#primaryimage\",\"url\":\"https:\\\/\\\/www.pellens-hortensien.de\\\/wp-content\\\/uploads\\\/2024\\\/06\\\/hort-blue-Fabolo_Blue-oben.png\",\"contentUrl\":\"https:\\\/\\\/www.pellens-hortensien.de\\\/wp-content\\\/uploads\\\/2024\\\/06\\\/hort-blue-Fabolo_Blue-oben.png\",\"width\":600,\"height\":600,\"caption\":\"Fabolo Blue (s)\"},{\"@type\":\"BreadcrumbList\",\"@id\":\"https:\\\/\\\/www.pellens-hortensien.de\\\/en\\\/product-en\\\/fabolo-blue-s\\\/#breadcrumb\",\"itemListElement\":[{\"@type\":\"ListItem\",\"position\":1,\"name\":\"Home\",\"item\":\"https:\\\/\\\/www.pellens-hortensien.de\\\/en\\\/\"},{\"@type\":\"ListItem\",\"position\":2,\"name\":\"Interaktive Sortimentsliste\",\"item\":\"https:\\\/\\\/www.pellens-hortensien.de\\\/sortiment-interaktiv\\\/\"},{\"@type\":\"ListItem\",\"position\":3,\"name\":\"Fabolo Blue (s)\"}]},{\"@type\":\"WebSite\",\"@id\":\"https:\\\/\\\/www.pellens-hortensien.de\\\/en\\\/#website\",\"url\":\"https:\\\/\\\/www.pellens-hortensien.de\\\/en\\\/\",\"name\":\"Pellens Hortensien\",\"description\":\"Ihr Hortensienspezialist vom Niederrhein\",\"publisher\":{\"@id\":\"https:\\\/\\\/www.pellens-hortensien.de\\\/en\\\/#organization\"},\"potentialAction\":[{\"@type\":\"SearchAction\",\"target\":{\"@type\":\"EntryPoint\",\"urlTemplate\":\"https:\\\/\\\/www.pellens-hortensien.de\\\/en\\\/?s={search_term_string}\"},\"query-input\":{\"@type\":\"PropertyValueSpecification\",\"valueRequired\":true,\"valueName\":\"search_term_string\"}}],\"inLanguage\":\"en-US\"},{\"@type\":\"Organization\",\"@id\":\"https:\\\/\\\/www.pellens-hortensien.de\\\/en\\\/#organization\",\"name\":\"Pellens GmbH\",\"url\":\"https:\\\/\\\/www.pellens-hortensien.de\\\/en\\\/\",\"logo\":{\"@type\":\"ImageObject\",\"inLanguage\":\"en-US\",\"@id\":\"https:\\\/\\\/www.pellens-hortensien.de\\\/en\\\/#\\\/schema\\\/logo\\\/image\\\/\",\"url\":\"https:\\\/\\\/www.pellens-hortensien.de\\\/wp-content\\\/uploads\\\/2015\\\/11\\\/logo_pellens_690_200.png\",\"contentUrl\":\"https:\\\/\\\/www.pellens-hortensien.de\\\/wp-content\\\/uploads\\\/2015\\\/11\\\/logo_pellens_690_200.png\",\"width\":690,\"height\":200,\"caption\":\"Pellens GmbH\"},\"image\":{\"@id\":\"https:\\\/\\\/www.pellens-hortensien.de\\\/en\\\/#\\\/schema\\\/logo\\\/image\\\/\"},\"sameAs\":[\"https:\\\/\\\/www.facebook.com\\\/Hortensia4U\\\/\",\"https:\\\/\\\/x.com\\\/Hortensia4U\",\"https:\\\/\\\/www.instagram.com\\\/Hortensia4U\\\/\",\"https:\\\/\\\/www.youtube.com\\\/user\\\/Hortensia4U\"]}]}<\/script>\n<!-- \/ Yoast SEO plugin. -->","yoast_head_json":{"title":"Fabolo Blue (s) - Pellens Hortensien","description":"Hortensie Fabolo Blue, Hydrangea macrophylla, in blau. Endh\u00f6he ca. 1,5 Meter. F\u00fcr Garten, Beet, Topf, K\u00fcbel, Terrasse, Balkon. Halbschatten.","robots":{"index":"index","follow":"follow","max-snippet":"max-snippet:-1","max-image-preview":"max-image-preview:large","max-video-preview":"max-video-preview:-1"},"canonical":"https:\/\/www.pellens-hortensien.de\/en\/product-en\/fabolo-blue-s\/","twitter_misc":{"Est. reading time":"1 minute"},"schema":{"@context":"https:\/\/schema.org","@graph":[{"@type":"WebPage","@id":"https:\/\/www.pellens-hortensien.de\/en\/product-en\/fabolo-blue-s\/","url":"https:\/\/www.pellens-hortensien.de\/en\/product-en\/fabolo-blue-s\/","name":"Fabolo Blue (s) - Pellens Hortensien","isPartOf":{"@id":"https:\/\/www.pellens-hortensien.de\/en\/#website"},"primaryImageOfPage":{"@id":"https:\/\/www.pellens-hortensien.de\/en\/product-en\/fabolo-blue-s\/#primaryimage"},"image":{"@id":"https:\/\/www.pellens-hortensien.de\/en\/product-en\/fabolo-blue-s\/#primaryimage"},"thumbnailUrl":"https:\/\/www.pellens-hortensien.de\/wp-content\/uploads\/2024\/06\/hort-blue-Fabolo_Blue-oben.png","datePublished":"2024-06-28T10:44:50+00:00","dateModified":"2025-11-04T08:51:37+00:00","description":"Hortensie Fabolo Blue, Hydrangea macrophylla, in blau. Endh\u00f6he ca. 1,5 Meter. F\u00fcr Garten, Beet, Topf, K\u00fcbel, Terrasse, Balkon. Halbschatten.","breadcrumb":{"@id":"https:\/\/www.pellens-hortensien.de\/en\/product-en\/fabolo-blue-s\/#breadcrumb"},"inLanguage":"en-US","potentialAction":[{"@type":"ReadAction","target":["https:\/\/www.pellens-hortensien.de\/en\/product-en\/fabolo-blue-s\/"]}]},{"@type":"ImageObject","inLanguage":"en-US","@id":"https:\/\/www.pellens-hortensien.de\/en\/product-en\/fabolo-blue-s\/#primaryimage","url":"https:\/\/www.pellens-hortensien.de\/wp-content\/uploads\/2024\/06\/hort-blue-Fabolo_Blue-oben.png","contentUrl":"https:\/\/www.pellens-hortensien.de\/wp-content\/uploads\/2024\/06\/hort-blue-Fabolo_Blue-oben.png","width":600,"height":600,"caption":"Fabolo Blue (s)"},{"@type":"BreadcrumbList","@id":"https:\/\/www.pellens-hortensien.de\/en\/product-en\/fabolo-blue-s\/#breadcrumb","itemListElement":[{"@type":"ListItem","position":1,"name":"Home","item":"https:\/\/www.pellens-hortensien.de\/en\/"},{"@type":"ListItem","position":2,"name":"Interaktive Sortimentsliste","item":"https:\/\/www.pellens-hortensien.de\/sortiment-interaktiv\/"},{"@type":"ListItem","position":3,"name":"Fabolo Blue (s)"}]},{"@type":"WebSite","@id":"https:\/\/www.pellens-hortensien.de\/en\/#website","url":"https:\/\/www.pellens-hortensien.de\/en\/","name":"Pellens Hortensien","description":"Ihr Hortensienspezialist vom Niederrhein","publisher":{"@id":"https:\/\/www.pellens-hortensien.de\/en\/#organization"},"potentialAction":[{"@type":"SearchAction","target":{"@type":"EntryPoint","urlTemplate":"https:\/\/www.pellens-hortensien.de\/en\/?s={search_term_string}"},"query-input":{"@type":"PropertyValueSpecification","valueRequired":true,"valueName":"search_term_string"}}],"inLanguage":"en-US"},{"@type":"Organization","@id":"https:\/\/www.pellens-hortensien.de\/en\/#organization","name":"Pellens GmbH","url":"https:\/\/www.pellens-hortensien.de\/en\/","logo":{"@type":"ImageObject","inLanguage":"en-US","@id":"https:\/\/www.pellens-hortensien.de\/en\/#\/schema\/logo\/image\/","url":"https:\/\/www.pellens-hortensien.de\/wp-content\/uploads\/2015\/11\/logo_pellens_690_200.png","contentUrl":"https:\/\/www.pellens-hortensien.de\/wp-content\/uploads\/2015\/11\/logo_pellens_690_200.png","width":690,"height":200,"caption":"Pellens GmbH"},"image":{"@id":"https:\/\/www.pellens-hortensien.de\/en\/#\/schema\/logo\/image\/"},"sameAs":["https:\/\/www.facebook.com\/Hortensia4U\/","https:\/\/x.com\/Hortensia4U","https:\/\/www.instagram.com\/Hortensia4U\/","https:\/\/www.youtube.com\/user\/Hortensia4U"]}]}},"taxonomy_info":{"product_cat":[{"value":25,"label":"Blaue Sorten"},{"value":13,"label":"Hortensia"}],"product_tag":[{"value":1411,"label":"Ballhortensie"},{"value":1412,"label":"Bauernhortensie"},{"value":43,"label":"Blau"},{"value":1391,"label":"Blue"},{"value":1390,"label":"Fabolo"},{"value":1387,"label":"Hortensia"},{"value":739,"label":"Hortensie"},{"value":754,"label":"Hortensiensorten"},{"value":740,"label":"Hydrangea"},{"value":741,"label":"macrophylla"}],"pa_produktform":[{"value":35,"label":"C-3\/ 9+ (126 Stk. per CC)"},{"value":33,"label":"T-14\/ 5+ (320 Stk. per CC)"},{"value":34,"label":"T-14\/ 7+ (320 Stk. per CC)"},{"value":1392,"label":"T-17\/ 8+ (240 Stk. per CC)"}],"pa_verwendung":[{"value":1217,"label":"Optimal als Zimmerpflanze"}],"pa_wuchs":[{"value":1214,"label":"Wuchs kompakt"}]},"featured_image_src_large":["https:\/\/www.pellens-hortensien.de\/wp-content\/uploads\/2024\/06\/hort-blue-Fabolo_Blue-oben.png",600,600,false],"author_info":[],"comment_info":"","_links":{"self":[{"href":"https:\/\/www.pellens-hortensien.de\/en\/wp-json\/wp\/v2\/product\/22744","targetHints":{"allow":["GET"]}}],"collection":[{"href":"https:\/\/www.pellens-hortensien.de\/en\/wp-json\/wp\/v2\/product"}],"about":[{"href":"https:\/\/www.pellens-hortensien.de\/en\/wp-json\/wp\/v2\/types\/product"}],"wp:featuredmedia":[{"embeddable":true,"href":"https:\/\/www.pellens-hortensien.de\/en\/wp-json\/wp\/v2\/media\/22723"}],"wp:attachment":[{"href":"https:\/\/www.pellens-hortensien.de\/en\/wp-json\/wp\/v2\/media?parent=22744"}],"wp:term":[{"taxonomy":"product_brand","embeddable":true,"href":"https:\/\/www.pellens-hortensien.de\/en\/wp-json\/wp\/v2\/product_brand?post=22744"},{"taxonomy":"product_cat","embeddable":true,"href":"https:\/\/www.pellens-hortensien.de\/en\/wp-json\/wp\/v2\/product_cat?post=22744"},{"taxonomy":"product_tag","embeddable":true,"href":"https:\/\/www.pellens-hortensien.de\/en\/wp-json\/wp\/v2\/product_tag?post=22744"}],"curies":[{"name":"wp","href":"https:\/\/api.w.org\/{rel}","templated":true}]}}