{"id":173,"date":"2015-08-31T16:30:36","date_gmt":"2015-08-31T14:30:36","guid":{"rendered":"http:\/\/premiumsupplies.de\/wp-pellens-hortensien\/?post_type=product&#038;p=173"},"modified":"2024-07-02T09:36:00","modified_gmt":"2024-07-02T07:36:00","slug":"you-me-romances-blue","status":"publish","type":"product","link":"https:\/\/www.pellens-hortensien.de\/en\/product-en\/you-me-romances-blue\/","title":{"rendered":"You&amp;Me\u00ae Romance (s) blau"},"content":{"rendered":"<div id=\"stcpDiv\">\n<div id=\"stcpDiv\">\n<div id=\"stcpDiv\">Wuchs: medium<\/div>\n<div>Bl\u00fcte: blaue Tellerhortensie mit gef\u00fcllten Bl\u00fcten<br \/>\nBesonderheit: gef\u00fcllte Bl\u00fcten<\/div>\n<div>Endh\u00f6he: 1 bis 1,5 Meter<\/div>\n<div><\/div>\n<div>Start: KW 2<\/div>\n<div>Treibdauer: ca. 11 Wochen<\/div>\n<div><strong>Auch f\u00fcr Containerproduktion.<\/strong><\/div>\n<\/div>\n<\/div>\n","protected":false},"excerpt":{"rendered":"<p>Wuchs: medium Bl\u00fcte: blaue Tellerhortensie mit gef\u00fcllten Bl\u00fcten Besonderheit: gef\u00fcllte Bl\u00fcten Endh\u00f6he: 1 bis 1,5 Meter Start: KW 2 Treibdauer: ca. 11 Wochen Auch f\u00fcr Containerproduktion.<\/p>\n","protected":false},"featured_media":1085,"template":"","meta":{"kt_blocks_editor_width":"","_kad_blocks_custom_css":"","_kad_blocks_head_custom_js":"","_kad_blocks_body_custom_js":"","_kad_blocks_footer_custom_js":""},"product_brand":[],"product_cat":[11],"product_tag":[1412,1479,43,1391,1470,1463,1460,1445,1446,1387,739,754,740,741,1478,1464,744,1444,45,1447,1443],"class_list":{"0":"post-173","1":"product","2":"type-product","3":"status-publish","4":"has-post-thumbnail","6":"product_cat-you-me","7":"product_tag-bauernhortensie","8":"product_tag-besondere-blueten","9":"product_tag-blau","10":"product_tag-blue-2","11":"product_tag-dark-blue","12":"product_tag-dunkelblau","13":"product_tag-fuer-toepfe","14":"product_tag-gefuellt","15":"product_tag-gefuellte-blueten","16":"product_tag-hortensia","17":"product_tag-hortensie","18":"product_tag-hortensiensorten","19":"product_tag-hydrangea","20":"product_tag-macrophylla","21":"product_tag-middle-blue","22":"product_tag-mittelblau","23":"product_tag-pellens","24":"product_tag-romance","25":"product_tag-special","26":"product_tag-sternchenblueten","27":"product_tag-youme","28":"pa_liefer-kw-kw01","29":"pa_liefer-kw-kw02","30":"pa_liefer-kw-kw03","31":"pa_liefer-kw-kw04","32":"pa_liefer-kw-kw05","33":"pa_liefer-kw-kw06","34":"pa_liefer-kw-kw07","35":"pa_liefer-kw-kw08","36":"pa_liefer-kw-kw09","37":"pa_liefer-kw-kw10","38":"pa_liefer-kw-kw11","39":"pa_liefer-kw-kw12","40":"pa_liefer-kw-kw13","41":"pa_liefer-kw-kw14","42":"pa_liefer-kw-kw15","43":"pa_liefer-kw-kw16","44":"pa_liefer-kw-kw17","45":"pa_liefer-kw-kw18","46":"pa_liefer-kw-kw19","47":"pa_liefer-kw-kw20","48":"pa_liefer-kw-kw21","49":"pa_liefer-kw-kw22","50":"pa_liefer-kw-kw23","51":"pa_liefer-kw-kw24","52":"pa_liefer-kw-kw25","53":"pa_liefer-kw-kw26","54":"pa_liefer-kw-kw27","55":"pa_liefer-kw-kw28","56":"pa_liefer-kw-kw29","57":"pa_liefer-kw-kw30","58":"pa_liefer-kw-kw31","59":"pa_liefer-kw-kw32","60":"pa_liefer-kw-kw33","61":"pa_liefer-kw-kw34","62":"pa_liefer-kw-kw35","63":"pa_liefer-kw-kw36","64":"pa_liefer-kw-kw37","65":"pa_liefer-kw-kw38","66":"pa_liefer-kw-kw39","67":"pa_liefer-kw-kw40","68":"pa_liefer-kw-kw41","69":"pa_liefer-kw-kw42","70":"pa_liefer-kw-kw43","71":"pa_liefer-kw-kw44","72":"pa_liefer-kw-kw45","73":"pa_liefer-kw-kw46","74":"pa_liefer-kw-kw47","75":"pa_liefer-kw-kw48","76":"pa_liefer-kw-kw49","77":"pa_liefer-kw-kw50","78":"pa_liefer-kw-kw51","79":"pa_liefer-kw-kw52","80":"pa_produktform-c-20-20","81":"pa_produktform-c-3-9","82":"pa_produktform-c-5-12","83":"pa_produktform-t-14-5","84":"pa_produktform-t-14-7","85":"pa_verwendung-verwendung-baumschulpflanze","86":"pa_verwendung-verwendung-zimmerpflanze","87":"pa_wuchs-wuchs-medium","89":"first","90":"instock","91":"taxable","92":"shipping-taxable","93":"purchasable","94":"product-type-variable"},"yoast_head":"<!-- This site is optimized with the Yoast SEO plugin v27.4 - https:\/\/yoast.com\/product\/yoast-seo-wordpress\/ -->\n<title>You&amp;Me\u00ae Romance (s) blau - Pellens Hortensien<\/title>\n<meta name=\"description\" content=\"Romance blau aus der You&amp;Me-Reihe ist eine Tellerhortensie mit besonderen, gef\u00fcllten Bl\u00fcten in kr\u00e4ftigem Blau. Eine Bauernhortsie (Hydrangea macrophylla).\" \/>\n<meta name=\"robots\" content=\"index, follow, max-snippet:-1, max-image-preview:large, max-video-preview:-1\" \/>\n<link rel=\"canonical\" href=\"https:\/\/www.pellens-hortensien.de\/en\/product-en\/you-me-romances-blue\/\" \/>\n<meta name=\"twitter:label1\" content=\"Est. reading time\" \/>\n\t<meta name=\"twitter:data1\" content=\"1 minute\" \/>\n<script type=\"application\/ld+json\" class=\"yoast-schema-graph\">{\"@context\":\"https:\\\/\\\/schema.org\",\"@graph\":[{\"@type\":\"WebPage\",\"@id\":\"https:\\\/\\\/www.pellens-hortensien.de\\\/en\\\/product-en\\\/you-me-romances-blue\\\/\",\"url\":\"https:\\\/\\\/www.pellens-hortensien.de\\\/en\\\/product-en\\\/you-me-romances-blue\\\/\",\"name\":\"You&amp;Me\u00ae Romance (s) blau - Pellens Hortensien\",\"isPartOf\":{\"@id\":\"https:\\\/\\\/www.pellens-hortensien.de\\\/en\\\/#website\"},\"primaryImageOfPage\":{\"@id\":\"https:\\\/\\\/www.pellens-hortensien.de\\\/en\\\/product-en\\\/you-me-romances-blue\\\/#primaryimage\"},\"image\":{\"@id\":\"https:\\\/\\\/www.pellens-hortensien.de\\\/en\\\/product-en\\\/you-me-romances-blue\\\/#primaryimage\"},\"thumbnailUrl\":\"https:\\\/\\\/www.pellens-hortensien.de\\\/wp-content\\\/uploads\\\/2015\\\/08\\\/you-me-romance-blue-oben.png\",\"datePublished\":\"2015-08-31T14:30:36+00:00\",\"dateModified\":\"2024-07-02T07:36:00+00:00\",\"description\":\"Romance blau aus der You&Me-Reihe ist eine Tellerhortensie mit besonderen, gef\u00fcllten Bl\u00fcten in kr\u00e4ftigem Blau. Eine Bauernhortsie (Hydrangea macrophylla).\",\"breadcrumb\":{\"@id\":\"https:\\\/\\\/www.pellens-hortensien.de\\\/en\\\/product-en\\\/you-me-romances-blue\\\/#breadcrumb\"},\"inLanguage\":\"en-US\",\"potentialAction\":[{\"@type\":\"ReadAction\",\"target\":[\"https:\\\/\\\/www.pellens-hortensien.de\\\/en\\\/product-en\\\/you-me-romances-blue\\\/\"]}]},{\"@type\":\"ImageObject\",\"inLanguage\":\"en-US\",\"@id\":\"https:\\\/\\\/www.pellens-hortensien.de\\\/en\\\/product-en\\\/you-me-romances-blue\\\/#primaryimage\",\"url\":\"https:\\\/\\\/www.pellens-hortensien.de\\\/wp-content\\\/uploads\\\/2015\\\/08\\\/you-me-romance-blue-oben.png\",\"contentUrl\":\"https:\\\/\\\/www.pellens-hortensien.de\\\/wp-content\\\/uploads\\\/2015\\\/08\\\/you-me-romance-blue-oben.png\",\"width\":600,\"height\":600,\"caption\":\"You & Me\u00ae Romance(s) blau Oben\"},{\"@type\":\"BreadcrumbList\",\"@id\":\"https:\\\/\\\/www.pellens-hortensien.de\\\/en\\\/product-en\\\/you-me-romances-blue\\\/#breadcrumb\",\"itemListElement\":[{\"@type\":\"ListItem\",\"position\":1,\"name\":\"Home\",\"item\":\"https:\\\/\\\/www.pellens-hortensien.de\\\/en\\\/\"},{\"@type\":\"ListItem\",\"position\":2,\"name\":\"Interaktive Sortimentsliste\",\"item\":\"https:\\\/\\\/www.pellens-hortensien.de\\\/sortiment-interaktiv\\\/\"},{\"@type\":\"ListItem\",\"position\":3,\"name\":\"You&amp;Me\u00ae Romance (s) blau\"}]},{\"@type\":\"WebSite\",\"@id\":\"https:\\\/\\\/www.pellens-hortensien.de\\\/en\\\/#website\",\"url\":\"https:\\\/\\\/www.pellens-hortensien.de\\\/en\\\/\",\"name\":\"Pellens Hortensien\",\"description\":\"Ihr Hortensienspezialist vom Niederrhein\",\"publisher\":{\"@id\":\"https:\\\/\\\/www.pellens-hortensien.de\\\/en\\\/#organization\"},\"potentialAction\":[{\"@type\":\"SearchAction\",\"target\":{\"@type\":\"EntryPoint\",\"urlTemplate\":\"https:\\\/\\\/www.pellens-hortensien.de\\\/en\\\/?s={search_term_string}\"},\"query-input\":{\"@type\":\"PropertyValueSpecification\",\"valueRequired\":true,\"valueName\":\"search_term_string\"}}],\"inLanguage\":\"en-US\"},{\"@type\":\"Organization\",\"@id\":\"https:\\\/\\\/www.pellens-hortensien.de\\\/en\\\/#organization\",\"name\":\"Pellens GmbH\",\"url\":\"https:\\\/\\\/www.pellens-hortensien.de\\\/en\\\/\",\"logo\":{\"@type\":\"ImageObject\",\"inLanguage\":\"en-US\",\"@id\":\"https:\\\/\\\/www.pellens-hortensien.de\\\/en\\\/#\\\/schema\\\/logo\\\/image\\\/\",\"url\":\"https:\\\/\\\/www.pellens-hortensien.de\\\/wp-content\\\/uploads\\\/2015\\\/11\\\/logo_pellens_690_200.png\",\"contentUrl\":\"https:\\\/\\\/www.pellens-hortensien.de\\\/wp-content\\\/uploads\\\/2015\\\/11\\\/logo_pellens_690_200.png\",\"width\":690,\"height\":200,\"caption\":\"Pellens GmbH\"},\"image\":{\"@id\":\"https:\\\/\\\/www.pellens-hortensien.de\\\/en\\\/#\\\/schema\\\/logo\\\/image\\\/\"},\"sameAs\":[\"https:\\\/\\\/www.facebook.com\\\/Hortensia4U\\\/\",\"https:\\\/\\\/x.com\\\/Hortensia4U\",\"https:\\\/\\\/www.instagram.com\\\/Hortensia4U\\\/\",\"https:\\\/\\\/www.youtube.com\\\/user\\\/Hortensia4U\"]}]}<\/script>\n<!-- \/ Yoast SEO plugin. -->","yoast_head_json":{"title":"You&amp;Me\u00ae Romance (s) blau - Pellens Hortensien","description":"Romance blau aus der You&Me-Reihe ist eine Tellerhortensie mit besonderen, gef\u00fcllten Bl\u00fcten in kr\u00e4ftigem Blau. Eine Bauernhortsie (Hydrangea macrophylla).","robots":{"index":"index","follow":"follow","max-snippet":"max-snippet:-1","max-image-preview":"max-image-preview:large","max-video-preview":"max-video-preview:-1"},"canonical":"https:\/\/www.pellens-hortensien.de\/en\/product-en\/you-me-romances-blue\/","twitter_misc":{"Est. reading time":"1 minute"},"schema":{"@context":"https:\/\/schema.org","@graph":[{"@type":"WebPage","@id":"https:\/\/www.pellens-hortensien.de\/en\/product-en\/you-me-romances-blue\/","url":"https:\/\/www.pellens-hortensien.de\/en\/product-en\/you-me-romances-blue\/","name":"You&amp;Me\u00ae Romance (s) blau - Pellens Hortensien","isPartOf":{"@id":"https:\/\/www.pellens-hortensien.de\/en\/#website"},"primaryImageOfPage":{"@id":"https:\/\/www.pellens-hortensien.de\/en\/product-en\/you-me-romances-blue\/#primaryimage"},"image":{"@id":"https:\/\/www.pellens-hortensien.de\/en\/product-en\/you-me-romances-blue\/#primaryimage"},"thumbnailUrl":"https:\/\/www.pellens-hortensien.de\/wp-content\/uploads\/2015\/08\/you-me-romance-blue-oben.png","datePublished":"2015-08-31T14:30:36+00:00","dateModified":"2024-07-02T07:36:00+00:00","description":"Romance blau aus der You&Me-Reihe ist eine Tellerhortensie mit besonderen, gef\u00fcllten Bl\u00fcten in kr\u00e4ftigem Blau. Eine Bauernhortsie (Hydrangea macrophylla).","breadcrumb":{"@id":"https:\/\/www.pellens-hortensien.de\/en\/product-en\/you-me-romances-blue\/#breadcrumb"},"inLanguage":"en-US","potentialAction":[{"@type":"ReadAction","target":["https:\/\/www.pellens-hortensien.de\/en\/product-en\/you-me-romances-blue\/"]}]},{"@type":"ImageObject","inLanguage":"en-US","@id":"https:\/\/www.pellens-hortensien.de\/en\/product-en\/you-me-romances-blue\/#primaryimage","url":"https:\/\/www.pellens-hortensien.de\/wp-content\/uploads\/2015\/08\/you-me-romance-blue-oben.png","contentUrl":"https:\/\/www.pellens-hortensien.de\/wp-content\/uploads\/2015\/08\/you-me-romance-blue-oben.png","width":600,"height":600,"caption":"You & Me\u00ae Romance(s) blau Oben"},{"@type":"BreadcrumbList","@id":"https:\/\/www.pellens-hortensien.de\/en\/product-en\/you-me-romances-blue\/#breadcrumb","itemListElement":[{"@type":"ListItem","position":1,"name":"Home","item":"https:\/\/www.pellens-hortensien.de\/en\/"},{"@type":"ListItem","position":2,"name":"Interaktive Sortimentsliste","item":"https:\/\/www.pellens-hortensien.de\/sortiment-interaktiv\/"},{"@type":"ListItem","position":3,"name":"You&amp;Me\u00ae Romance (s) blau"}]},{"@type":"WebSite","@id":"https:\/\/www.pellens-hortensien.de\/en\/#website","url":"https:\/\/www.pellens-hortensien.de\/en\/","name":"Pellens Hortensien","description":"Ihr Hortensienspezialist vom Niederrhein","publisher":{"@id":"https:\/\/www.pellens-hortensien.de\/en\/#organization"},"potentialAction":[{"@type":"SearchAction","target":{"@type":"EntryPoint","urlTemplate":"https:\/\/www.pellens-hortensien.de\/en\/?s={search_term_string}"},"query-input":{"@type":"PropertyValueSpecification","valueRequired":true,"valueName":"search_term_string"}}],"inLanguage":"en-US"},{"@type":"Organization","@id":"https:\/\/www.pellens-hortensien.de\/en\/#organization","name":"Pellens GmbH","url":"https:\/\/www.pellens-hortensien.de\/en\/","logo":{"@type":"ImageObject","inLanguage":"en-US","@id":"https:\/\/www.pellens-hortensien.de\/en\/#\/schema\/logo\/image\/","url":"https:\/\/www.pellens-hortensien.de\/wp-content\/uploads\/2015\/11\/logo_pellens_690_200.png","contentUrl":"https:\/\/www.pellens-hortensien.de\/wp-content\/uploads\/2015\/11\/logo_pellens_690_200.png","width":690,"height":200,"caption":"Pellens GmbH"},"image":{"@id":"https:\/\/www.pellens-hortensien.de\/en\/#\/schema\/logo\/image\/"},"sameAs":["https:\/\/www.facebook.com\/Hortensia4U\/","https:\/\/x.com\/Hortensia4U","https:\/\/www.instagram.com\/Hortensia4U\/","https:\/\/www.youtube.com\/user\/Hortensia4U"]}]}},"taxonomy_info":{"product_cat":[{"value":11,"label":"You &amp; Me\u00ae"}],"product_tag":[{"value":1412,"label":"Bauernhortensie"},{"value":1479,"label":"besondere Bl\u00fcten"},{"value":43,"label":"Blau"},{"value":1391,"label":"Blue"},{"value":1470,"label":"dark blue"},{"value":1463,"label":"dunkelblau"},{"value":1460,"label":"f\u00fcr T\u00f6pfe"},{"value":1445,"label":"gef\u00fcllt"},{"value":1446,"label":"gef\u00fcllte Bl\u00fcten"},{"value":1387,"label":"Hortensia"},{"value":739,"label":"Hortensie"},{"value":754,"label":"Hortensiensorten"},{"value":740,"label":"Hydrangea"},{"value":741,"label":"macrophylla"},{"value":1478,"label":"middle blue"},{"value":1464,"label":"mittelblau"},{"value":744,"label":"Pellens"},{"value":1444,"label":"Romance"},{"value":45,"label":"Special"},{"value":1447,"label":"Sternchenbl\u00fcten"},{"value":1443,"label":"You&amp;Me"}],"pa_liefer-kw":[{"value":99,"label":"KW01"},{"value":100,"label":"KW02"},{"value":101,"label":"KW03"},{"value":102,"label":"KW04"},{"value":103,"label":"KW05"},{"value":104,"label":"KW06"},{"value":105,"label":"KW07"},{"value":106,"label":"KW08"},{"value":107,"label":"KW09"},{"value":108,"label":"KW10"},{"value":109,"label":"KW11"},{"value":110,"label":"KW12"},{"value":111,"label":"KW13"},{"value":112,"label":"KW14"},{"value":113,"label":"KW15"},{"value":114,"label":"KW16"},{"value":115,"label":"KW17"},{"value":116,"label":"KW18"},{"value":117,"label":"KW19"},{"value":118,"label":"KW20"},{"value":119,"label":"KW21"},{"value":120,"label":"KW22"},{"value":121,"label":"KW23"},{"value":122,"label":"KW24"},{"value":123,"label":"KW25"},{"value":124,"label":"KW26"},{"value":125,"label":"KW27"},{"value":126,"label":"KW28"},{"value":127,"label":"KW29"},{"value":128,"label":"KW30"},{"value":129,"label":"KW31"},{"value":130,"label":"KW32"},{"value":131,"label":"KW33"},{"value":132,"label":"KW34"},{"value":133,"label":"KW35"},{"value":134,"label":"KW36"},{"value":135,"label":"KW37"},{"value":136,"label":"KW38"},{"value":137,"label":"KW39"},{"value":138,"label":"KW40"},{"value":139,"label":"KW41"},{"value":140,"label":"KW42"},{"value":141,"label":"KW43"},{"value":142,"label":"KW44"},{"value":143,"label":"KW45"},{"value":144,"label":"KW46"},{"value":145,"label":"KW47"},{"value":146,"label":"KW48"},{"value":147,"label":"KW49"},{"value":148,"label":"KW50"},{"value":149,"label":"KW51"},{"value":150,"label":"KW52"}],"pa_produktform":[{"value":37,"label":"C-20\/ 20+ (15 Stk. per CC)"},{"value":35,"label":"C-3\/ 9+ (126 Stk. per CC)"},{"value":36,"label":"C-5\/ 12+ (85 Stk. per CC)"},{"value":33,"label":"T-14\/ 5+ (320 Stk. per CC)"},{"value":34,"label":"T-14\/ 7+ (320 Stk. per CC)"}],"pa_verwendung":[{"value":1218,"label":"Optimal als Baumschulpflanze"},{"value":1217,"label":"Optimal als Zimmerpflanze"}],"pa_wuchs":[{"value":1215,"label":"Wuchs medium"}]},"featured_image_src_large":["https:\/\/www.pellens-hortensien.de\/wp-content\/uploads\/2015\/08\/you-me-romance-blue-oben.png",600,600,false],"author_info":[],"comment_info":"","_links":{"self":[{"href":"https:\/\/www.pellens-hortensien.de\/en\/wp-json\/wp\/v2\/product\/173","targetHints":{"allow":["GET"]}}],"collection":[{"href":"https:\/\/www.pellens-hortensien.de\/en\/wp-json\/wp\/v2\/product"}],"about":[{"href":"https:\/\/www.pellens-hortensien.de\/en\/wp-json\/wp\/v2\/types\/product"}],"wp:featuredmedia":[{"embeddable":true,"href":"https:\/\/www.pellens-hortensien.de\/en\/wp-json\/wp\/v2\/media\/1085"}],"wp:attachment":[{"href":"https:\/\/www.pellens-hortensien.de\/en\/wp-json\/wp\/v2\/media?parent=173"}],"wp:term":[{"taxonomy":"product_brand","embeddable":true,"href":"https:\/\/www.pellens-hortensien.de\/en\/wp-json\/wp\/v2\/product_brand?post=173"},{"taxonomy":"product_cat","embeddable":true,"href":"https:\/\/www.pellens-hortensien.de\/en\/wp-json\/wp\/v2\/product_cat?post=173"},{"taxonomy":"product_tag","embeddable":true,"href":"https:\/\/www.pellens-hortensien.de\/en\/wp-json\/wp\/v2\/product_tag?post=173"}],"curies":[{"name":"wp","href":"https:\/\/api.w.org\/{rel}","templated":true}]}}