{"id":165,"date":"2015-08-31T15:20:07","date_gmt":"2015-08-31T13:20:07","guid":{"rendered":"http:\/\/premiumsupplies.de\/wp-pellens-hortensien\/?post_type=product&#038;p=165"},"modified":"2024-07-02T09:42:16","modified_gmt":"2024-07-02T07:42:16","slug":"everbloom-blue-wonders","status":"publish","type":"product","link":"https:\/\/www.pellens-hortensien.de\/en\/product-en\/everbloom-blue-wonders\/","title":{"rendered":"Everbloom\u00ae Blue Wonder (s)"},"content":{"rendered":"<div id=\"stcpDiv\">\n<div id=\"stcpDiv\">\n<div id=\"stcpDiv\">\n<div id=\"stcpDiv\">Wuchs: medium<\/div>\n<div>Bl\u00fcte: hellblaue Ballhortensie<\/div>\n<div>(auch in pink erh\u00e4ltlich, siehe Everbloom\u00ae Pink Wonder)<\/div>\n<div>Besonderheit: bl\u00fcht zuverl\u00e4ssig auch am einj\u00e4hrigen Holz<\/div>\n<div><\/div>\n<div>Start: \u00a0 \u00a0 KW 2<\/div>\n<div>\u00a0\u00a0\u00a0\u00a0\u00a0\u00a0\u00a0\u00a0\u00a0\u00a0\u00a0\u00a0 Hinweis: Blue Wonder l\u00e4sst sich, parallel zu Pink Wonder, auch bereits ab KW 49 aufstellen; jedoch muss<\/div>\n<div>\u00a0\u00a0\u00a0\u00a0\u00a0\u00a0\u00a0\u00a0\u00a0\u00a0\u00a0\u00a0\u00a0\u00a0\u00a0\u00a0\u00a0\u00a0\u00a0\u00a0\u00a0\u00a0\u00a0\u00a0\u00a0\u00a0\u00a0 dann mit einer schw\u00e4cheren Blauf\u00e4rbung gerechnet werden.<\/div>\n<div>Treibdauer: ca. 9 Wochen<\/div>\n<div><strong>Auch f\u00fcr Containerproduktion.<\/strong><\/div>\n<\/div>\n<\/div>\n<\/div>\n","protected":false},"excerpt":{"rendered":"<p>Wuchs: medium Bl\u00fcte: hellblaue Ballhortensie (auch in pink erh\u00e4ltlich, siehe Everbloom\u00ae Pink Wonder) Besonderheit: bl\u00fcht zuverl\u00e4ssig auch am einj\u00e4hrigen Holz Start: \u00a0 \u00a0 KW 2 \u00a0\u00a0\u00a0\u00a0\u00a0\u00a0\u00a0\u00a0\u00a0\u00a0\u00a0\u00a0 &hellip; <a href=\"https:\/\/www.pellens-hortensien.de\/en\/product-en\/everbloom-blue-wonders\/\">Read More<\/a><\/p>\n","protected":false},"featured_media":478,"template":"","meta":{"kt_blocks_editor_width":"","_kad_blocks_custom_css":"","_kad_blocks_head_custom_js":"","_kad_blocks_body_custom_js":"","_kad_blocks_footer_custom_js":""},"product_brand":[],"product_cat":[25,12],"product_tag":[1481,1411,1412,43,1391,1482,1429,1460,1480,1387,739,754,740,1483,741,744,1431,45],"class_list":{"0":"post-165","1":"product","2":"type-product","3":"status-publish","4":"has-post-thumbnail","6":"product_cat-blau","7":"product_cat-everbloom","8":"product_tag-babyblau","9":"product_tag-ballhortensie","10":"product_tag-bauernhortensie","11":"product_tag-blau","12":"product_tag-blue-2","13":"product_tag-blue-wonder","14":"product_tag-everbloom","15":"product_tag-fuer-toepfe","16":"product_tag-hellblau","17":"product_tag-hortensia","18":"product_tag-hortensie","19":"product_tag-hortensiensorten","20":"product_tag-hydrangea","21":"product_tag-knospen-am-neuen-holz","22":"product_tag-macrophylla","23":"product_tag-pellens","24":"product_tag-remontierend","25":"product_tag-special","26":"pa_liefer-kw-kw01","27":"pa_liefer-kw-kw02","28":"pa_liefer-kw-kw03","29":"pa_liefer-kw-kw04","30":"pa_liefer-kw-kw05","31":"pa_liefer-kw-kw06","32":"pa_liefer-kw-kw07","33":"pa_liefer-kw-kw08","34":"pa_liefer-kw-kw09","35":"pa_liefer-kw-kw10","36":"pa_liefer-kw-kw11","37":"pa_liefer-kw-kw12","38":"pa_liefer-kw-kw13","39":"pa_liefer-kw-kw14","40":"pa_liefer-kw-kw15","41":"pa_liefer-kw-kw16","42":"pa_liefer-kw-kw17","43":"pa_liefer-kw-kw18","44":"pa_liefer-kw-kw19","45":"pa_liefer-kw-kw20","46":"pa_liefer-kw-kw21","47":"pa_liefer-kw-kw22","48":"pa_liefer-kw-kw23","49":"pa_liefer-kw-kw24","50":"pa_liefer-kw-kw41","51":"pa_liefer-kw-kw50","52":"pa_liefer-kw-kw51","53":"pa_liefer-kw-kw52","54":"pa_produktform-t-14-5","55":"pa_produktform-t-14-7","56":"pa_verwendung-verwendung-baumschulpflanze","57":"pa_verwendung-verwendung-zimmerpflanze","58":"pa_wuchs-wuchs-medium","60":"first","61":"instock","62":"taxable","63":"shipping-taxable","64":"purchasable","65":"product-type-variable"},"yoast_head":"<!-- This site is optimized with the Yoast SEO plugin v27.5 - https:\/\/yoast.com\/product\/yoast-seo-wordpress\/ -->\n<title>Everbloom\u00ae Blue Wonder (s) - Pellens Hortensien<\/title>\n<meta name=\"description\" content=\"Everbloom\u00ae Blue Wonder ist eine zuverl\u00e4ssige Ballhortensie in Hellblau, die am neuen und am alten Holz Knospen ansetzt. Bauernhortensie (H. macrophylla)\" \/>\n<meta name=\"robots\" content=\"index, follow, max-snippet:-1, max-image-preview:large, max-video-preview:-1\" \/>\n<link rel=\"canonical\" href=\"https:\/\/www.pellens-hortensien.de\/en\/product-en\/everbloom-blue-wonders\/\" \/>\n<meta name=\"twitter:label1\" content=\"Est. reading time\" \/>\n\t<meta name=\"twitter:data1\" content=\"1 minute\" \/>\n<script type=\"application\/ld+json\" class=\"yoast-schema-graph\">{\"@context\":\"https:\\\/\\\/schema.org\",\"@graph\":[{\"@type\":\"WebPage\",\"@id\":\"https:\\\/\\\/www.pellens-hortensien.de\\\/en\\\/product-en\\\/everbloom-blue-wonders\\\/\",\"url\":\"https:\\\/\\\/www.pellens-hortensien.de\\\/en\\\/product-en\\\/everbloom-blue-wonders\\\/\",\"name\":\"Everbloom\u00ae Blue Wonder (s) - Pellens Hortensien\",\"isPartOf\":{\"@id\":\"https:\\\/\\\/www.pellens-hortensien.de\\\/en\\\/#website\"},\"primaryImageOfPage\":{\"@id\":\"https:\\\/\\\/www.pellens-hortensien.de\\\/en\\\/product-en\\\/everbloom-blue-wonders\\\/#primaryimage\"},\"image\":{\"@id\":\"https:\\\/\\\/www.pellens-hortensien.de\\\/en\\\/product-en\\\/everbloom-blue-wonders\\\/#primaryimage\"},\"thumbnailUrl\":\"https:\\\/\\\/www.pellens-hortensien.de\\\/wp-content\\\/uploads\\\/2015\\\/12\\\/everbloom-bluewonder-oben.png\",\"datePublished\":\"2015-08-31T13:20:07+00:00\",\"dateModified\":\"2024-07-02T07:42:16+00:00\",\"description\":\"Everbloom\u00ae Blue Wonder ist eine zuverl\u00e4ssige Ballhortensie in Hellblau, die am neuen und am alten Holz Knospen ansetzt. Bauernhortensie (H. macrophylla)\",\"breadcrumb\":{\"@id\":\"https:\\\/\\\/www.pellens-hortensien.de\\\/en\\\/product-en\\\/everbloom-blue-wonders\\\/#breadcrumb\"},\"inLanguage\":\"en-US\",\"potentialAction\":[{\"@type\":\"ReadAction\",\"target\":[\"https:\\\/\\\/www.pellens-hortensien.de\\\/en\\\/product-en\\\/everbloom-blue-wonders\\\/\"]}]},{\"@type\":\"ImageObject\",\"inLanguage\":\"en-US\",\"@id\":\"https:\\\/\\\/www.pellens-hortensien.de\\\/en\\\/product-en\\\/everbloom-blue-wonders\\\/#primaryimage\",\"url\":\"https:\\\/\\\/www.pellens-hortensien.de\\\/wp-content\\\/uploads\\\/2015\\\/12\\\/everbloom-bluewonder-oben.png\",\"contentUrl\":\"https:\\\/\\\/www.pellens-hortensien.de\\\/wp-content\\\/uploads\\\/2015\\\/12\\\/everbloom-bluewonder-oben.png\",\"width\":600,\"height\":600,\"caption\":\"Everbloom\u00ae Blue Wonder von oben\"},{\"@type\":\"BreadcrumbList\",\"@id\":\"https:\\\/\\\/www.pellens-hortensien.de\\\/en\\\/product-en\\\/everbloom-blue-wonders\\\/#breadcrumb\",\"itemListElement\":[{\"@type\":\"ListItem\",\"position\":1,\"name\":\"Home\",\"item\":\"https:\\\/\\\/www.pellens-hortensien.de\\\/en\\\/\"},{\"@type\":\"ListItem\",\"position\":2,\"name\":\"Interaktive Sortimentsliste\",\"item\":\"https:\\\/\\\/www.pellens-hortensien.de\\\/sortiment-interaktiv\\\/\"},{\"@type\":\"ListItem\",\"position\":3,\"name\":\"Everbloom\u00ae Blue Wonder (s)\"}]},{\"@type\":\"WebSite\",\"@id\":\"https:\\\/\\\/www.pellens-hortensien.de\\\/en\\\/#website\",\"url\":\"https:\\\/\\\/www.pellens-hortensien.de\\\/en\\\/\",\"name\":\"Pellens Hortensien\",\"description\":\"Ihr Hortensienspezialist vom Niederrhein\",\"publisher\":{\"@id\":\"https:\\\/\\\/www.pellens-hortensien.de\\\/en\\\/#organization\"},\"potentialAction\":[{\"@type\":\"SearchAction\",\"target\":{\"@type\":\"EntryPoint\",\"urlTemplate\":\"https:\\\/\\\/www.pellens-hortensien.de\\\/en\\\/?s={search_term_string}\"},\"query-input\":{\"@type\":\"PropertyValueSpecification\",\"valueRequired\":true,\"valueName\":\"search_term_string\"}}],\"inLanguage\":\"en-US\"},{\"@type\":\"Organization\",\"@id\":\"https:\\\/\\\/www.pellens-hortensien.de\\\/en\\\/#organization\",\"name\":\"Pellens GmbH\",\"url\":\"https:\\\/\\\/www.pellens-hortensien.de\\\/en\\\/\",\"logo\":{\"@type\":\"ImageObject\",\"inLanguage\":\"en-US\",\"@id\":\"https:\\\/\\\/www.pellens-hortensien.de\\\/en\\\/#\\\/schema\\\/logo\\\/image\\\/\",\"url\":\"https:\\\/\\\/www.pellens-hortensien.de\\\/wp-content\\\/uploads\\\/2015\\\/11\\\/logo_pellens_690_200.png\",\"contentUrl\":\"https:\\\/\\\/www.pellens-hortensien.de\\\/wp-content\\\/uploads\\\/2015\\\/11\\\/logo_pellens_690_200.png\",\"width\":690,\"height\":200,\"caption\":\"Pellens GmbH\"},\"image\":{\"@id\":\"https:\\\/\\\/www.pellens-hortensien.de\\\/en\\\/#\\\/schema\\\/logo\\\/image\\\/\"},\"sameAs\":[\"https:\\\/\\\/www.facebook.com\\\/Hortensia4U\\\/\",\"https:\\\/\\\/x.com\\\/Hortensia4U\",\"https:\\\/\\\/www.instagram.com\\\/Hortensia4U\\\/\",\"https:\\\/\\\/www.youtube.com\\\/user\\\/Hortensia4U\"]}]}<\/script>\n<!-- \/ Yoast SEO plugin. -->","yoast_head_json":{"title":"Everbloom\u00ae Blue Wonder (s) - Pellens Hortensien","description":"Everbloom\u00ae Blue Wonder ist eine zuverl\u00e4ssige Ballhortensie in Hellblau, die am neuen und am alten Holz Knospen ansetzt. Bauernhortensie (H. macrophylla)","robots":{"index":"index","follow":"follow","max-snippet":"max-snippet:-1","max-image-preview":"max-image-preview:large","max-video-preview":"max-video-preview:-1"},"canonical":"https:\/\/www.pellens-hortensien.de\/en\/product-en\/everbloom-blue-wonders\/","twitter_misc":{"Est. reading time":"1 minute"},"schema":{"@context":"https:\/\/schema.org","@graph":[{"@type":"WebPage","@id":"https:\/\/www.pellens-hortensien.de\/en\/product-en\/everbloom-blue-wonders\/","url":"https:\/\/www.pellens-hortensien.de\/en\/product-en\/everbloom-blue-wonders\/","name":"Everbloom\u00ae Blue Wonder (s) - Pellens Hortensien","isPartOf":{"@id":"https:\/\/www.pellens-hortensien.de\/en\/#website"},"primaryImageOfPage":{"@id":"https:\/\/www.pellens-hortensien.de\/en\/product-en\/everbloom-blue-wonders\/#primaryimage"},"image":{"@id":"https:\/\/www.pellens-hortensien.de\/en\/product-en\/everbloom-blue-wonders\/#primaryimage"},"thumbnailUrl":"https:\/\/www.pellens-hortensien.de\/wp-content\/uploads\/2015\/12\/everbloom-bluewonder-oben.png","datePublished":"2015-08-31T13:20:07+00:00","dateModified":"2024-07-02T07:42:16+00:00","description":"Everbloom\u00ae Blue Wonder ist eine zuverl\u00e4ssige Ballhortensie in Hellblau, die am neuen und am alten Holz Knospen ansetzt. Bauernhortensie (H. macrophylla)","breadcrumb":{"@id":"https:\/\/www.pellens-hortensien.de\/en\/product-en\/everbloom-blue-wonders\/#breadcrumb"},"inLanguage":"en-US","potentialAction":[{"@type":"ReadAction","target":["https:\/\/www.pellens-hortensien.de\/en\/product-en\/everbloom-blue-wonders\/"]}]},{"@type":"ImageObject","inLanguage":"en-US","@id":"https:\/\/www.pellens-hortensien.de\/en\/product-en\/everbloom-blue-wonders\/#primaryimage","url":"https:\/\/www.pellens-hortensien.de\/wp-content\/uploads\/2015\/12\/everbloom-bluewonder-oben.png","contentUrl":"https:\/\/www.pellens-hortensien.de\/wp-content\/uploads\/2015\/12\/everbloom-bluewonder-oben.png","width":600,"height":600,"caption":"Everbloom\u00ae Blue Wonder von oben"},{"@type":"BreadcrumbList","@id":"https:\/\/www.pellens-hortensien.de\/en\/product-en\/everbloom-blue-wonders\/#breadcrumb","itemListElement":[{"@type":"ListItem","position":1,"name":"Home","item":"https:\/\/www.pellens-hortensien.de\/en\/"},{"@type":"ListItem","position":2,"name":"Interaktive Sortimentsliste","item":"https:\/\/www.pellens-hortensien.de\/sortiment-interaktiv\/"},{"@type":"ListItem","position":3,"name":"Everbloom\u00ae Blue Wonder (s)"}]},{"@type":"WebSite","@id":"https:\/\/www.pellens-hortensien.de\/en\/#website","url":"https:\/\/www.pellens-hortensien.de\/en\/","name":"Pellens Hortensien","description":"Ihr Hortensienspezialist vom Niederrhein","publisher":{"@id":"https:\/\/www.pellens-hortensien.de\/en\/#organization"},"potentialAction":[{"@type":"SearchAction","target":{"@type":"EntryPoint","urlTemplate":"https:\/\/www.pellens-hortensien.de\/en\/?s={search_term_string}"},"query-input":{"@type":"PropertyValueSpecification","valueRequired":true,"valueName":"search_term_string"}}],"inLanguage":"en-US"},{"@type":"Organization","@id":"https:\/\/www.pellens-hortensien.de\/en\/#organization","name":"Pellens GmbH","url":"https:\/\/www.pellens-hortensien.de\/en\/","logo":{"@type":"ImageObject","inLanguage":"en-US","@id":"https:\/\/www.pellens-hortensien.de\/en\/#\/schema\/logo\/image\/","url":"https:\/\/www.pellens-hortensien.de\/wp-content\/uploads\/2015\/11\/logo_pellens_690_200.png","contentUrl":"https:\/\/www.pellens-hortensien.de\/wp-content\/uploads\/2015\/11\/logo_pellens_690_200.png","width":690,"height":200,"caption":"Pellens GmbH"},"image":{"@id":"https:\/\/www.pellens-hortensien.de\/en\/#\/schema\/logo\/image\/"},"sameAs":["https:\/\/www.facebook.com\/Hortensia4U\/","https:\/\/x.com\/Hortensia4U","https:\/\/www.instagram.com\/Hortensia4U\/","https:\/\/www.youtube.com\/user\/Hortensia4U"]}]}},"taxonomy_info":{"product_cat":[{"value":25,"label":"Blaue Sorten"},{"value":12,"label":"Everbloom\u00ae"}],"product_tag":[{"value":1481,"label":"babyblau"},{"value":1411,"label":"Ballhortensie"},{"value":1412,"label":"Bauernhortensie"},{"value":43,"label":"Blau"},{"value":1391,"label":"Blue"},{"value":1482,"label":"Blue Wonder"},{"value":1429,"label":"Everbloom"},{"value":1460,"label":"f\u00fcr T\u00f6pfe"},{"value":1480,"label":"hellblau"},{"value":1387,"label":"Hortensia"},{"value":739,"label":"Hortensie"},{"value":754,"label":"Hortensiensorten"},{"value":740,"label":"Hydrangea"},{"value":1483,"label":"Knospen am neuen Holz"},{"value":741,"label":"macrophylla"},{"value":744,"label":"Pellens"},{"value":1431,"label":"remontierend"},{"value":45,"label":"Special"}],"pa_liefer-kw":[{"value":99,"label":"KW01"},{"value":100,"label":"KW02"},{"value":101,"label":"KW03"},{"value":102,"label":"KW04"},{"value":103,"label":"KW05"},{"value":104,"label":"KW06"},{"value":105,"label":"KW07"},{"value":106,"label":"KW08"},{"value":107,"label":"KW09"},{"value":108,"label":"KW10"},{"value":109,"label":"KW11"},{"value":110,"label":"KW12"},{"value":111,"label":"KW13"},{"value":112,"label":"KW14"},{"value":113,"label":"KW15"},{"value":114,"label":"KW16"},{"value":115,"label":"KW17"},{"value":116,"label":"KW18"},{"value":117,"label":"KW19"},{"value":118,"label":"KW20"},{"value":119,"label":"KW21"},{"value":120,"label":"KW22"},{"value":121,"label":"KW23"},{"value":122,"label":"KW24"},{"value":139,"label":"KW41"},{"value":148,"label":"KW50"},{"value":149,"label":"KW51"},{"value":150,"label":"KW52"}],"pa_produktform":[{"value":33,"label":"T-14\/ 5+ (320 Stk. per CC)"},{"value":34,"label":"T-14\/ 7+ (320 Stk. per CC)"}],"pa_verwendung":[{"value":1218,"label":"Optimal als Baumschulpflanze"},{"value":1217,"label":"Optimal als Zimmerpflanze"}],"pa_wuchs":[{"value":1215,"label":"Wuchs medium"}]},"featured_image_src_large":["https:\/\/www.pellens-hortensien.de\/wp-content\/uploads\/2015\/12\/everbloom-bluewonder-oben.png",600,600,false],"author_info":[],"comment_info":"","_links":{"self":[{"href":"https:\/\/www.pellens-hortensien.de\/en\/wp-json\/wp\/v2\/product\/165","targetHints":{"allow":["GET"]}}],"collection":[{"href":"https:\/\/www.pellens-hortensien.de\/en\/wp-json\/wp\/v2\/product"}],"about":[{"href":"https:\/\/www.pellens-hortensien.de\/en\/wp-json\/wp\/v2\/types\/product"}],"wp:featuredmedia":[{"embeddable":true,"href":"https:\/\/www.pellens-hortensien.de\/en\/wp-json\/wp\/v2\/media\/478"}],"wp:attachment":[{"href":"https:\/\/www.pellens-hortensien.de\/en\/wp-json\/wp\/v2\/media?parent=165"}],"wp:term":[{"taxonomy":"product_brand","embeddable":true,"href":"https:\/\/www.pellens-hortensien.de\/en\/wp-json\/wp\/v2\/product_brand?post=165"},{"taxonomy":"product_cat","embeddable":true,"href":"https:\/\/www.pellens-hortensien.de\/en\/wp-json\/wp\/v2\/product_cat?post=165"},{"taxonomy":"product_tag","embeddable":true,"href":"https:\/\/www.pellens-hortensien.de\/en\/wp-json\/wp\/v2\/product_tag?post=165"}],"curies":[{"name":"wp","href":"https:\/\/api.w.org\/{rel}","templated":true}]}}