{"id":164,"date":"2015-08-31T15:17:59","date_gmt":"2015-08-31T13:17:59","guid":{"rendered":"http:\/\/premiumsupplies.de\/wp-pellens-hortensien\/?post_type=product&#038;p=164"},"modified":"2024-07-02T08:32:30","modified_gmt":"2024-07-02T06:32:30","slug":"everbloom-pink-wonder","status":"publish","type":"product","link":"https:\/\/www.pellens-hortensien.de\/en\/product-en\/everbloom-pink-wonder\/","title":{"rendered":"Everbloom\u00ae Pink Wonder (s)"},"content":{"rendered":"<div id=\"stcpDiv\">\n<div id=\"stcpDiv\">\n<div id=\"stcpDiv\">Wuchs: medium<\/div>\n<div>Bl\u00fcte: rosa Ballhortensie<\/div>\n<div>Besonderheit: bl\u00fcht zuverl\u00e4ssig, da auch am neuen Holz<br \/>\nEndh\u00f6he: 1 bis 1,5 Meter<\/div>\n<div><\/div>\n<div>Start: KW 49<\/div>\n<div>Treibdauer: ca. 9 Wochen<\/div>\n<div><strong>Auch f\u00fcr Containerproduktion.<\/strong><\/div>\n<\/div>\n<\/div>\n","protected":false},"excerpt":{"rendered":"<p>Wuchs: medium Bl\u00fcte: rosa Ballhortensie Besonderheit: bl\u00fcht zuverl\u00e4ssig, da auch am neuen Holz Endh\u00f6he: 1 bis 1,5 Meter Start: KW 49 Treibdauer: ca. 9 Wochen Auch &hellip; <a href=\"https:\/\/www.pellens-hortensien.de\/en\/product-en\/everbloom-pink-wonder\/\">Read More<\/a><\/p>\n","protected":false},"featured_media":481,"template":"","meta":{"kt_blocks_editor_width":"","_kad_blocks_custom_css":"","_kad_blocks_head_custom_js":"","_kad_blocks_body_custom_js":"","_kad_blocks_footer_custom_js":""},"product_brand":[],"product_cat":[12,27],"product_tag":[1449,1411,1412,1450,1439,1387,739,754,740,741,744,1394,1431,42],"class_list":{"0":"post-164","1":"product","2":"type-product","3":"status-publish","4":"has-post-thumbnail","6":"product_cat-everbloom","7":"product_cat-rosa","8":"product_tag-babyrosa","9":"product_tag-ballhortensie","10":"product_tag-bauernhortensie","11":"product_tag-blueht-am-neuen-holz","12":"product_tag-hellrosa","13":"product_tag-hortensia","14":"product_tag-hortensie","15":"product_tag-hortensiensorten","16":"product_tag-hydrangea","17":"product_tag-macrophylla","18":"product_tag-pellens","19":"product_tag-pink-2","20":"product_tag-remontierend","21":"product_tag-rosa","22":"pa_liefer-kw-kw01","23":"pa_liefer-kw-kw02","24":"pa_liefer-kw-kw03","25":"pa_liefer-kw-kw04","26":"pa_liefer-kw-kw05","27":"pa_liefer-kw-kw06","28":"pa_liefer-kw-kw07","29":"pa_liefer-kw-kw08","30":"pa_liefer-kw-kw09","31":"pa_liefer-kw-kw10","32":"pa_liefer-kw-kw11","33":"pa_liefer-kw-kw12","34":"pa_liefer-kw-kw13","35":"pa_liefer-kw-kw14","36":"pa_liefer-kw-kw15","37":"pa_liefer-kw-kw16","38":"pa_liefer-kw-kw17","39":"pa_liefer-kw-kw18","40":"pa_liefer-kw-kw19","41":"pa_liefer-kw-kw20","42":"pa_liefer-kw-kw21","43":"pa_liefer-kw-kw22","44":"pa_liefer-kw-kw23","45":"pa_liefer-kw-kw24","46":"pa_liefer-kw-kw41","47":"pa_liefer-kw-kw50","48":"pa_liefer-kw-kw51","49":"pa_liefer-kw-kw52","50":"pa_produktform-t-14-5","51":"pa_produktform-t-14-7","52":"pa_verwendung-verwendung-baumschulpflanze","53":"pa_verwendung-verwendung-zimmerpflanze","54":"pa_wuchs-wuchs-medium","56":"first","57":"instock","58":"taxable","59":"shipping-taxable","60":"purchasable","61":"product-type-variable"},"yoast_head":"<!-- This site is optimized with the Yoast SEO plugin v27.5 - https:\/\/yoast.com\/product\/yoast-seo-wordpress\/ -->\n<title>Everbloom\u00ae Pink Wonder (s) - Pellens Hortensien<\/title>\n<meta name=\"description\" content=\"Pink Wonder ist eine besonders zuverl\u00e4ssig bl\u00fchende Ballhortensie. Sie bildet Knospen am neuen und am alten Holz. Bauernhortensie (H. macrophylla).\" \/>\n<meta name=\"robots\" content=\"index, follow, max-snippet:-1, max-image-preview:large, max-video-preview:-1\" \/>\n<link rel=\"canonical\" href=\"https:\/\/www.pellens-hortensien.de\/en\/product-en\/everbloom-pink-wonder\/\" \/>\n<meta name=\"twitter:label1\" content=\"Est. reading time\" \/>\n\t<meta name=\"twitter:data1\" content=\"1 minute\" \/>\n<script type=\"application\/ld+json\" class=\"yoast-schema-graph\">{\"@context\":\"https:\\\/\\\/schema.org\",\"@graph\":[{\"@type\":\"WebPage\",\"@id\":\"https:\\\/\\\/www.pellens-hortensien.de\\\/en\\\/product-en\\\/everbloom-pink-wonder\\\/\",\"url\":\"https:\\\/\\\/www.pellens-hortensien.de\\\/en\\\/product-en\\\/everbloom-pink-wonder\\\/\",\"name\":\"Everbloom\u00ae Pink Wonder (s) - Pellens Hortensien\",\"isPartOf\":{\"@id\":\"https:\\\/\\\/www.pellens-hortensien.de\\\/en\\\/#website\"},\"primaryImageOfPage\":{\"@id\":\"https:\\\/\\\/www.pellens-hortensien.de\\\/en\\\/product-en\\\/everbloom-pink-wonder\\\/#primaryimage\"},\"image\":{\"@id\":\"https:\\\/\\\/www.pellens-hortensien.de\\\/en\\\/product-en\\\/everbloom-pink-wonder\\\/#primaryimage\"},\"thumbnailUrl\":\"https:\\\/\\\/www.pellens-hortensien.de\\\/wp-content\\\/uploads\\\/2015\\\/12\\\/everbloom-pinkwonder-oben.png\",\"datePublished\":\"2015-08-31T13:17:59+00:00\",\"dateModified\":\"2024-07-02T06:32:30+00:00\",\"description\":\"Pink Wonder ist eine besonders zuverl\u00e4ssig bl\u00fchende Ballhortensie. Sie bildet Knospen am neuen und am alten Holz. Bauernhortensie (H. macrophylla).\",\"breadcrumb\":{\"@id\":\"https:\\\/\\\/www.pellens-hortensien.de\\\/en\\\/product-en\\\/everbloom-pink-wonder\\\/#breadcrumb\"},\"inLanguage\":\"en-US\",\"potentialAction\":[{\"@type\":\"ReadAction\",\"target\":[\"https:\\\/\\\/www.pellens-hortensien.de\\\/en\\\/product-en\\\/everbloom-pink-wonder\\\/\"]}]},{\"@type\":\"ImageObject\",\"inLanguage\":\"en-US\",\"@id\":\"https:\\\/\\\/www.pellens-hortensien.de\\\/en\\\/product-en\\\/everbloom-pink-wonder\\\/#primaryimage\",\"url\":\"https:\\\/\\\/www.pellens-hortensien.de\\\/wp-content\\\/uploads\\\/2015\\\/12\\\/everbloom-pinkwonder-oben.png\",\"contentUrl\":\"https:\\\/\\\/www.pellens-hortensien.de\\\/wp-content\\\/uploads\\\/2015\\\/12\\\/everbloom-pinkwonder-oben.png\",\"width\":600,\"height\":600,\"caption\":\"Everbloom\u00ae Pink Wonder von oben\"},{\"@type\":\"BreadcrumbList\",\"@id\":\"https:\\\/\\\/www.pellens-hortensien.de\\\/en\\\/product-en\\\/everbloom-pink-wonder\\\/#breadcrumb\",\"itemListElement\":[{\"@type\":\"ListItem\",\"position\":1,\"name\":\"Home\",\"item\":\"https:\\\/\\\/www.pellens-hortensien.de\\\/en\\\/\"},{\"@type\":\"ListItem\",\"position\":2,\"name\":\"Interaktive Sortimentsliste\",\"item\":\"https:\\\/\\\/www.pellens-hortensien.de\\\/sortiment-interaktiv\\\/\"},{\"@type\":\"ListItem\",\"position\":3,\"name\":\"Everbloom\u00ae Pink Wonder (s)\"}]},{\"@type\":\"WebSite\",\"@id\":\"https:\\\/\\\/www.pellens-hortensien.de\\\/en\\\/#website\",\"url\":\"https:\\\/\\\/www.pellens-hortensien.de\\\/en\\\/\",\"name\":\"Pellens Hortensien\",\"description\":\"Ihr Hortensienspezialist vom Niederrhein\",\"publisher\":{\"@id\":\"https:\\\/\\\/www.pellens-hortensien.de\\\/en\\\/#organization\"},\"potentialAction\":[{\"@type\":\"SearchAction\",\"target\":{\"@type\":\"EntryPoint\",\"urlTemplate\":\"https:\\\/\\\/www.pellens-hortensien.de\\\/en\\\/?s={search_term_string}\"},\"query-input\":{\"@type\":\"PropertyValueSpecification\",\"valueRequired\":true,\"valueName\":\"search_term_string\"}}],\"inLanguage\":\"en-US\"},{\"@type\":\"Organization\",\"@id\":\"https:\\\/\\\/www.pellens-hortensien.de\\\/en\\\/#organization\",\"name\":\"Pellens GmbH\",\"url\":\"https:\\\/\\\/www.pellens-hortensien.de\\\/en\\\/\",\"logo\":{\"@type\":\"ImageObject\",\"inLanguage\":\"en-US\",\"@id\":\"https:\\\/\\\/www.pellens-hortensien.de\\\/en\\\/#\\\/schema\\\/logo\\\/image\\\/\",\"url\":\"https:\\\/\\\/www.pellens-hortensien.de\\\/wp-content\\\/uploads\\\/2015\\\/11\\\/logo_pellens_690_200.png\",\"contentUrl\":\"https:\\\/\\\/www.pellens-hortensien.de\\\/wp-content\\\/uploads\\\/2015\\\/11\\\/logo_pellens_690_200.png\",\"width\":690,\"height\":200,\"caption\":\"Pellens GmbH\"},\"image\":{\"@id\":\"https:\\\/\\\/www.pellens-hortensien.de\\\/en\\\/#\\\/schema\\\/logo\\\/image\\\/\"},\"sameAs\":[\"https:\\\/\\\/www.facebook.com\\\/Hortensia4U\\\/\",\"https:\\\/\\\/x.com\\\/Hortensia4U\",\"https:\\\/\\\/www.instagram.com\\\/Hortensia4U\\\/\",\"https:\\\/\\\/www.youtube.com\\\/user\\\/Hortensia4U\"]}]}<\/script>\n<!-- \/ Yoast SEO plugin. -->","yoast_head_json":{"title":"Everbloom\u00ae Pink Wonder (s) - Pellens Hortensien","description":"Pink Wonder ist eine besonders zuverl\u00e4ssig bl\u00fchende Ballhortensie. Sie bildet Knospen am neuen und am alten Holz. Bauernhortensie (H. macrophylla).","robots":{"index":"index","follow":"follow","max-snippet":"max-snippet:-1","max-image-preview":"max-image-preview:large","max-video-preview":"max-video-preview:-1"},"canonical":"https:\/\/www.pellens-hortensien.de\/en\/product-en\/everbloom-pink-wonder\/","twitter_misc":{"Est. reading time":"1 minute"},"schema":{"@context":"https:\/\/schema.org","@graph":[{"@type":"WebPage","@id":"https:\/\/www.pellens-hortensien.de\/en\/product-en\/everbloom-pink-wonder\/","url":"https:\/\/www.pellens-hortensien.de\/en\/product-en\/everbloom-pink-wonder\/","name":"Everbloom\u00ae Pink Wonder (s) - Pellens Hortensien","isPartOf":{"@id":"https:\/\/www.pellens-hortensien.de\/en\/#website"},"primaryImageOfPage":{"@id":"https:\/\/www.pellens-hortensien.de\/en\/product-en\/everbloom-pink-wonder\/#primaryimage"},"image":{"@id":"https:\/\/www.pellens-hortensien.de\/en\/product-en\/everbloom-pink-wonder\/#primaryimage"},"thumbnailUrl":"https:\/\/www.pellens-hortensien.de\/wp-content\/uploads\/2015\/12\/everbloom-pinkwonder-oben.png","datePublished":"2015-08-31T13:17:59+00:00","dateModified":"2024-07-02T06:32:30+00:00","description":"Pink Wonder ist eine besonders zuverl\u00e4ssig bl\u00fchende Ballhortensie. Sie bildet Knospen am neuen und am alten Holz. Bauernhortensie (H. macrophylla).","breadcrumb":{"@id":"https:\/\/www.pellens-hortensien.de\/en\/product-en\/everbloom-pink-wonder\/#breadcrumb"},"inLanguage":"en-US","potentialAction":[{"@type":"ReadAction","target":["https:\/\/www.pellens-hortensien.de\/en\/product-en\/everbloom-pink-wonder\/"]}]},{"@type":"ImageObject","inLanguage":"en-US","@id":"https:\/\/www.pellens-hortensien.de\/en\/product-en\/everbloom-pink-wonder\/#primaryimage","url":"https:\/\/www.pellens-hortensien.de\/wp-content\/uploads\/2015\/12\/everbloom-pinkwonder-oben.png","contentUrl":"https:\/\/www.pellens-hortensien.de\/wp-content\/uploads\/2015\/12\/everbloom-pinkwonder-oben.png","width":600,"height":600,"caption":"Everbloom\u00ae Pink Wonder von oben"},{"@type":"BreadcrumbList","@id":"https:\/\/www.pellens-hortensien.de\/en\/product-en\/everbloom-pink-wonder\/#breadcrumb","itemListElement":[{"@type":"ListItem","position":1,"name":"Home","item":"https:\/\/www.pellens-hortensien.de\/en\/"},{"@type":"ListItem","position":2,"name":"Interaktive Sortimentsliste","item":"https:\/\/www.pellens-hortensien.de\/sortiment-interaktiv\/"},{"@type":"ListItem","position":3,"name":"Everbloom\u00ae Pink Wonder (s)"}]},{"@type":"WebSite","@id":"https:\/\/www.pellens-hortensien.de\/en\/#website","url":"https:\/\/www.pellens-hortensien.de\/en\/","name":"Pellens Hortensien","description":"Ihr Hortensienspezialist vom Niederrhein","publisher":{"@id":"https:\/\/www.pellens-hortensien.de\/en\/#organization"},"potentialAction":[{"@type":"SearchAction","target":{"@type":"EntryPoint","urlTemplate":"https:\/\/www.pellens-hortensien.de\/en\/?s={search_term_string}"},"query-input":{"@type":"PropertyValueSpecification","valueRequired":true,"valueName":"search_term_string"}}],"inLanguage":"en-US"},{"@type":"Organization","@id":"https:\/\/www.pellens-hortensien.de\/en\/#organization","name":"Pellens GmbH","url":"https:\/\/www.pellens-hortensien.de\/en\/","logo":{"@type":"ImageObject","inLanguage":"en-US","@id":"https:\/\/www.pellens-hortensien.de\/en\/#\/schema\/logo\/image\/","url":"https:\/\/www.pellens-hortensien.de\/wp-content\/uploads\/2015\/11\/logo_pellens_690_200.png","contentUrl":"https:\/\/www.pellens-hortensien.de\/wp-content\/uploads\/2015\/11\/logo_pellens_690_200.png","width":690,"height":200,"caption":"Pellens GmbH"},"image":{"@id":"https:\/\/www.pellens-hortensien.de\/en\/#\/schema\/logo\/image\/"},"sameAs":["https:\/\/www.facebook.com\/Hortensia4U\/","https:\/\/x.com\/Hortensia4U","https:\/\/www.instagram.com\/Hortensia4U\/","https:\/\/www.youtube.com\/user\/Hortensia4U"]}]}},"taxonomy_info":{"product_cat":[{"value":12,"label":"Everbloom\u00ae"},{"value":27,"label":"Rosa Sorten"}],"product_tag":[{"value":1449,"label":"babyrosa"},{"value":1411,"label":"Ballhortensie"},{"value":1412,"label":"Bauernhortensie"},{"value":1450,"label":"bl\u00fcht am neuen Holz"},{"value":1439,"label":"hellrosa"},{"value":1387,"label":"Hortensia"},{"value":739,"label":"Hortensie"},{"value":754,"label":"Hortensiensorten"},{"value":740,"label":"Hydrangea"},{"value":741,"label":"macrophylla"},{"value":744,"label":"Pellens"},{"value":1394,"label":"Pink"},{"value":1431,"label":"remontierend"},{"value":42,"label":"Rosa"}],"pa_liefer-kw":[{"value":99,"label":"KW01"},{"value":100,"label":"KW02"},{"value":101,"label":"KW03"},{"value":102,"label":"KW04"},{"value":103,"label":"KW05"},{"value":104,"label":"KW06"},{"value":105,"label":"KW07"},{"value":106,"label":"KW08"},{"value":107,"label":"KW09"},{"value":108,"label":"KW10"},{"value":109,"label":"KW11"},{"value":110,"label":"KW12"},{"value":111,"label":"KW13"},{"value":112,"label":"KW14"},{"value":113,"label":"KW15"},{"value":114,"label":"KW16"},{"value":115,"label":"KW17"},{"value":116,"label":"KW18"},{"value":117,"label":"KW19"},{"value":118,"label":"KW20"},{"value":119,"label":"KW21"},{"value":120,"label":"KW22"},{"value":121,"label":"KW23"},{"value":122,"label":"KW24"},{"value":139,"label":"KW41"},{"value":148,"label":"KW50"},{"value":149,"label":"KW51"},{"value":150,"label":"KW52"}],"pa_produktform":[{"value":33,"label":"T-14\/ 5+ (320 Stk. per CC)"},{"value":34,"label":"T-14\/ 7+ (320 Stk. per CC)"}],"pa_verwendung":[{"value":1218,"label":"Optimal als Baumschulpflanze"},{"value":1217,"label":"Optimal als Zimmerpflanze"}],"pa_wuchs":[{"value":1215,"label":"Wuchs medium"}]},"featured_image_src_large":["https:\/\/www.pellens-hortensien.de\/wp-content\/uploads\/2015\/12\/everbloom-pinkwonder-oben.png",600,600,false],"author_info":[],"comment_info":"","_links":{"self":[{"href":"https:\/\/www.pellens-hortensien.de\/en\/wp-json\/wp\/v2\/product\/164","targetHints":{"allow":["GET"]}}],"collection":[{"href":"https:\/\/www.pellens-hortensien.de\/en\/wp-json\/wp\/v2\/product"}],"about":[{"href":"https:\/\/www.pellens-hortensien.de\/en\/wp-json\/wp\/v2\/types\/product"}],"wp:featuredmedia":[{"embeddable":true,"href":"https:\/\/www.pellens-hortensien.de\/en\/wp-json\/wp\/v2\/media\/481"}],"wp:attachment":[{"href":"https:\/\/www.pellens-hortensien.de\/en\/wp-json\/wp\/v2\/media?parent=164"}],"wp:term":[{"taxonomy":"product_brand","embeddable":true,"href":"https:\/\/www.pellens-hortensien.de\/en\/wp-json\/wp\/v2\/product_brand?post=164"},{"taxonomy":"product_cat","embeddable":true,"href":"https:\/\/www.pellens-hortensien.de\/en\/wp-json\/wp\/v2\/product_cat?post=164"},{"taxonomy":"product_tag","embeddable":true,"href":"https:\/\/www.pellens-hortensien.de\/en\/wp-json\/wp\/v2\/product_tag?post=164"}],"curies":[{"name":"wp","href":"https:\/\/api.w.org\/{rel}","templated":true}]}}