{"id":13411,"date":"2020-01-16T20:07:47","date_gmt":"2020-01-16T19:07:47","guid":{"rendered":"https:\/\/www.pellens-hortensien.de\/?post_type=product&#038;p=13411"},"modified":"2024-07-01T13:58:58","modified_gmt":"2024-07-01T11:58:58","slug":"frisbee-hot-pink","status":"publish","type":"product","link":"https:\/\/www.pellens-hortensien.de\/en\/product-en\/frisbee-hot-pink\/","title":{"rendered":"Frisbee Hot Pink"},"content":{"rendered":"<p>Wuchs: Medium<br \/>\nBl\u00fcte: Rote Tellerhortensie<br \/>\nEndh\u00f6he: 1 bis 2 Meter<\/p>\n<p>Start: KW 2<br \/>\nTreibdauer: ca. 10 Wochen<br \/>\n<strong>Auch f\u00fcr Containerproduktion.<\/strong><\/p>\n","protected":false},"excerpt":{"rendered":"<p>Wuchs: Medium Bl\u00fcte: Rote Tellerhortensie Endh\u00f6he: 1 bis 2 Meter Start: KW 2 Treibdauer: ca. 10 Wochen Auch f\u00fcr Containerproduktion.<\/p>\n","protected":false},"featured_media":13469,"template":"","meta":{"kt_blocks_editor_width":"","_kad_blocks_custom_css":"","_kad_blocks_head_custom_js":"","_kad_blocks_body_custom_js":"","_kad_blocks_footer_custom_js":""},"product_brand":[],"product_cat":[13,26],"product_tag":[1412,1388,1387,739,754,740,741,744,1389,44,1416],"class_list":{"0":"post-13411","1":"product","2":"type-product","3":"status-publish","4":"has-post-thumbnail","6":"product_cat-hortensia","7":"product_cat-rot","8":"product_tag-bauernhortensie","9":"product_tag-dunkelrot","10":"product_tag-hortensia","11":"product_tag-hortensie","12":"product_tag-hortensiensorten","13":"product_tag-hydrangea","14":"product_tag-macrophylla","15":"product_tag-pellens","16":"product_tag-red-2","17":"product_tag-rot","18":"product_tag-tellerhortensie","19":"pa_produktform-c-3-9","20":"pa_produktform-c-5-12","21":"pa_produktform-t-14-5","22":"pa_produktform-t-14-7","23":"pa_verwendung-verwendung-baumschulpflanze","24":"pa_verwendung-verwendung-zimmerpflanze","25":"pa_wuchs-wuchs-medium","27":"first","28":"instock","29":"taxable","30":"shipping-taxable","31":"purchasable","32":"product-type-variable"},"yoast_head":"<!-- This site is optimized with the Yoast SEO plugin v27.5 - https:\/\/yoast.com\/product\/yoast-seo-wordpress\/ -->\n<title>Frisbee Hot Pink - Pellens Hortensien<\/title>\n<meta name=\"description\" content=\"Frisbee Hot Pink ist eine kr\u00e4ftig rote bis dunkel-pinke Tellerhortensie. Diese Bauernhortensie (Hydrangea macrophylla) wird 1 bis 2 Meter hoch.\" \/>\n<meta name=\"robots\" content=\"index, follow, max-snippet:-1, max-image-preview:large, max-video-preview:-1\" \/>\n<link rel=\"canonical\" href=\"https:\/\/www.pellens-hortensien.de\/en\/product-en\/frisbee-hot-pink\/\" \/>\n<meta name=\"twitter:label1\" content=\"Est. reading time\" \/>\n\t<meta name=\"twitter:data1\" content=\"1 minute\" \/>\n<script type=\"application\/ld+json\" class=\"yoast-schema-graph\">{\"@context\":\"https:\\\/\\\/schema.org\",\"@graph\":[{\"@type\":\"WebPage\",\"@id\":\"https:\\\/\\\/www.pellens-hortensien.de\\\/en\\\/product-en\\\/frisbee-hot-pink\\\/\",\"url\":\"https:\\\/\\\/www.pellens-hortensien.de\\\/en\\\/product-en\\\/frisbee-hot-pink\\\/\",\"name\":\"Frisbee Hot Pink - Pellens Hortensien\",\"isPartOf\":{\"@id\":\"https:\\\/\\\/www.pellens-hortensien.de\\\/en\\\/#website\"},\"primaryImageOfPage\":{\"@id\":\"https:\\\/\\\/www.pellens-hortensien.de\\\/en\\\/product-en\\\/frisbee-hot-pink\\\/#primaryimage\"},\"image\":{\"@id\":\"https:\\\/\\\/www.pellens-hortensien.de\\\/en\\\/product-en\\\/frisbee-hot-pink\\\/#primaryimage\"},\"thumbnailUrl\":\"https:\\\/\\\/www.pellens-hortensien.de\\\/wp-content\\\/uploads\\\/2020\\\/01\\\/hort-red-Frisbee-Hot-Pink-Bildquelle-HBA-oben.png\",\"datePublished\":\"2020-01-16T19:07:47+00:00\",\"dateModified\":\"2024-07-01T11:58:58+00:00\",\"description\":\"Frisbee Hot Pink ist eine kr\u00e4ftig rote bis dunkel-pinke Tellerhortensie. Diese Bauernhortensie (Hydrangea macrophylla) wird 1 bis 2 Meter hoch.\",\"breadcrumb\":{\"@id\":\"https:\\\/\\\/www.pellens-hortensien.de\\\/en\\\/product-en\\\/frisbee-hot-pink\\\/#breadcrumb\"},\"inLanguage\":\"en-US\",\"potentialAction\":[{\"@type\":\"ReadAction\",\"target\":[\"https:\\\/\\\/www.pellens-hortensien.de\\\/en\\\/product-en\\\/frisbee-hot-pink\\\/\"]}]},{\"@type\":\"ImageObject\",\"inLanguage\":\"en-US\",\"@id\":\"https:\\\/\\\/www.pellens-hortensien.de\\\/en\\\/product-en\\\/frisbee-hot-pink\\\/#primaryimage\",\"url\":\"https:\\\/\\\/www.pellens-hortensien.de\\\/wp-content\\\/uploads\\\/2020\\\/01\\\/hort-red-Frisbee-Hot-Pink-Bildquelle-HBA-oben.png\",\"contentUrl\":\"https:\\\/\\\/www.pellens-hortensien.de\\\/wp-content\\\/uploads\\\/2020\\\/01\\\/hort-red-Frisbee-Hot-Pink-Bildquelle-HBA-oben.png\",\"width\":600,\"height\":600,\"caption\":\"Frisbee Hot Pink\"},{\"@type\":\"BreadcrumbList\",\"@id\":\"https:\\\/\\\/www.pellens-hortensien.de\\\/en\\\/product-en\\\/frisbee-hot-pink\\\/#breadcrumb\",\"itemListElement\":[{\"@type\":\"ListItem\",\"position\":1,\"name\":\"Home\",\"item\":\"https:\\\/\\\/www.pellens-hortensien.de\\\/en\\\/\"},{\"@type\":\"ListItem\",\"position\":2,\"name\":\"Interaktive Sortimentsliste\",\"item\":\"https:\\\/\\\/www.pellens-hortensien.de\\\/sortiment-interaktiv\\\/\"},{\"@type\":\"ListItem\",\"position\":3,\"name\":\"Frisbee Hot Pink\"}]},{\"@type\":\"WebSite\",\"@id\":\"https:\\\/\\\/www.pellens-hortensien.de\\\/en\\\/#website\",\"url\":\"https:\\\/\\\/www.pellens-hortensien.de\\\/en\\\/\",\"name\":\"Pellens Hortensien\",\"description\":\"Ihr Hortensienspezialist vom Niederrhein\",\"publisher\":{\"@id\":\"https:\\\/\\\/www.pellens-hortensien.de\\\/en\\\/#organization\"},\"potentialAction\":[{\"@type\":\"SearchAction\",\"target\":{\"@type\":\"EntryPoint\",\"urlTemplate\":\"https:\\\/\\\/www.pellens-hortensien.de\\\/en\\\/?s={search_term_string}\"},\"query-input\":{\"@type\":\"PropertyValueSpecification\",\"valueRequired\":true,\"valueName\":\"search_term_string\"}}],\"inLanguage\":\"en-US\"},{\"@type\":\"Organization\",\"@id\":\"https:\\\/\\\/www.pellens-hortensien.de\\\/en\\\/#organization\",\"name\":\"Pellens GmbH\",\"url\":\"https:\\\/\\\/www.pellens-hortensien.de\\\/en\\\/\",\"logo\":{\"@type\":\"ImageObject\",\"inLanguage\":\"en-US\",\"@id\":\"https:\\\/\\\/www.pellens-hortensien.de\\\/en\\\/#\\\/schema\\\/logo\\\/image\\\/\",\"url\":\"https:\\\/\\\/www.pellens-hortensien.de\\\/wp-content\\\/uploads\\\/2015\\\/11\\\/logo_pellens_690_200.png\",\"contentUrl\":\"https:\\\/\\\/www.pellens-hortensien.de\\\/wp-content\\\/uploads\\\/2015\\\/11\\\/logo_pellens_690_200.png\",\"width\":690,\"height\":200,\"caption\":\"Pellens GmbH\"},\"image\":{\"@id\":\"https:\\\/\\\/www.pellens-hortensien.de\\\/en\\\/#\\\/schema\\\/logo\\\/image\\\/\"},\"sameAs\":[\"https:\\\/\\\/www.facebook.com\\\/Hortensia4U\\\/\",\"https:\\\/\\\/x.com\\\/Hortensia4U\",\"https:\\\/\\\/www.instagram.com\\\/Hortensia4U\\\/\",\"https:\\\/\\\/www.youtube.com\\\/user\\\/Hortensia4U\"]}]}<\/script>\n<!-- \/ Yoast SEO plugin. -->","yoast_head_json":{"title":"Frisbee Hot Pink - Pellens Hortensien","description":"Frisbee Hot Pink ist eine kr\u00e4ftig rote bis dunkel-pinke Tellerhortensie. Diese Bauernhortensie (Hydrangea macrophylla) wird 1 bis 2 Meter hoch.","robots":{"index":"index","follow":"follow","max-snippet":"max-snippet:-1","max-image-preview":"max-image-preview:large","max-video-preview":"max-video-preview:-1"},"canonical":"https:\/\/www.pellens-hortensien.de\/en\/product-en\/frisbee-hot-pink\/","twitter_misc":{"Est. reading time":"1 minute"},"schema":{"@context":"https:\/\/schema.org","@graph":[{"@type":"WebPage","@id":"https:\/\/www.pellens-hortensien.de\/en\/product-en\/frisbee-hot-pink\/","url":"https:\/\/www.pellens-hortensien.de\/en\/product-en\/frisbee-hot-pink\/","name":"Frisbee Hot Pink - Pellens Hortensien","isPartOf":{"@id":"https:\/\/www.pellens-hortensien.de\/en\/#website"},"primaryImageOfPage":{"@id":"https:\/\/www.pellens-hortensien.de\/en\/product-en\/frisbee-hot-pink\/#primaryimage"},"image":{"@id":"https:\/\/www.pellens-hortensien.de\/en\/product-en\/frisbee-hot-pink\/#primaryimage"},"thumbnailUrl":"https:\/\/www.pellens-hortensien.de\/wp-content\/uploads\/2020\/01\/hort-red-Frisbee-Hot-Pink-Bildquelle-HBA-oben.png","datePublished":"2020-01-16T19:07:47+00:00","dateModified":"2024-07-01T11:58:58+00:00","description":"Frisbee Hot Pink ist eine kr\u00e4ftig rote bis dunkel-pinke Tellerhortensie. Diese Bauernhortensie (Hydrangea macrophylla) wird 1 bis 2 Meter hoch.","breadcrumb":{"@id":"https:\/\/www.pellens-hortensien.de\/en\/product-en\/frisbee-hot-pink\/#breadcrumb"},"inLanguage":"en-US","potentialAction":[{"@type":"ReadAction","target":["https:\/\/www.pellens-hortensien.de\/en\/product-en\/frisbee-hot-pink\/"]}]},{"@type":"ImageObject","inLanguage":"en-US","@id":"https:\/\/www.pellens-hortensien.de\/en\/product-en\/frisbee-hot-pink\/#primaryimage","url":"https:\/\/www.pellens-hortensien.de\/wp-content\/uploads\/2020\/01\/hort-red-Frisbee-Hot-Pink-Bildquelle-HBA-oben.png","contentUrl":"https:\/\/www.pellens-hortensien.de\/wp-content\/uploads\/2020\/01\/hort-red-Frisbee-Hot-Pink-Bildquelle-HBA-oben.png","width":600,"height":600,"caption":"Frisbee Hot Pink"},{"@type":"BreadcrumbList","@id":"https:\/\/www.pellens-hortensien.de\/en\/product-en\/frisbee-hot-pink\/#breadcrumb","itemListElement":[{"@type":"ListItem","position":1,"name":"Home","item":"https:\/\/www.pellens-hortensien.de\/en\/"},{"@type":"ListItem","position":2,"name":"Interaktive Sortimentsliste","item":"https:\/\/www.pellens-hortensien.de\/sortiment-interaktiv\/"},{"@type":"ListItem","position":3,"name":"Frisbee Hot Pink"}]},{"@type":"WebSite","@id":"https:\/\/www.pellens-hortensien.de\/en\/#website","url":"https:\/\/www.pellens-hortensien.de\/en\/","name":"Pellens Hortensien","description":"Ihr Hortensienspezialist vom Niederrhein","publisher":{"@id":"https:\/\/www.pellens-hortensien.de\/en\/#organization"},"potentialAction":[{"@type":"SearchAction","target":{"@type":"EntryPoint","urlTemplate":"https:\/\/www.pellens-hortensien.de\/en\/?s={search_term_string}"},"query-input":{"@type":"PropertyValueSpecification","valueRequired":true,"valueName":"search_term_string"}}],"inLanguage":"en-US"},{"@type":"Organization","@id":"https:\/\/www.pellens-hortensien.de\/en\/#organization","name":"Pellens GmbH","url":"https:\/\/www.pellens-hortensien.de\/en\/","logo":{"@type":"ImageObject","inLanguage":"en-US","@id":"https:\/\/www.pellens-hortensien.de\/en\/#\/schema\/logo\/image\/","url":"https:\/\/www.pellens-hortensien.de\/wp-content\/uploads\/2015\/11\/logo_pellens_690_200.png","contentUrl":"https:\/\/www.pellens-hortensien.de\/wp-content\/uploads\/2015\/11\/logo_pellens_690_200.png","width":690,"height":200,"caption":"Pellens GmbH"},"image":{"@id":"https:\/\/www.pellens-hortensien.de\/en\/#\/schema\/logo\/image\/"},"sameAs":["https:\/\/www.facebook.com\/Hortensia4U\/","https:\/\/x.com\/Hortensia4U","https:\/\/www.instagram.com\/Hortensia4U\/","https:\/\/www.youtube.com\/user\/Hortensia4U"]}]}},"taxonomy_info":{"product_cat":[{"value":13,"label":"Hortensia"},{"value":26,"label":"Rote Sorten"}],"product_tag":[{"value":1412,"label":"Bauernhortensie"},{"value":1388,"label":"dunkelrot"},{"value":1387,"label":"Hortensia"},{"value":739,"label":"Hortensie"},{"value":754,"label":"Hortensiensorten"},{"value":740,"label":"Hydrangea"},{"value":741,"label":"macrophylla"},{"value":744,"label":"Pellens"},{"value":1389,"label":"Red"},{"value":44,"label":"Rot"},{"value":1416,"label":"Tellerhortensie"}],"pa_produktform":[{"value":35,"label":"C-3\/ 9+ (126 Stk. per CC)"},{"value":36,"label":"C-5\/ 12+ (85 Stk. per CC)"},{"value":33,"label":"T-14\/ 5+ (320 Stk. per CC)"},{"value":34,"label":"T-14\/ 7+ (320 Stk. per CC)"}],"pa_verwendung":[{"value":1218,"label":"Optimal als Baumschulpflanze"},{"value":1217,"label":"Optimal als Zimmerpflanze"}],"pa_wuchs":[{"value":1215,"label":"Wuchs medium"}]},"featured_image_src_large":["https:\/\/www.pellens-hortensien.de\/wp-content\/uploads\/2020\/01\/hort-red-Frisbee-Hot-Pink-Bildquelle-HBA-oben.png",600,600,false],"author_info":[],"comment_info":"","_links":{"self":[{"href":"https:\/\/www.pellens-hortensien.de\/en\/wp-json\/wp\/v2\/product\/13411","targetHints":{"allow":["GET"]}}],"collection":[{"href":"https:\/\/www.pellens-hortensien.de\/en\/wp-json\/wp\/v2\/product"}],"about":[{"href":"https:\/\/www.pellens-hortensien.de\/en\/wp-json\/wp\/v2\/types\/product"}],"wp:featuredmedia":[{"embeddable":true,"href":"https:\/\/www.pellens-hortensien.de\/en\/wp-json\/wp\/v2\/media\/13469"}],"wp:attachment":[{"href":"https:\/\/www.pellens-hortensien.de\/en\/wp-json\/wp\/v2\/media?parent=13411"}],"wp:term":[{"taxonomy":"product_brand","embeddable":true,"href":"https:\/\/www.pellens-hortensien.de\/en\/wp-json\/wp\/v2\/product_brand?post=13411"},{"taxonomy":"product_cat","embeddable":true,"href":"https:\/\/www.pellens-hortensien.de\/en\/wp-json\/wp\/v2\/product_cat?post=13411"},{"taxonomy":"product_tag","embeddable":true,"href":"https:\/\/www.pellens-hortensien.de\/en\/wp-json\/wp\/v2\/product_tag?post=13411"}],"curies":[{"name":"wp","href":"https:\/\/api.w.org\/{rel}","templated":true}]}}