{"id":13403,"date":"2020-01-16T10:54:30","date_gmt":"2020-01-16T09:54:30","guid":{"rendered":"https:\/\/www.pellens-hortensien.de\/?post_type=product&#038;p=13403"},"modified":"2025-11-04T11:08:21","modified_gmt":"2025-11-04T10:08:21","slug":"schloss-moyland-lila","status":"publish","type":"product","link":"https:\/\/www.pellens-hortensien.de\/en\/product-en\/schloss-moyland-lila\/","title":{"rendered":"Schloss Moyland (s) Lila"},"content":{"rendered":"<p><strong>Die K\u00f6nigin der Hortensien<\/strong><\/p>\n<p>Wuchs: Medium<br \/>\nBl\u00fcte: Mehrfarbige Ballhortensie mit gr\u00fcn\/lila Bl\u00fctenfarben und auff\u00e4lligen Staubf\u00e4den-Kronen<br \/>\n(auch in rosa erh\u00e4ltlich, siehe Schloss Moyland rosa)<br \/>\n[Hinweis: das Foto zeigt leider momentan eine schwach gebl\u00e4ute Pflanze, ein neues Bild ist in Arbeit]\nEndh\u00f6he: ca. 1,5 Meter<\/p>\n<p>Start: KW 2<br \/>\nTreibdauer: ca. 9 Wochen<br \/>\n<strong>Auch f\u00fcr Containerproduktion.<\/strong><\/p>\n<p>Das Kunstmuseum Schloss Moyland am Niederrhein ist Namenspate dieser besonderen Hortensie. Denn das wechselnde Farbspiel ihrer Bl\u00fcten k\u00f6nnte aus dem Pinsel eines K\u00fcnstlers stammen: Limettengr\u00fcn und Blau bl\u00fcht sie auf, um bald kr\u00e4ftige Rosa- und Lilat\u00f6ne einzumischen und<br \/>\nschlie\u00dflich im Herbst in sanftere Schattierungen \u00fcberzugehen.<br \/>\nIm pr\u00e4mierten Park von Schloss Moyland hat diese Hortensie ihren Platz zwischen moderner Kunst und eindrucksvollen Schlossmauern gefunden. Auf jeder Terrasse und im Garten wird die moderne, robuste Sorte ein ganz pers\u00f6nliches Bl\u00fcten-Kunstwerk.<\/p>\n","protected":false},"excerpt":{"rendered":"<p>Die K\u00f6nigin der Hortensien Wuchs: Medium Bl\u00fcte: Mehrfarbige Ballhortensie mit gr\u00fcn\/lila Bl\u00fctenfarben und auff\u00e4lligen Staubf\u00e4den-Kronen (auch in rosa erh\u00e4ltlich, siehe Schloss Moyland rosa) [Hinweis: das Foto &hellip; <a href=\"https:\/\/www.pellens-hortensien.de\/en\/product-en\/schloss-moyland-lila\/\">Read More<\/a><\/p>\n","protected":false},"featured_media":13491,"template":"","meta":{"kt_blocks_editor_width":"","_kad_blocks_custom_css":"","_kad_blocks_head_custom_js":"","_kad_blocks_body_custom_js":"","_kad_blocks_footer_custom_js":""},"product_brand":[],"product_cat":[29,25],"product_tag":[1411,1412,43,1391,1453,1387,739,754,740,164,741,1408,744,1399,1484,45,1441],"class_list":{"0":"post-13403","1":"product","2":"type-product","3":"status-publish","4":"has-post-thumbnail","6":"product_cat-special","7":"product_cat-blau","8":"product_tag-ballhortensie","9":"product_tag-bauernhortensie","10":"product_tag-blau","11":"product_tag-blue-2","12":"product_tag-gruen","13":"product_tag-hortensia","14":"product_tag-hortensie","15":"product_tag-hortensiensorten","16":"product_tag-hydrangea","17":"product_tag-lila","18":"product_tag-macrophylla","19":"product_tag-mehrfarbig","20":"product_tag-pellens","21":"product_tag-purple-2","22":"product_tag-schloss-moyland-lila","23":"product_tag-special","24":"product_tag-zweifarbig","25":"pa_produktform-c-20-20","26":"pa_produktform-c-3-9","27":"pa_produktform-c-47-30","28":"pa_produktform-c-5-12","29":"pa_produktform-t-14-5","30":"pa_produktform-t-14-7","31":"pa_verwendung-verwendung-baumschulpflanze","32":"pa_verwendung-verwendung-zimmerpflanze","33":"pa_wuchs-wuchs-medium","35":"first","36":"instock","37":"taxable","38":"shipping-taxable","39":"purchasable","40":"product-type-variable"},"yoast_head":"<!-- This site is optimized with the Yoast SEO plugin v27.5 - https:\/\/yoast.com\/product\/yoast-seo-wordpress\/ -->\n<title>Schloss Moyland (s) Lila - Pellens Hortensien<\/title>\n<meta name=\"description\" content=\"Schloss Moyland lila hat zweifarbig aufbl\u00fchende Ballbl\u00fcten in gr\u00fcn-lila. Die Bauernhortensie (Hydrangea macrophylla) wird bis 1,5 Meter.\" \/>\n<meta name=\"robots\" content=\"index, follow, max-snippet:-1, max-image-preview:large, max-video-preview:-1\" \/>\n<link rel=\"canonical\" href=\"https:\/\/www.pellens-hortensien.de\/en\/product-en\/schloss-moyland-lila\/\" \/>\n<meta name=\"twitter:label1\" content=\"Est. reading time\" \/>\n\t<meta name=\"twitter:data1\" content=\"1 minute\" \/>\n<script type=\"application\/ld+json\" class=\"yoast-schema-graph\">{\"@context\":\"https:\\\/\\\/schema.org\",\"@graph\":[{\"@type\":\"WebPage\",\"@id\":\"https:\\\/\\\/www.pellens-hortensien.de\\\/en\\\/product-en\\\/schloss-moyland-lila\\\/\",\"url\":\"https:\\\/\\\/www.pellens-hortensien.de\\\/en\\\/product-en\\\/schloss-moyland-lila\\\/\",\"name\":\"Schloss Moyland (s) Lila - Pellens Hortensien\",\"isPartOf\":{\"@id\":\"https:\\\/\\\/www.pellens-hortensien.de\\\/en\\\/#website\"},\"primaryImageOfPage\":{\"@id\":\"https:\\\/\\\/www.pellens-hortensien.de\\\/en\\\/product-en\\\/schloss-moyland-lila\\\/#primaryimage\"},\"image\":{\"@id\":\"https:\\\/\\\/www.pellens-hortensien.de\\\/en\\\/product-en\\\/schloss-moyland-lila\\\/#primaryimage\"},\"thumbnailUrl\":\"https:\\\/\\\/www.pellens-hortensien.de\\\/wp-content\\\/uploads\\\/2020\\\/01\\\/hort-special-Schloss_Moyland_lila_oben_00242.png\",\"datePublished\":\"2020-01-16T09:54:30+00:00\",\"dateModified\":\"2025-11-04T10:08:21+00:00\",\"description\":\"Schloss Moyland lila hat zweifarbig aufbl\u00fchende Ballbl\u00fcten in gr\u00fcn-lila. Die Bauernhortensie (Hydrangea macrophylla) wird bis 1,5 Meter.\",\"breadcrumb\":{\"@id\":\"https:\\\/\\\/www.pellens-hortensien.de\\\/en\\\/product-en\\\/schloss-moyland-lila\\\/#breadcrumb\"},\"inLanguage\":\"en-US\",\"potentialAction\":[{\"@type\":\"ReadAction\",\"target\":[\"https:\\\/\\\/www.pellens-hortensien.de\\\/en\\\/product-en\\\/schloss-moyland-lila\\\/\"]}]},{\"@type\":\"ImageObject\",\"inLanguage\":\"en-US\",\"@id\":\"https:\\\/\\\/www.pellens-hortensien.de\\\/en\\\/product-en\\\/schloss-moyland-lila\\\/#primaryimage\",\"url\":\"https:\\\/\\\/www.pellens-hortensien.de\\\/wp-content\\\/uploads\\\/2020\\\/01\\\/hort-special-Schloss_Moyland_lila_oben_00242.png\",\"contentUrl\":\"https:\\\/\\\/www.pellens-hortensien.de\\\/wp-content\\\/uploads\\\/2020\\\/01\\\/hort-special-Schloss_Moyland_lila_oben_00242.png\",\"width\":600,\"height\":600,\"caption\":\"Schloss Moyland (s) Lila\"},{\"@type\":\"BreadcrumbList\",\"@id\":\"https:\\\/\\\/www.pellens-hortensien.de\\\/en\\\/product-en\\\/schloss-moyland-lila\\\/#breadcrumb\",\"itemListElement\":[{\"@type\":\"ListItem\",\"position\":1,\"name\":\"Home\",\"item\":\"https:\\\/\\\/www.pellens-hortensien.de\\\/en\\\/\"},{\"@type\":\"ListItem\",\"position\":2,\"name\":\"Interaktive Sortimentsliste\",\"item\":\"https:\\\/\\\/www.pellens-hortensien.de\\\/sortiment-interaktiv\\\/\"},{\"@type\":\"ListItem\",\"position\":3,\"name\":\"Schloss Moyland (s) Lila\"}]},{\"@type\":\"WebSite\",\"@id\":\"https:\\\/\\\/www.pellens-hortensien.de\\\/en\\\/#website\",\"url\":\"https:\\\/\\\/www.pellens-hortensien.de\\\/en\\\/\",\"name\":\"Pellens Hortensien\",\"description\":\"Ihr Hortensienspezialist vom Niederrhein\",\"publisher\":{\"@id\":\"https:\\\/\\\/www.pellens-hortensien.de\\\/en\\\/#organization\"},\"potentialAction\":[{\"@type\":\"SearchAction\",\"target\":{\"@type\":\"EntryPoint\",\"urlTemplate\":\"https:\\\/\\\/www.pellens-hortensien.de\\\/en\\\/?s={search_term_string}\"},\"query-input\":{\"@type\":\"PropertyValueSpecification\",\"valueRequired\":true,\"valueName\":\"search_term_string\"}}],\"inLanguage\":\"en-US\"},{\"@type\":\"Organization\",\"@id\":\"https:\\\/\\\/www.pellens-hortensien.de\\\/en\\\/#organization\",\"name\":\"Pellens GmbH\",\"url\":\"https:\\\/\\\/www.pellens-hortensien.de\\\/en\\\/\",\"logo\":{\"@type\":\"ImageObject\",\"inLanguage\":\"en-US\",\"@id\":\"https:\\\/\\\/www.pellens-hortensien.de\\\/en\\\/#\\\/schema\\\/logo\\\/image\\\/\",\"url\":\"https:\\\/\\\/www.pellens-hortensien.de\\\/wp-content\\\/uploads\\\/2015\\\/11\\\/logo_pellens_690_200.png\",\"contentUrl\":\"https:\\\/\\\/www.pellens-hortensien.de\\\/wp-content\\\/uploads\\\/2015\\\/11\\\/logo_pellens_690_200.png\",\"width\":690,\"height\":200,\"caption\":\"Pellens GmbH\"},\"image\":{\"@id\":\"https:\\\/\\\/www.pellens-hortensien.de\\\/en\\\/#\\\/schema\\\/logo\\\/image\\\/\"},\"sameAs\":[\"https:\\\/\\\/www.facebook.com\\\/Hortensia4U\\\/\",\"https:\\\/\\\/x.com\\\/Hortensia4U\",\"https:\\\/\\\/www.instagram.com\\\/Hortensia4U\\\/\",\"https:\\\/\\\/www.youtube.com\\\/user\\\/Hortensia4U\"]}]}<\/script>\n<!-- \/ Yoast SEO plugin. -->","yoast_head_json":{"title":"Schloss Moyland (s) Lila - Pellens Hortensien","description":"Schloss Moyland lila hat zweifarbig aufbl\u00fchende Ballbl\u00fcten in gr\u00fcn-lila. Die Bauernhortensie (Hydrangea macrophylla) wird bis 1,5 Meter.","robots":{"index":"index","follow":"follow","max-snippet":"max-snippet:-1","max-image-preview":"max-image-preview:large","max-video-preview":"max-video-preview:-1"},"canonical":"https:\/\/www.pellens-hortensien.de\/en\/product-en\/schloss-moyland-lila\/","twitter_misc":{"Est. reading time":"1 minute"},"schema":{"@context":"https:\/\/schema.org","@graph":[{"@type":"WebPage","@id":"https:\/\/www.pellens-hortensien.de\/en\/product-en\/schloss-moyland-lila\/","url":"https:\/\/www.pellens-hortensien.de\/en\/product-en\/schloss-moyland-lila\/","name":"Schloss Moyland (s) Lila - Pellens Hortensien","isPartOf":{"@id":"https:\/\/www.pellens-hortensien.de\/en\/#website"},"primaryImageOfPage":{"@id":"https:\/\/www.pellens-hortensien.de\/en\/product-en\/schloss-moyland-lila\/#primaryimage"},"image":{"@id":"https:\/\/www.pellens-hortensien.de\/en\/product-en\/schloss-moyland-lila\/#primaryimage"},"thumbnailUrl":"https:\/\/www.pellens-hortensien.de\/wp-content\/uploads\/2020\/01\/hort-special-Schloss_Moyland_lila_oben_00242.png","datePublished":"2020-01-16T09:54:30+00:00","dateModified":"2025-11-04T10:08:21+00:00","description":"Schloss Moyland lila hat zweifarbig aufbl\u00fchende Ballbl\u00fcten in gr\u00fcn-lila. Die Bauernhortensie (Hydrangea macrophylla) wird bis 1,5 Meter.","breadcrumb":{"@id":"https:\/\/www.pellens-hortensien.de\/en\/product-en\/schloss-moyland-lila\/#breadcrumb"},"inLanguage":"en-US","potentialAction":[{"@type":"ReadAction","target":["https:\/\/www.pellens-hortensien.de\/en\/product-en\/schloss-moyland-lila\/"]}]},{"@type":"ImageObject","inLanguage":"en-US","@id":"https:\/\/www.pellens-hortensien.de\/en\/product-en\/schloss-moyland-lila\/#primaryimage","url":"https:\/\/www.pellens-hortensien.de\/wp-content\/uploads\/2020\/01\/hort-special-Schloss_Moyland_lila_oben_00242.png","contentUrl":"https:\/\/www.pellens-hortensien.de\/wp-content\/uploads\/2020\/01\/hort-special-Schloss_Moyland_lila_oben_00242.png","width":600,"height":600,"caption":"Schloss Moyland (s) Lila"},{"@type":"BreadcrumbList","@id":"https:\/\/www.pellens-hortensien.de\/en\/product-en\/schloss-moyland-lila\/#breadcrumb","itemListElement":[{"@type":"ListItem","position":1,"name":"Home","item":"https:\/\/www.pellens-hortensien.de\/en\/"},{"@type":"ListItem","position":2,"name":"Interaktive Sortimentsliste","item":"https:\/\/www.pellens-hortensien.de\/sortiment-interaktiv\/"},{"@type":"ListItem","position":3,"name":"Schloss Moyland (s) Lila"}]},{"@type":"WebSite","@id":"https:\/\/www.pellens-hortensien.de\/en\/#website","url":"https:\/\/www.pellens-hortensien.de\/en\/","name":"Pellens Hortensien","description":"Ihr Hortensienspezialist vom Niederrhein","publisher":{"@id":"https:\/\/www.pellens-hortensien.de\/en\/#organization"},"potentialAction":[{"@type":"SearchAction","target":{"@type":"EntryPoint","urlTemplate":"https:\/\/www.pellens-hortensien.de\/en\/?s={search_term_string}"},"query-input":{"@type":"PropertyValueSpecification","valueRequired":true,"valueName":"search_term_string"}}],"inLanguage":"en-US"},{"@type":"Organization","@id":"https:\/\/www.pellens-hortensien.de\/en\/#organization","name":"Pellens GmbH","url":"https:\/\/www.pellens-hortensien.de\/en\/","logo":{"@type":"ImageObject","inLanguage":"en-US","@id":"https:\/\/www.pellens-hortensien.de\/en\/#\/schema\/logo\/image\/","url":"https:\/\/www.pellens-hortensien.de\/wp-content\/uploads\/2015\/11\/logo_pellens_690_200.png","contentUrl":"https:\/\/www.pellens-hortensien.de\/wp-content\/uploads\/2015\/11\/logo_pellens_690_200.png","width":690,"height":200,"caption":"Pellens GmbH"},"image":{"@id":"https:\/\/www.pellens-hortensien.de\/en\/#\/schema\/logo\/image\/"},"sameAs":["https:\/\/www.facebook.com\/Hortensia4U\/","https:\/\/x.com\/Hortensia4U","https:\/\/www.instagram.com\/Hortensia4U\/","https:\/\/www.youtube.com\/user\/Hortensia4U"]}]}},"taxonomy_info":{"product_cat":[{"value":29,"label":"Besondere Sorten"},{"value":25,"label":"Blaue Sorten"}],"product_tag":[{"value":1411,"label":"Ballhortensie"},{"value":1412,"label":"Bauernhortensie"},{"value":43,"label":"Blau"},{"value":1391,"label":"Blue"},{"value":1453,"label":"gr\u00fcn"},{"value":1387,"label":"Hortensia"},{"value":739,"label":"Hortensie"},{"value":754,"label":"Hortensiensorten"},{"value":740,"label":"Hydrangea"},{"value":164,"label":"Lila"},{"value":741,"label":"macrophylla"},{"value":1408,"label":"mehrfarbig"},{"value":744,"label":"Pellens"},{"value":1399,"label":"Purple"},{"value":1484,"label":"Schloss Moyland lila"},{"value":45,"label":"Special"},{"value":1441,"label":"zweifarbig"}],"pa_produktform":[{"value":37,"label":"C-20\/ 20+ (15 Stk. per CC)"},{"value":35,"label":"C-3\/ 9+ (126 Stk. per CC)"},{"value":38,"label":"C-47\/ 30+ (4 Stk. per CC)"},{"value":36,"label":"C-5\/ 12+ (85 Stk. per CC)"},{"value":33,"label":"T-14\/ 5+ (320 Stk. per CC)"},{"value":34,"label":"T-14\/ 7+ (320 Stk. per CC)"}],"pa_verwendung":[{"value":1218,"label":"Optimal als Baumschulpflanze"},{"value":1217,"label":"Optimal als Zimmerpflanze"}],"pa_wuchs":[{"value":1215,"label":"Wuchs medium"}]},"featured_image_src_large":["https:\/\/www.pellens-hortensien.de\/wp-content\/uploads\/2020\/01\/hort-special-Schloss_Moyland_lila_oben_00242.png",600,600,false],"author_info":[],"comment_info":"","_links":{"self":[{"href":"https:\/\/www.pellens-hortensien.de\/en\/wp-json\/wp\/v2\/product\/13403","targetHints":{"allow":["GET"]}}],"collection":[{"href":"https:\/\/www.pellens-hortensien.de\/en\/wp-json\/wp\/v2\/product"}],"about":[{"href":"https:\/\/www.pellens-hortensien.de\/en\/wp-json\/wp\/v2\/types\/product"}],"wp:featuredmedia":[{"embeddable":true,"href":"https:\/\/www.pellens-hortensien.de\/en\/wp-json\/wp\/v2\/media\/13491"}],"wp:attachment":[{"href":"https:\/\/www.pellens-hortensien.de\/en\/wp-json\/wp\/v2\/media?parent=13403"}],"wp:term":[{"taxonomy":"product_brand","embeddable":true,"href":"https:\/\/www.pellens-hortensien.de\/en\/wp-json\/wp\/v2\/product_brand?post=13403"},{"taxonomy":"product_cat","embeddable":true,"href":"https:\/\/www.pellens-hortensien.de\/en\/wp-json\/wp\/v2\/product_cat?post=13403"},{"taxonomy":"product_tag","embeddable":true,"href":"https:\/\/www.pellens-hortensien.de\/en\/wp-json\/wp\/v2\/product_tag?post=13403"}],"curies":[{"name":"wp","href":"https:\/\/api.w.org\/{rel}","templated":true}]}}