{"id":13395,"date":"2020-01-16T10:26:46","date_gmt":"2020-01-16T09:26:46","guid":{"rendered":"https:\/\/www.pellens-hortensien.de\/?post_type=product&#038;p=13395"},"modified":"2024-07-02T12:30:10","modified_gmt":"2024-07-02T10:30:10","slug":"dark-angel-lila","status":"publish","type":"product","link":"https:\/\/www.pellens-hortensien.de\/en\/product-en\/dark-angel-lila\/","title":{"rendered":"Dark Angel lila"},"content":{"rendered":"<p>Wuchs: Medium<br \/>\nBl\u00fcte: lila Tellerhortensie<br \/>\n(erh\u00e4ltlich auch in rot)<br \/>\nBesonderheit: dunkel-rotgr\u00fcne Bl\u00e4tter mit markanten Blattadern<br \/>\nEndh\u00f6he: 1 bis 1,5 Meter<\/p>\n<p>Start: KW 2<br \/>\nTreibdauer: ca. 10 Wochen<br \/>\n<strong>Auch f\u00fcr Containerproduktion.<\/strong><\/p>\n","protected":false},"excerpt":{"rendered":"<p>Wuchs: Medium Bl\u00fcte: lila Tellerhortensie (erh\u00e4ltlich auch in rot) Besonderheit: dunkel-rotgr\u00fcne Bl\u00e4tter mit markanten Blattadern Endh\u00f6he: 1 bis 1,5 Meter Start: KW 2 Treibdauer: ca. 10 &hellip; <a href=\"https:\/\/www.pellens-hortensien.de\/en\/product-en\/dark-angel-lila\/\">Read More<\/a><\/p>\n","protected":false},"featured_media":13461,"template":"","meta":{"kt_blocks_editor_width":"","_kad_blocks_custom_css":"","_kad_blocks_head_custom_js":"","_kad_blocks_body_custom_js":"","_kad_blocks_footer_custom_js":""},"product_brand":[],"product_cat":[29,25],"product_tag":[1412,43,1391,1458,1454,1455,1428,1475,1387,739,754,740,1492,164,741,744,45,1416],"class_list":{"0":"post-13395","1":"product","2":"type-product","3":"status-publish","4":"has-post-thumbnail","6":"product_cat-special","7":"product_cat-blau","8":"product_tag-bauernhortensie","9":"product_tag-blau","10":"product_tag-blue-2","11":"product_tag-dark-purple","12":"product_tag-dunkel-lila","13":"product_tag-dunkellila","14":"product_tag-dunkle-blaetter","15":"product_tag-dunkles-laub","16":"product_tag-hortensia","17":"product_tag-hortensie","18":"product_tag-hortensiensorten","19":"product_tag-hydrangea","20":"product_tag-lacecap","21":"product_tag-lila","22":"product_tag-macrophylla","23":"product_tag-pellens","24":"product_tag-special","25":"product_tag-tellerhortensie","26":"pa_produktform-c-20-20","27":"pa_produktform-c-3-9","28":"pa_produktform-c-47-30","29":"pa_produktform-c-5-12","30":"pa_produktform-t-14-5","31":"pa_produktform-t-14-7","32":"pa_verwendung-verwendung-baumschulpflanze","33":"pa_verwendung-verwendung-zimmerpflanze","34":"pa_wuchs-wuchs-medium","36":"first","37":"instock","38":"taxable","39":"shipping-taxable","40":"purchasable","41":"product-type-variable"},"yoast_head":"<!-- This site is optimized with the Yoast SEO plugin v27.5 - https:\/\/yoast.com\/product\/yoast-seo-wordpress\/ -->\n<title>Dark Angel lila - Pellens Hortensien<\/title>\n<meta name=\"description\" content=\"Dark Angel lila ist eine Tellerhortensie, die durch ihre dunklen Bl\u00e4tter und kr\u00e4ftig lila Bl\u00fcten auff\u00e4llt. Bauernhortensie (Hydrangea macrophylla).\" \/>\n<meta name=\"robots\" content=\"index, follow, max-snippet:-1, max-image-preview:large, max-video-preview:-1\" \/>\n<link rel=\"canonical\" href=\"https:\/\/www.pellens-hortensien.de\/en\/product-en\/dark-angel-lila\/\" \/>\n<meta name=\"twitter:label1\" content=\"Est. reading time\" \/>\n\t<meta name=\"twitter:data1\" content=\"1 minute\" \/>\n<script type=\"application\/ld+json\" class=\"yoast-schema-graph\">{\"@context\":\"https:\\\/\\\/schema.org\",\"@graph\":[{\"@type\":\"WebPage\",\"@id\":\"https:\\\/\\\/www.pellens-hortensien.de\\\/en\\\/product-en\\\/dark-angel-lila\\\/\",\"url\":\"https:\\\/\\\/www.pellens-hortensien.de\\\/en\\\/product-en\\\/dark-angel-lila\\\/\",\"name\":\"Dark Angel lila - Pellens Hortensien\",\"isPartOf\":{\"@id\":\"https:\\\/\\\/www.pellens-hortensien.de\\\/en\\\/#website\"},\"primaryImageOfPage\":{\"@id\":\"https:\\\/\\\/www.pellens-hortensien.de\\\/en\\\/product-en\\\/dark-angel-lila\\\/#primaryimage\"},\"image\":{\"@id\":\"https:\\\/\\\/www.pellens-hortensien.de\\\/en\\\/product-en\\\/dark-angel-lila\\\/#primaryimage\"},\"thumbnailUrl\":\"https:\\\/\\\/www.pellens-hortensien.de\\\/wp-content\\\/uploads\\\/2020\\\/01\\\/hort-sonder-dark-angel-lila-oben.png\",\"datePublished\":\"2020-01-16T09:26:46+00:00\",\"dateModified\":\"2024-07-02T10:30:10+00:00\",\"description\":\"Dark Angel lila ist eine Tellerhortensie, die durch ihre dunklen Bl\u00e4tter und kr\u00e4ftig lila Bl\u00fcten auff\u00e4llt. Bauernhortensie (Hydrangea macrophylla).\",\"breadcrumb\":{\"@id\":\"https:\\\/\\\/www.pellens-hortensien.de\\\/en\\\/product-en\\\/dark-angel-lila\\\/#breadcrumb\"},\"inLanguage\":\"en-US\",\"potentialAction\":[{\"@type\":\"ReadAction\",\"target\":[\"https:\\\/\\\/www.pellens-hortensien.de\\\/en\\\/product-en\\\/dark-angel-lila\\\/\"]}]},{\"@type\":\"ImageObject\",\"inLanguage\":\"en-US\",\"@id\":\"https:\\\/\\\/www.pellens-hortensien.de\\\/en\\\/product-en\\\/dark-angel-lila\\\/#primaryimage\",\"url\":\"https:\\\/\\\/www.pellens-hortensien.de\\\/wp-content\\\/uploads\\\/2020\\\/01\\\/hort-sonder-dark-angel-lila-oben.png\",\"contentUrl\":\"https:\\\/\\\/www.pellens-hortensien.de\\\/wp-content\\\/uploads\\\/2020\\\/01\\\/hort-sonder-dark-angel-lila-oben.png\",\"width\":600,\"height\":600,\"caption\":\"Dark Angel lila\"},{\"@type\":\"BreadcrumbList\",\"@id\":\"https:\\\/\\\/www.pellens-hortensien.de\\\/en\\\/product-en\\\/dark-angel-lila\\\/#breadcrumb\",\"itemListElement\":[{\"@type\":\"ListItem\",\"position\":1,\"name\":\"Home\",\"item\":\"https:\\\/\\\/www.pellens-hortensien.de\\\/en\\\/\"},{\"@type\":\"ListItem\",\"position\":2,\"name\":\"Interaktive Sortimentsliste\",\"item\":\"https:\\\/\\\/www.pellens-hortensien.de\\\/sortiment-interaktiv\\\/\"},{\"@type\":\"ListItem\",\"position\":3,\"name\":\"Dark Angel lila\"}]},{\"@type\":\"WebSite\",\"@id\":\"https:\\\/\\\/www.pellens-hortensien.de\\\/en\\\/#website\",\"url\":\"https:\\\/\\\/www.pellens-hortensien.de\\\/en\\\/\",\"name\":\"Pellens Hortensien\",\"description\":\"Ihr Hortensienspezialist vom Niederrhein\",\"publisher\":{\"@id\":\"https:\\\/\\\/www.pellens-hortensien.de\\\/en\\\/#organization\"},\"potentialAction\":[{\"@type\":\"SearchAction\",\"target\":{\"@type\":\"EntryPoint\",\"urlTemplate\":\"https:\\\/\\\/www.pellens-hortensien.de\\\/en\\\/?s={search_term_string}\"},\"query-input\":{\"@type\":\"PropertyValueSpecification\",\"valueRequired\":true,\"valueName\":\"search_term_string\"}}],\"inLanguage\":\"en-US\"},{\"@type\":\"Organization\",\"@id\":\"https:\\\/\\\/www.pellens-hortensien.de\\\/en\\\/#organization\",\"name\":\"Pellens GmbH\",\"url\":\"https:\\\/\\\/www.pellens-hortensien.de\\\/en\\\/\",\"logo\":{\"@type\":\"ImageObject\",\"inLanguage\":\"en-US\",\"@id\":\"https:\\\/\\\/www.pellens-hortensien.de\\\/en\\\/#\\\/schema\\\/logo\\\/image\\\/\",\"url\":\"https:\\\/\\\/www.pellens-hortensien.de\\\/wp-content\\\/uploads\\\/2015\\\/11\\\/logo_pellens_690_200.png\",\"contentUrl\":\"https:\\\/\\\/www.pellens-hortensien.de\\\/wp-content\\\/uploads\\\/2015\\\/11\\\/logo_pellens_690_200.png\",\"width\":690,\"height\":200,\"caption\":\"Pellens GmbH\"},\"image\":{\"@id\":\"https:\\\/\\\/www.pellens-hortensien.de\\\/en\\\/#\\\/schema\\\/logo\\\/image\\\/\"},\"sameAs\":[\"https:\\\/\\\/www.facebook.com\\\/Hortensia4U\\\/\",\"https:\\\/\\\/x.com\\\/Hortensia4U\",\"https:\\\/\\\/www.instagram.com\\\/Hortensia4U\\\/\",\"https:\\\/\\\/www.youtube.com\\\/user\\\/Hortensia4U\"]}]}<\/script>\n<!-- \/ Yoast SEO plugin. -->","yoast_head_json":{"title":"Dark Angel lila - Pellens Hortensien","description":"Dark Angel lila ist eine Tellerhortensie, die durch ihre dunklen Bl\u00e4tter und kr\u00e4ftig lila Bl\u00fcten auff\u00e4llt. Bauernhortensie (Hydrangea macrophylla).","robots":{"index":"index","follow":"follow","max-snippet":"max-snippet:-1","max-image-preview":"max-image-preview:large","max-video-preview":"max-video-preview:-1"},"canonical":"https:\/\/www.pellens-hortensien.de\/en\/product-en\/dark-angel-lila\/","twitter_misc":{"Est. reading time":"1 minute"},"schema":{"@context":"https:\/\/schema.org","@graph":[{"@type":"WebPage","@id":"https:\/\/www.pellens-hortensien.de\/en\/product-en\/dark-angel-lila\/","url":"https:\/\/www.pellens-hortensien.de\/en\/product-en\/dark-angel-lila\/","name":"Dark Angel lila - Pellens Hortensien","isPartOf":{"@id":"https:\/\/www.pellens-hortensien.de\/en\/#website"},"primaryImageOfPage":{"@id":"https:\/\/www.pellens-hortensien.de\/en\/product-en\/dark-angel-lila\/#primaryimage"},"image":{"@id":"https:\/\/www.pellens-hortensien.de\/en\/product-en\/dark-angel-lila\/#primaryimage"},"thumbnailUrl":"https:\/\/www.pellens-hortensien.de\/wp-content\/uploads\/2020\/01\/hort-sonder-dark-angel-lila-oben.png","datePublished":"2020-01-16T09:26:46+00:00","dateModified":"2024-07-02T10:30:10+00:00","description":"Dark Angel lila ist eine Tellerhortensie, die durch ihre dunklen Bl\u00e4tter und kr\u00e4ftig lila Bl\u00fcten auff\u00e4llt. Bauernhortensie (Hydrangea macrophylla).","breadcrumb":{"@id":"https:\/\/www.pellens-hortensien.de\/en\/product-en\/dark-angel-lila\/#breadcrumb"},"inLanguage":"en-US","potentialAction":[{"@type":"ReadAction","target":["https:\/\/www.pellens-hortensien.de\/en\/product-en\/dark-angel-lila\/"]}]},{"@type":"ImageObject","inLanguage":"en-US","@id":"https:\/\/www.pellens-hortensien.de\/en\/product-en\/dark-angel-lila\/#primaryimage","url":"https:\/\/www.pellens-hortensien.de\/wp-content\/uploads\/2020\/01\/hort-sonder-dark-angel-lila-oben.png","contentUrl":"https:\/\/www.pellens-hortensien.de\/wp-content\/uploads\/2020\/01\/hort-sonder-dark-angel-lila-oben.png","width":600,"height":600,"caption":"Dark Angel lila"},{"@type":"BreadcrumbList","@id":"https:\/\/www.pellens-hortensien.de\/en\/product-en\/dark-angel-lila\/#breadcrumb","itemListElement":[{"@type":"ListItem","position":1,"name":"Home","item":"https:\/\/www.pellens-hortensien.de\/en\/"},{"@type":"ListItem","position":2,"name":"Interaktive Sortimentsliste","item":"https:\/\/www.pellens-hortensien.de\/sortiment-interaktiv\/"},{"@type":"ListItem","position":3,"name":"Dark Angel lila"}]},{"@type":"WebSite","@id":"https:\/\/www.pellens-hortensien.de\/en\/#website","url":"https:\/\/www.pellens-hortensien.de\/en\/","name":"Pellens Hortensien","description":"Ihr Hortensienspezialist vom Niederrhein","publisher":{"@id":"https:\/\/www.pellens-hortensien.de\/en\/#organization"},"potentialAction":[{"@type":"SearchAction","target":{"@type":"EntryPoint","urlTemplate":"https:\/\/www.pellens-hortensien.de\/en\/?s={search_term_string}"},"query-input":{"@type":"PropertyValueSpecification","valueRequired":true,"valueName":"search_term_string"}}],"inLanguage":"en-US"},{"@type":"Organization","@id":"https:\/\/www.pellens-hortensien.de\/en\/#organization","name":"Pellens GmbH","url":"https:\/\/www.pellens-hortensien.de\/en\/","logo":{"@type":"ImageObject","inLanguage":"en-US","@id":"https:\/\/www.pellens-hortensien.de\/en\/#\/schema\/logo\/image\/","url":"https:\/\/www.pellens-hortensien.de\/wp-content\/uploads\/2015\/11\/logo_pellens_690_200.png","contentUrl":"https:\/\/www.pellens-hortensien.de\/wp-content\/uploads\/2015\/11\/logo_pellens_690_200.png","width":690,"height":200,"caption":"Pellens GmbH"},"image":{"@id":"https:\/\/www.pellens-hortensien.de\/en\/#\/schema\/logo\/image\/"},"sameAs":["https:\/\/www.facebook.com\/Hortensia4U\/","https:\/\/x.com\/Hortensia4U","https:\/\/www.instagram.com\/Hortensia4U\/","https:\/\/www.youtube.com\/user\/Hortensia4U"]}]}},"taxonomy_info":{"product_cat":[{"value":29,"label":"Besondere Sorten"},{"value":25,"label":"Blaue Sorten"}],"product_tag":[{"value":1412,"label":"Bauernhortensie"},{"value":43,"label":"Blau"},{"value":1391,"label":"Blue"},{"value":1458,"label":"dark purple"},{"value":1454,"label":"dunkel-lila"},{"value":1455,"label":"dunkellila"},{"value":1428,"label":"dunkle Bl\u00e4tter"},{"value":1475,"label":"dunkles Laub"},{"value":1387,"label":"Hortensia"},{"value":739,"label":"Hortensie"},{"value":754,"label":"Hortensiensorten"},{"value":740,"label":"Hydrangea"},{"value":1492,"label":"lacecap"},{"value":164,"label":"Lila"},{"value":741,"label":"macrophylla"},{"value":744,"label":"Pellens"},{"value":45,"label":"Special"},{"value":1416,"label":"Tellerhortensie"}],"pa_produktform":[{"value":37,"label":"C-20\/ 20+ (15 Stk. per CC)"},{"value":35,"label":"C-3\/ 9+ (126 Stk. per CC)"},{"value":38,"label":"C-47\/ 30+ (4 Stk. per CC)"},{"value":36,"label":"C-5\/ 12+ (85 Stk. per CC)"},{"value":33,"label":"T-14\/ 5+ (320 Stk. per CC)"},{"value":34,"label":"T-14\/ 7+ (320 Stk. per CC)"}],"pa_verwendung":[{"value":1218,"label":"Optimal als Baumschulpflanze"},{"value":1217,"label":"Optimal als Zimmerpflanze"}],"pa_wuchs":[{"value":1215,"label":"Wuchs medium"}]},"featured_image_src_large":["https:\/\/www.pellens-hortensien.de\/wp-content\/uploads\/2020\/01\/hort-sonder-dark-angel-lila-oben.png",600,600,false],"author_info":[],"comment_info":"","_links":{"self":[{"href":"https:\/\/www.pellens-hortensien.de\/en\/wp-json\/wp\/v2\/product\/13395","targetHints":{"allow":["GET"]}}],"collection":[{"href":"https:\/\/www.pellens-hortensien.de\/en\/wp-json\/wp\/v2\/product"}],"about":[{"href":"https:\/\/www.pellens-hortensien.de\/en\/wp-json\/wp\/v2\/types\/product"}],"wp:featuredmedia":[{"embeddable":true,"href":"https:\/\/www.pellens-hortensien.de\/en\/wp-json\/wp\/v2\/media\/13461"}],"wp:attachment":[{"href":"https:\/\/www.pellens-hortensien.de\/en\/wp-json\/wp\/v2\/media?parent=13395"}],"wp:term":[{"taxonomy":"product_brand","embeddable":true,"href":"https:\/\/www.pellens-hortensien.de\/en\/wp-json\/wp\/v2\/product_brand?post=13395"},{"taxonomy":"product_cat","embeddable":true,"href":"https:\/\/www.pellens-hortensien.de\/en\/wp-json\/wp\/v2\/product_cat?post=13395"},{"taxonomy":"product_tag","embeddable":true,"href":"https:\/\/www.pellens-hortensien.de\/en\/wp-json\/wp\/v2\/product_tag?post=13395"}],"curies":[{"name":"wp","href":"https:\/\/api.w.org\/{rel}","templated":true}]}}